{"id":158126,"date":"2025-12-18T23:52:10","date_gmt":"2025-12-18T20:52:10","guid":{"rendered":"https:\/\/baldumarket.lt\/product\/szafka-kuchenna-dolna-zabudowa-kuchenki-d60zk-sycylia-andersen\/"},"modified":"2026-02-06T12:47:03","modified_gmt":"2026-02-06T09:47:03","slug":"szafka-kuchenna-dolna-zabudowa-kuchenki-d60zk-sycylia-andersen","status":"publish","type":"product","link":"https:\/\/baldumarket.lt\/lt\/product\/szafka-kuchenna-dolna-zabudowa-kuchenki-d60zk-sycylia-andersen\/","title":{"rendered":"Apatin\u0117 virtuv\u0117s spintel\u0117 viryklei D60ZK Sicily Andersen"},"content":{"rendered":"<p>Elegancija ir funkcionalumas susitinka \u201eGa\u0142a Meble\u201c apatin\u0117je virtuv\u0117s spintel\u0117je \u201eAndersen Sycylia\u201c. \u0160is rafinuotas virtuv\u0117s baldas stilingu \u201eAndersen\u201c pu\u0161ies ir matin\u0117s baltos spalvos deriniu \u012fne\u0161a gaivos \u012f j\u016bs\u0173 interjer\u0105. 60 cm plo\u010dio spintel\u0117 lengvai prisitaiko prie \u012fvairi\u0173 interjero dizain\u0173 ir yra prakti\u0161kas sprendimas bet kuriai virtuv\u0117s erdvei.<\/p>\n<p>\u201eAndersen Sycylia\u201c \u012fk\u016bnija moderni\u0105 estetik\u0105, kuri patenkins net ir i\u0161rankiausius estetus. Priekin\u0117 dalis, pagaminta i\u0161 tvirtos MDF plok\u0161t\u0117s i\u0161 \u201eAndersen\u201c pu\u0161ies, suteikia \u0161ilumos, sukuria jauki\u0105 atmosfer\u0105, kuri skatina leisti laik\u0105 virtuv\u0117je. \u0160i \u017eemesn\u0117 virtuv\u0117s spintel\u0117 yra puikus pasirinkimas tiems, kurie vertina ir stili\u0173, ir funkcionalum\u0105.<\/p>\n<p>Prakti\u0161kumas yra pagrindinis \u0161ios spintel\u0117s privalumas. Laminuotos plok\u0161t\u0117s konstrukcija garantuoja patvarum\u0105 ir atsparum\u0105 kasdieniam naudojimui, tod\u0117l tai puikus j\u016bs\u0173 virykl\u0117s pagrindas. Galimyb\u0117 j\u0105 surinkti patiems yra papildomas privalumas tiems, kurie vertina galimyb\u0119 suasmeninti ir greitai integruoti naujus baldus \u012f savo erdv\u0119.<\/p>\n<p>Naudotojo patogumui spintel\u0117 turi eleganti\u0161kas sidabrines plastikines rankenas, kurios subtiliai pabr\u0117\u017eia jos moderni\u0105 i\u0161vaizd\u0105. \u0160is elementas ne tik palengvina atidarym\u0105, bet ir suteikia spintelei charakterio. Jei ie\u0161kote bald\u0173, kurie derint\u0173 estetik\u0105 ir funkcionalum\u0105, apatin\u0117 virtuv\u0117s spintel\u0117 \u201eAndersen Sycylia\u201c bus puikus pasirinkimas j\u016bs\u0173 virtuvei.<\/p>","protected":false},"excerpt":{"rendered":"<p>Plotis (cm): 60<br \/>\n\u016agis (cm): 82<br \/>\nGylis (cm): 52<\/p>","protected":false},"featured_media":158127,"comment_status":"open","ping_status":"open","template":"","meta":[],"product_brand":[],"product_cat":[9440,9441,4106,9118],"product_tag":[],"class_list":{"0":"post-158126","1":"product","2":"type-product","3":"status-publish","4":"has-post-thumbnail","6":"product_cat-kitchen-system-sycylia-sosna-andersen","7":"product_cat-white","8":"product_cat-gala-meble","9":"product_cat-kitchen-cabinets","11":"first","12":"instock","13":"purchasable","14":"product-type-simple"},"_links":{"self":[{"href":"https:\/\/baldumarket.lt\/lt\/wp-json\/wp\/v2\/product\/158126","targetHints":{"allow":["GET"]}}],"collection":[{"href":"https:\/\/baldumarket.lt\/lt\/wp-json\/wp\/v2\/product"}],"about":[{"href":"https:\/\/baldumarket.lt\/lt\/wp-json\/wp\/v2\/types\/product"}],"replies":[{"embeddable":true,"href":"https:\/\/baldumarket.lt\/lt\/wp-json\/wp\/v2\/comments?post=158126"}],"wp:featuredmedia":[{"embeddable":true,"href":"https:\/\/baldumarket.lt\/lt\/wp-json\/wp\/v2\/media\/158127"}],"wp:attachment":[{"href":"https:\/\/baldumarket.lt\/lt\/wp-json\/wp\/v2\/media?parent=158126"}],"wp:term":[{"taxonomy":"product_brand","embeddable":true,"href":"https:\/\/baldumarket.lt\/lt\/wp-json\/wp\/v2\/product_brand?post=158126"},{"taxonomy":"product_cat","embeddable":true,"href":"https:\/\/baldumarket.lt\/lt\/wp-json\/wp\/v2\/product_cat?post=158126"},{"taxonomy":"product_tag","embeddable":true,"href":"https:\/\/baldumarket.lt\/lt\/wp-json\/wp\/v2\/product_tag?post=158126"}],"curies":[{"name":"wp","href":"https:\/\/api.w.org\/{rel}","templated":true}]}}