{"id":158121,"date":"2025-12-18T23:52:00","date_gmt":"2025-12-18T20:52:00","guid":{"rendered":"https:\/\/baldumarket.lt\/product\/szafka-kuchenna-dolna-zabudowa-kuchenki-d60zk-sycylia-orzech\/"},"modified":"2026-02-06T14:32:53","modified_gmt":"2026-02-06T11:32:53","slug":"szafka-kuchenna-dolna-zabudowa-kuchenki-d60zk-sycylia-orzech","status":"publish","type":"product","link":"https:\/\/baldumarket.lt\/lt\/product\/szafka-kuchenna-dolna-zabudowa-kuchenki-d60zk-sycylia-orzech\/","title":{"rendered":"Apatin\u0117 virtuv\u0117s spintel\u0117 D60ZK Sicily Walnut"},"content":{"rendered":"<p>Paverskite savo virtuv\u0119 stilinga ir funkcionalia erdve su garsaus \u201eGa\u0142a Meble\u201c prek\u0117s \u017eenklo D60ZK Sicily Walnut virtuv\u0117s spintele. \u0160is eleganti\u0161kas baldas \u2013 tobulas klasikos ir modernumo derinys, puikiai tinkantis tiems, kurie vertina nesenstant\u012f dizain\u0105. \u0160iltas Milano Walnut atspalvis puikiai dera su \u012fvairiais virtuv\u0117s dizainais, suteikdamas jaukumo ir elegancijos. Kuo \u0161i spintel\u0117 i\u0161siskiria i\u0161 kit\u0173? Svarbiausia, kad kruop\u0161\u010diai suprojektuota konstrukcija leid\u017eia j\u0105 skland\u017eiai integruoti su virykle. Pagaminta i\u0161 auk\u0161tos kokyb\u0117s MDF ir laminuotos plok\u0161t\u0117s, ji yra patvari ir atspari kasdieniam naudojimui. \u0160is sprendimas skirtas tiems, kurie ie\u0161ko tvirt\u0173 bald\u0173, kurie tarnaus savo paskirt\u012f daugel\u012f met\u0173, i\u0161laikydami originali\u0105 i\u0161vaizd\u0105. Eleganti\u0161ka sidabrin\u0117 plastikin\u0117 rankena ne tik palengvina spintel\u0117s atidarym\u0105, bet ir suteikia modernumo, nepakenkiant bendram subtiliam \u017eavesiui. Kitas privalumas \u2013 galimyb\u0117 j\u0105 surinkti patiems, o tai ne tik taupo pinigus, bet ir suteikia pasitenkinim\u0105 kuriant savo virtuv\u0117s erdv\u0119. D\u0117l didelio spintel\u0117s funkcionalumo ji idealiai tinka bet kokio dyd\u017eio virtuv\u0117ms, si\u016blydama prakti\u0161kus daikt\u0173 laikymo sprendimus.<\/p>","protected":false},"excerpt":{"rendered":"<p>Plotis (cm): 60<br \/>\n\u016agis (cm): 82<br \/>\nGylis (cm): 52<\/p>","protected":false},"featured_media":158122,"comment_status":"open","ping_status":"open","template":"","meta":[],"product_brand":[],"product_cat":[9450,4106,9118],"product_tag":[],"class_list":{"0":"post-158121","1":"product","2":"type-product","3":"status-publish","4":"has-post-thumbnail","6":"product_cat-kitchen-system-sycylia-orzech-milano","7":"product_cat-gala-meble","8":"product_cat-kitchen-cabinets","10":"first","11":"instock","12":"purchasable","13":"product-type-simple"},"_links":{"self":[{"href":"https:\/\/baldumarket.lt\/lt\/wp-json\/wp\/v2\/product\/158121","targetHints":{"allow":["GET"]}}],"collection":[{"href":"https:\/\/baldumarket.lt\/lt\/wp-json\/wp\/v2\/product"}],"about":[{"href":"https:\/\/baldumarket.lt\/lt\/wp-json\/wp\/v2\/types\/product"}],"replies":[{"embeddable":true,"href":"https:\/\/baldumarket.lt\/lt\/wp-json\/wp\/v2\/comments?post=158121"}],"wp:featuredmedia":[{"embeddable":true,"href":"https:\/\/baldumarket.lt\/lt\/wp-json\/wp\/v2\/media\/158122"}],"wp:attachment":[{"href":"https:\/\/baldumarket.lt\/lt\/wp-json\/wp\/v2\/media?parent=158121"}],"wp:term":[{"taxonomy":"product_brand","embeddable":true,"href":"https:\/\/baldumarket.lt\/lt\/wp-json\/wp\/v2\/product_brand?post=158121"},{"taxonomy":"product_cat","embeddable":true,"href":"https:\/\/baldumarket.lt\/lt\/wp-json\/wp\/v2\/product_cat?post=158121"},{"taxonomy":"product_tag","embeddable":true,"href":"https:\/\/baldumarket.lt\/lt\/wp-json\/wp\/v2\/product_tag?post=158121"}],"curies":[{"name":"wp","href":"https:\/\/api.w.org\/{rel}","templated":true}]}}