{"id":158116,"date":"2025-12-18T23:51:50","date_gmt":"2025-12-18T20:51:50","guid":{"rendered":"https:\/\/baldumarket.lt\/product\/szafka-kuchenna-dolna-zabudowa-lodowki-2d-sorento-d60zln-p-l-baltic-storm\/"},"modified":"2026-02-18T11:10:19","modified_gmt":"2026-02-18T08:10:19","slug":"szafka-kuchenna-dolna-zabudowa-lodowki-2d-sorento-d60zln-p-l-baltic-storm","status":"publish","type":"product","link":"https:\/\/baldumarket.lt\/lt\/product\/szafka-kuchenna-dolna-zabudowa-lodowki-2d-sorento-d60zln-p-l-baltic-storm\/","title":{"rendered":"Apatin\u0117 virtuv\u0117s spintel\u0117 \u0161aldytuvui 2D Sorento D60ZLN P\/L Baltic Storm"},"content":{"rendered":"<p>Suteikite savo virtuvei modernumo su \u201eSorento D60ZLN 2-D\u201c \u0161aldytuvo pagrindine spintele. Unikali \u201eBaltic Storm\u201c spalva suteikia elegancijos ir stiliaus, kuris dera prie bet kokio interjero. Tai puikus sprendimas tiems, kurie nori suderinti estetik\u0105 ir funkcionalum\u0105 viename, sukurdami erdv\u0119, kurioje maisto gaminimas tampa tikru malonumu. \u0160i spintel\u0117 pasi\u017eymi tvirta laminuota lenta, atsparia kasdieniams pa\u017eeidimams, tod\u0117l puikiai tinka naudoti daugel\u012f met\u0173. 247 cm auk\u0161tis leid\u017eia optimaliai i\u0161naudoti erdv\u0119, o 58 cm gylis \u2013 pakankamai vietos i\u0161maniam daikt\u0173 laikymui. D\u0117l gerai apgalvot\u0173, reguliuojamo auk\u0161\u010dio kojeli\u0173 galite puikiai pritaikyti spintel\u0119 pagal savo poreikius, tod\u0117l ji tampa dar universalesn\u0117. Be estetinio patrauklumo, \u0161i \u201eClip-On\u201c spintel\u0117 su \u0161velnaus u\u017edarymo mechanizmu suteikia kasdienio patogumo. Juoda metalin\u0117 rankena suteikia modernumo, ta\u010diau i\u0161lieka funkcionali ir lengvai naudojama. Viduje yra viena lentyna, kuri visi\u0161kai i\u0161naudoja erdv\u0119 ir leid\u017eia laikyti ne tik \u0161aldytuv\u0105, bet ir kitus b\u016btinus virtuv\u0117s reikmenis.<\/p>","protected":false},"excerpt":{"rendered":"<p>Plotis (cm): 60<br \/>\n\u016agis (cm): 247<br \/>\nGylis (cm): 58<\/p>","protected":false},"featured_media":158117,"comment_status":"open","ping_status":"open","template":"","meta":[],"product_brand":[],"product_cat":[9436,4106],"product_tag":[],"class_list":{"0":"post-158116","1":"product","2":"type-product","3":"status-publish","4":"has-post-thumbnail","6":"product_cat-kitchen-system-sorento","7":"product_cat-gala-meble","9":"first","10":"instock","11":"purchasable","12":"product-type-simple"},"_links":{"self":[{"href":"https:\/\/baldumarket.lt\/lt\/wp-json\/wp\/v2\/product\/158116","targetHints":{"allow":["GET"]}}],"collection":[{"href":"https:\/\/baldumarket.lt\/lt\/wp-json\/wp\/v2\/product"}],"about":[{"href":"https:\/\/baldumarket.lt\/lt\/wp-json\/wp\/v2\/types\/product"}],"replies":[{"embeddable":true,"href":"https:\/\/baldumarket.lt\/lt\/wp-json\/wp\/v2\/comments?post=158116"}],"wp:featuredmedia":[{"embeddable":true,"href":"https:\/\/baldumarket.lt\/lt\/wp-json\/wp\/v2\/media\/158117"}],"wp:attachment":[{"href":"https:\/\/baldumarket.lt\/lt\/wp-json\/wp\/v2\/media?parent=158116"}],"wp:term":[{"taxonomy":"product_brand","embeddable":true,"href":"https:\/\/baldumarket.lt\/lt\/wp-json\/wp\/v2\/product_brand?post=158116"},{"taxonomy":"product_cat","embeddable":true,"href":"https:\/\/baldumarket.lt\/lt\/wp-json\/wp\/v2\/product_cat?post=158116"},{"taxonomy":"product_tag","embeddable":true,"href":"https:\/\/baldumarket.lt\/lt\/wp-json\/wp\/v2\/product_tag?post=158116"}],"curies":[{"name":"wp","href":"https:\/\/api.w.org\/{rel}","templated":true}]}}