{"id":158111,"date":"2025-12-18T23:51:40","date_gmt":"2025-12-18T20:51:40","guid":{"rendered":"https:\/\/baldumarket.lt\/product\/szafka-kuchenna-dolna-zabudowa-lodowki-d60zl-p-l-langen-beige\/"},"modified":"2026-02-18T11:25:44","modified_gmt":"2026-02-18T08:25:44","slug":"szafka-kuchenna-dolna-zabudowa-lodowki-d60zl-p-l-langen-beige","status":"publish","type":"product","link":"https:\/\/baldumarket.lt\/lt\/product\/szafka-kuchenna-dolna-zabudowa-lodowki-d60zl-p-l-langen-beige\/","title":{"rendered":"Apatin\u0117 virtuv\u0117s spintel\u0117 \u0161aldytuvas D60ZL P\/L Langen Beige"},"content":{"rendered":"<p>Atnaujinkite savo virtuv\u0119 eleganti\u0161ku akcentu: rafinuotos sm\u0117lio spalvos \u2019Langen\u201c \u0161aldytuvo apatin\u0117 spintel\u0117. \u201eGa\u0142a Meble\u201c dar kart\u0105 \u012frodo, kad dizaineri\u0173 vaizduot\u0117 ne\u017eino rib\u0173. \u0160i spintel\u0117 derina modern\u0173 stili\u0173 su klasikin\u0117s elegancijos prisilietimu, tod\u0117l puikiai tinka bet kuriai virtuvei ir suteikia jai unikal\u0173 charakter\u012f. \u0160iltas \u201eArtisan Oak\u201c atspalvis ant korpuso sukuria nat\u016bralios \u0161ilumos ir jaukumo atmosfer\u0105. Tamsaus metalo akcentai, tokie kaip subtilios ranken\u0117l\u0117s, suteikia modernumo, o matin\u0117s sm\u0117lio spalvos priekin\u0117 dalis, pagaminta i\u0161 auk\u0161tos kokyb\u0117s MDF, suteikia prabangos ir elegancijos poj\u016bt\u012f. \u0160ios apatin\u0117s spintel\u0117s prakti\u0161kumo negalima pervertinti. Ji bus idealus bet kurios virtuv\u0117s papildymas, suteikiantis vietos \u012fmontuojamam \u0161aldytuvui, i\u0161laikant vientis\u0105 dizain\u0105. Reguliuojamos kojel\u0117s leid\u017eia reguliuoti auk\u0161t\u012f pagal individualius poreikius, o tai ypa\u010d naudinga virtuv\u0117se, kuriose svarbiausia ergonomika ir paprastas naudojimas.<\/p>","protected":false},"excerpt":{"rendered":"<p>Plotis (cm): 60<br \/>\n\u016agis (cm): 212<br \/>\nGylis (cm): 58<\/p>","protected":false},"featured_media":158112,"comment_status":"open","ping_status":"open","template":"","meta":[],"product_brand":[],"product_cat":[9442,4106],"product_tag":[],"class_list":{"0":"post-158111","1":"product","2":"type-product","3":"status-publish","4":"has-post-thumbnail","6":"product_cat-kitchen-system-langen-dab-artisan","7":"product_cat-gala-meble","9":"first","10":"instock","11":"purchasable","12":"product-type-simple"},"_links":{"self":[{"href":"https:\/\/baldumarket.lt\/lt\/wp-json\/wp\/v2\/product\/158111","targetHints":{"allow":["GET"]}}],"collection":[{"href":"https:\/\/baldumarket.lt\/lt\/wp-json\/wp\/v2\/product"}],"about":[{"href":"https:\/\/baldumarket.lt\/lt\/wp-json\/wp\/v2\/types\/product"}],"replies":[{"embeddable":true,"href":"https:\/\/baldumarket.lt\/lt\/wp-json\/wp\/v2\/comments?post=158111"}],"wp:featuredmedia":[{"embeddable":true,"href":"https:\/\/baldumarket.lt\/lt\/wp-json\/wp\/v2\/media\/158112"}],"wp:attachment":[{"href":"https:\/\/baldumarket.lt\/lt\/wp-json\/wp\/v2\/media?parent=158111"}],"wp:term":[{"taxonomy":"product_brand","embeddable":true,"href":"https:\/\/baldumarket.lt\/lt\/wp-json\/wp\/v2\/product_brand?post=158111"},{"taxonomy":"product_cat","embeddable":true,"href":"https:\/\/baldumarket.lt\/lt\/wp-json\/wp\/v2\/product_cat?post=158111"},{"taxonomy":"product_tag","embeddable":true,"href":"https:\/\/baldumarket.lt\/lt\/wp-json\/wp\/v2\/product_tag?post=158111"}],"curies":[{"name":"wp","href":"https:\/\/api.w.org\/{rel}","templated":true}]}}