{"id":158106,"date":"2025-12-18T23:51:30","date_gmt":"2025-12-18T20:51:30","guid":{"rendered":"https:\/\/baldumarket.lt\/product\/szafka-kuchenna-dolna-zabudowa-lodowki-sorento-d60zln-p-l-puccini-green\/"},"modified":"2026-02-18T11:10:19","modified_gmt":"2026-02-18T08:10:19","slug":"szafka-kuchenna-dolna-zabudowa-lodowki-sorento-d60zln-p-l-puccini-green","status":"publish","type":"product","link":"https:\/\/baldumarket.lt\/lt\/product\/szafka-kuchenna-dolna-zabudowa-lodowki-sorento-d60zln-p-l-puccini-green\/","title":{"rendered":"Apatin\u0117 virtuv\u0117s spintel\u0117 \u0161aldytuvui Sorento D60ZLN P\/L Puccini Green"},"content":{"rendered":"<p>Atraskite nauj\u0105 kokyb\u0117s lyg\u012f savo virtuv\u0117je su po \u017eeme montuojama \u0161aldytuvo spintele \u201eSorento D60ZLN\u201c Puccini \u017ealios spalvos, sukurta garsaus \u201eGa\u0142a Meble\u201c prek\u0117s \u017eenklo. Eleganti\u0161ka \u017ealia spalva suteiks j\u016bs\u0173 interjerui unikalaus stiliaus, harmoningai derindama modern\u0173 dizain\u0105 su klasikiniu \u017eavesiu. \u0160i spintel\u0117 puikiai pary\u0161kins j\u016bs\u0173 virtuv\u0119, suteikdama jai gaivumo ir elegancijos. Ta\u010diau i\u0161skirtin\u0117 spintel\u0117s estetika n\u0117ra vienintelis jos privalumas. Funkcionalumas yra dar vienas aspektas, i\u0161skiriantis \u0161\u012f gamin\u012f. D\u0117l reguliuojam\u0173 kojeli\u0173 galite lengvai pritaikyti j\u0105 prie savo poreiki\u0173, u\u017etikrindami tobul\u0105 der\u0117jim\u0105 prie j\u016bs\u0173 interjero. 247 cm spintel\u0117s auk\u0161tis yra puikus pagrindas \u0161aldytuvui pastatyti, dar labiau pabr\u0117\u017eiant jos prakti\u0161kum\u0105. Tvirta konstrukcija yra dar vienas akcentas. Atsparios pa\u017eeidimams laminuotos plok\u0161t\u0117s priekin\u0117s dalys garantuoja ne tik ilgaam\u017ei\u0161kum\u0105, bet ir lengv\u0105 valym\u0105. Tylus \u201eClip-On\u201c vyri\u0173 u\u017edarymas leid\u017eia spintele naudotis itin patogiai ir patogiai, o priekin\u0117s dalys yra apsaugotos nuo mikropa\u017eeidim\u0173.<\/p>","protected":false},"excerpt":{"rendered":"<p>Plotis (cm): 60<br \/>\n\u016agis (cm): 247<br \/>\nGylis (cm): 58<\/p>","protected":false},"featured_media":158107,"comment_status":"open","ping_status":"open","template":"","meta":[],"product_brand":[],"product_cat":[9436,4106],"product_tag":[],"class_list":{"0":"post-158106","1":"product","2":"type-product","3":"status-publish","4":"has-post-thumbnail","6":"product_cat-kitchen-system-sorento","7":"product_cat-gala-meble","9":"first","10":"instock","11":"purchasable","12":"product-type-simple"},"_links":{"self":[{"href":"https:\/\/baldumarket.lt\/lt\/wp-json\/wp\/v2\/product\/158106","targetHints":{"allow":["GET"]}}],"collection":[{"href":"https:\/\/baldumarket.lt\/lt\/wp-json\/wp\/v2\/product"}],"about":[{"href":"https:\/\/baldumarket.lt\/lt\/wp-json\/wp\/v2\/types\/product"}],"replies":[{"embeddable":true,"href":"https:\/\/baldumarket.lt\/lt\/wp-json\/wp\/v2\/comments?post=158106"}],"wp:featuredmedia":[{"embeddable":true,"href":"https:\/\/baldumarket.lt\/lt\/wp-json\/wp\/v2\/media\/158107"}],"wp:attachment":[{"href":"https:\/\/baldumarket.lt\/lt\/wp-json\/wp\/v2\/media?parent=158106"}],"wp:term":[{"taxonomy":"product_brand","embeddable":true,"href":"https:\/\/baldumarket.lt\/lt\/wp-json\/wp\/v2\/product_brand?post=158106"},{"taxonomy":"product_cat","embeddable":true,"href":"https:\/\/baldumarket.lt\/lt\/wp-json\/wp\/v2\/product_cat?post=158106"},{"taxonomy":"product_tag","embeddable":true,"href":"https:\/\/baldumarket.lt\/lt\/wp-json\/wp\/v2\/product_tag?post=158106"}],"curies":[{"name":"wp","href":"https:\/\/api.w.org\/{rel}","templated":true}]}}