{"id":158100,"date":"2025-12-18T23:51:19","date_gmt":"2025-12-18T20:51:19","guid":{"rendered":"https:\/\/baldumarket.lt\/product\/szafka-kuchenna-dolna-zabudowa-piekarnika-2-drzwiowa-prawa-d60p-p-prowansja-sosna-andersen-bialy-mat\/"},"modified":"2026-02-06T13:08:41","modified_gmt":"2026-02-06T10:08:41","slug":"szafka-kuchenna-dolna-zabudowa-piekarnika-2-drzwiowa-prawa-d60p-p-prowansja-sosna-andersen-bialy-mat","status":"publish","type":"product","link":"https:\/\/baldumarket.lt\/lt\/product\/szafka-kuchenna-dolna-zabudowa-piekarnika-2-drzwiowa-prawa-d60p-p-prowansja-sosna-andersen-bialy-mat\/","title":{"rendered":"Apatin\u0117 virtuv\u0117s spintel\u0117 su orkaite, 2 dur\u0173, de\u0161inin\u0117, D60P-P, Provanso pu\u0161is, Anderseno balta matin\u0117 spalva"},"content":{"rendered":"<p>Atraskite elegancij\u0105 ir funkcionalum\u0105 viename su \u201eProvence\u201c kolekcijos \u012fmontuojama orkait\u0117s spintele. Unikalus dizainas derina klasikin\u012f stili\u0173 su moderniais sprendimais, suteikdamas j\u016bs\u0173 virtuvei pranc\u016bzi\u0161ko stiliaus prisilietim\u0105. \u0160is baldas yra ne tik prakti\u0161kas priedas, bet ir unikalus akcentas, suteiksiantis charakterio bet kuriam kambariui.<\/p>\n<p>Spintel\u0117s priekis apdailintas eleganti\u0161ka Anderseno pu\u0161imi, kuri puikiai dera su matin\u0117s baltos spalvos korpusu. \u0160i spalv\u0173 schema suteikia interjerui gaivumo ir erdv\u0117s poj\u016bt\u012f, suteikdama jaukumo ir lengvumo. Tai puikus sprendimas tiems, kurie vertina subtili\u0105 elegancij\u0105 ir harmoning\u0105 virtuv\u0117s i\u0161vaizd\u0105.<\/p>\n<p>Unikalus \u0161ios spintel\u0117s privalumas \u2013 jos funkcionalumas. Tai, be kita ko, lemia reguliuojamos kojel\u0117s, leid\u017eian\u010dios reguliuoti spintel\u0117s auk\u0161t\u012f pagal individualius poreikius. Be to, savaime u\u017esidarantys vyriai u\u017etikrina tyl\u0173 ir \u0161veln\u0173 u\u017edarym\u0105, taip padidindami kasdienio naudojimo komfort\u0105. Patogios juodos metalin\u0117s rankenos suteikia i\u0161skirtinumo ir pabr\u0117\u017eia modern\u0173 jos charakter\u012f.<\/p>\n<p>Nors spintel\u0119 reikia surinkti patiems, d\u0117l gerai apgalvoto dizaino j\u0105 surinkti galima greitai ir lengvai. Ji buvo sukurta galvojant apie reikliausius klientus, norin\u010dius \u012frengti savo virtuv\u0119 pagal naujausias tendencijas. Pasirinkdami \u0161i\u0105 spintel\u0119, renkat\u0117s kokyb\u0119 ir stili\u0173 i\u0161 garsaus \u201eGa\u0142a Meble\u201c prek\u0117s \u017eenklo.<\/p>","protected":false},"excerpt":{"rendered":"<p>Plotis (cm): 60<br \/>\n\u016agis (cm): 212<br \/>\nGylis (cm): 58<\/p>","protected":false},"featured_media":158101,"comment_status":"open","ping_status":"open","template":"","meta":[],"product_brand":[],"product_cat":[9444,9441,4106,9118],"product_tag":[],"class_list":{"0":"post-158100","1":"product","2":"type-product","3":"status-publish","4":"has-post-thumbnail","6":"product_cat-kitchen-system-prowansja-sosna-andersen","7":"product_cat-white","8":"product_cat-gala-meble","9":"product_cat-kitchen-cabinets","11":"first","12":"instock","13":"purchasable","14":"product-type-simple"},"_links":{"self":[{"href":"https:\/\/baldumarket.lt\/lt\/wp-json\/wp\/v2\/product\/158100","targetHints":{"allow":["GET"]}}],"collection":[{"href":"https:\/\/baldumarket.lt\/lt\/wp-json\/wp\/v2\/product"}],"about":[{"href":"https:\/\/baldumarket.lt\/lt\/wp-json\/wp\/v2\/types\/product"}],"replies":[{"embeddable":true,"href":"https:\/\/baldumarket.lt\/lt\/wp-json\/wp\/v2\/comments?post=158100"}],"wp:featuredmedia":[{"embeddable":true,"href":"https:\/\/baldumarket.lt\/lt\/wp-json\/wp\/v2\/media\/158101"}],"wp:attachment":[{"href":"https:\/\/baldumarket.lt\/lt\/wp-json\/wp\/v2\/media?parent=158100"}],"wp:term":[{"taxonomy":"product_brand","embeddable":true,"href":"https:\/\/baldumarket.lt\/lt\/wp-json\/wp\/v2\/product_brand?post=158100"},{"taxonomy":"product_cat","embeddable":true,"href":"https:\/\/baldumarket.lt\/lt\/wp-json\/wp\/v2\/product_cat?post=158100"},{"taxonomy":"product_tag","embeddable":true,"href":"https:\/\/baldumarket.lt\/lt\/wp-json\/wp\/v2\/product_tag?post=158100"}],"curies":[{"name":"wp","href":"https:\/\/api.w.org\/{rel}","templated":true}]}}