{"id":158095,"date":"2025-12-18T23:51:10","date_gmt":"2025-12-18T20:51:10","guid":{"rendered":"https:\/\/baldumarket.lt\/product\/szafka-kuchenna-dolna-zabudowa-piekarnika-2d-sorento-d60pwn-p-l-baltic-storm\/"},"modified":"2026-02-18T11:10:19","modified_gmt":"2026-02-18T08:10:19","slug":"szafka-kuchenna-dolna-zabudowa-piekarnika-2d-sorento-d60pwn-p-l-baltic-storm","status":"publish","type":"product","link":"https:\/\/baldumarket.lt\/lt\/product\/szafka-kuchenna-dolna-zabudowa-piekarnika-2d-sorento-d60pwn-p-l-baltic-storm\/","title":{"rendered":"Apatin\u0117 virtuv\u0117s spintel\u0117 su orkaite 2D Sorento D60PWN P\/L Baltic Storm"},"content":{"rendered":"<p>\u201eSorento D60PWN P\/L 2-D\u201c apatin\u0117 orkait\u0117s spintel\u0117 \u2013 puikus sprendimas tiems, kurie vertina virtuv\u0117s funkcionalum\u0105 ir estetik\u0105. Eleganti\u0161ka \u201eBaltic Storm\u201c apdaila suteikia virtuvei modernumo ir stiliaus. Minimalistinis dizainas puikiai tinka \u012fvairiems interjerams \u2013 nuo skandinavi\u0161ko iki pramoninio. 247 cm auk\u0161\u010dio spintel\u0117 si\u016blo patog\u0173 daikt\u0173 laikym\u0105 ir puikiai tinka orkaitei. 58 cm gylis ir 60 cm plotis sukuria erdv\u0119, kurioje kruop\u0161\u010diai apgalvota kiekviena detal\u0117. Be to, auk\u0161tos, 15 cm reguliuojamo auk\u0161\u010dio kojel\u0117s leid\u017eia spintelei puikiai priglusti prie grind\u0173, tod\u0117l ji ne tik esteti\u0161kai patraukli, bet ir funkcionali kasdieniam naudojimui. Ji pagaminta i\u0161 auk\u0161tos kokyb\u0117s, atsparios pa\u017eeidimams laminuotos plok\u0161t\u0117s, u\u017etikrinan\u010dios patvarum\u0105 ir lengv\u0105 valym\u0105. Klasikiniai u\u017esegami vyriai su \u0161velnaus u\u017edarymo mechanizmu u\u017etikrina skland\u0173 ir patog\u0173 jud\u0117jim\u0105. Be to, juoda metalin\u0117 rankena suteikia elegancijos ir modernumo.<\/p>","protected":false},"excerpt":{"rendered":"<p>Plotis (cm): 60<br \/>\n\u016agis (cm): 247<br \/>\nGylis (cm): 58<\/p>","protected":false},"featured_media":158096,"comment_status":"open","ping_status":"open","template":"","meta":[],"product_brand":[],"product_cat":[9436,4106],"product_tag":[],"class_list":{"0":"post-158095","1":"product","2":"type-product","3":"status-publish","4":"has-post-thumbnail","6":"product_cat-kitchen-system-sorento","7":"product_cat-gala-meble","9":"first","10":"instock","11":"purchasable","12":"product-type-simple"},"_links":{"self":[{"href":"https:\/\/baldumarket.lt\/lt\/wp-json\/wp\/v2\/product\/158095","targetHints":{"allow":["GET"]}}],"collection":[{"href":"https:\/\/baldumarket.lt\/lt\/wp-json\/wp\/v2\/product"}],"about":[{"href":"https:\/\/baldumarket.lt\/lt\/wp-json\/wp\/v2\/types\/product"}],"replies":[{"embeddable":true,"href":"https:\/\/baldumarket.lt\/lt\/wp-json\/wp\/v2\/comments?post=158095"}],"wp:featuredmedia":[{"embeddable":true,"href":"https:\/\/baldumarket.lt\/lt\/wp-json\/wp\/v2\/media\/158096"}],"wp:attachment":[{"href":"https:\/\/baldumarket.lt\/lt\/wp-json\/wp\/v2\/media?parent=158095"}],"wp:term":[{"taxonomy":"product_brand","embeddable":true,"href":"https:\/\/baldumarket.lt\/lt\/wp-json\/wp\/v2\/product_brand?post=158095"},{"taxonomy":"product_cat","embeddable":true,"href":"https:\/\/baldumarket.lt\/lt\/wp-json\/wp\/v2\/product_cat?post=158095"},{"taxonomy":"product_tag","embeddable":true,"href":"https:\/\/baldumarket.lt\/lt\/wp-json\/wp\/v2\/product_tag?post=158095"}],"curies":[{"name":"wp","href":"https:\/\/api.w.org\/{rel}","templated":true}]}}