{"id":158090,"date":"2025-12-18T23:51:00","date_gmt":"2025-12-18T20:51:00","guid":{"rendered":"https:\/\/baldumarket.lt\/product\/szafka-kuchenna-dolna-zabudowa-piekarnika-2d-sorento-d60pwn-p-l-puccini-green\/"},"modified":"2026-02-18T11:10:19","modified_gmt":"2026-02-18T08:10:19","slug":"szafka-kuchenna-dolna-zabudowa-piekarnika-2d-sorento-d60pwn-p-l-puccini-green","status":"publish","type":"product","link":"https:\/\/baldumarket.lt\/lt\/product\/szafka-kuchenna-dolna-zabudowa-piekarnika-2d-sorento-d60pwn-p-l-puccini-green\/","title":{"rendered":"Apatin\u0117 virtuv\u0117s spintel\u0117 su orkaite 2D Sorento D60PWN P\/L Puccini Green"},"content":{"rendered":"<p>Su unikalios \u201ePuccini Green\u201c spalvos apatine virtuv\u0117s spintele \u201eSorento D60PWN P\/L\u201c suteikite savo virtuvei stiliaus ir elegancijos. \u0160i spintel\u0117 sukurta subtiliems skoniams, vertinantiems estetik\u0105 ir funkcionalum\u0105. Intensyvios, ta\u010diau prislopintos \u017ealios spalvos fasadai dera su \u201ePuccini\u201c spalvos korpusu, sukurdami gra\u017ei\u0105, darni\u0105 i\u0161vaizd\u0105, kuri taps j\u016bs\u0173 virtuv\u0117s traukos centru. D\u0117l moderni\u0173 med\u017eiag\u0173, \u012fskaitant patvari\u0105 laminato plok\u0161t\u0119, \u201eSorento\u201c spintel\u0117 ne tik traukia ak\u012f, bet ir u\u017etikrina ilgalaik\u012f naudojim\u0105. Lyg\u016bs, minimalistiniai pavir\u0161iai ne tik lengvai valomi, bet ir atspar\u016bs kasdieniams pa\u017eeidimams, tod\u0117l tai idealus pasirinkimas bet kokiems namams. \u0160velniai u\u017esidarantys \u201eClip-On\u201c vyriai yra komforto ir kokyb\u0117s sinonimai \u2013 spintel\u0117s atidarymas ir u\u017edarymas dar niekada nebuvo toks malonus. \u0160i spintel\u0117 puikiai pritaikyta orkaitei, tod\u0117l ji yra nepakei\u010diama bet kurios modernios virtuv\u0117s dalis. Juoda metalin\u0117 rankena suteikia rafinuotumo, o reguliuojamo auk\u0161\u010dio kojel\u0117s leid\u017eia lengvai ir individualiai pritaikyti montavim\u0105. Tvirtumas ir stilius dera viename puikiame j\u016bs\u0173 nam\u0173 priede.<\/p>","protected":false},"excerpt":{"rendered":"<p>Plotis (cm): 60<br \/>\n\u016agis (cm): 247<br \/>\nGylis (cm): 58<\/p>","protected":false},"featured_media":158091,"comment_status":"open","ping_status":"open","template":"","meta":[],"product_brand":[],"product_cat":[9436,4106],"product_tag":[],"class_list":{"0":"post-158090","1":"product","2":"type-product","3":"status-publish","4":"has-post-thumbnail","6":"product_cat-kitchen-system-sorento","7":"product_cat-gala-meble","9":"first","10":"instock","11":"purchasable","12":"product-type-simple"},"_links":{"self":[{"href":"https:\/\/baldumarket.lt\/lt\/wp-json\/wp\/v2\/product\/158090","targetHints":{"allow":["GET"]}}],"collection":[{"href":"https:\/\/baldumarket.lt\/lt\/wp-json\/wp\/v2\/product"}],"about":[{"href":"https:\/\/baldumarket.lt\/lt\/wp-json\/wp\/v2\/types\/product"}],"replies":[{"embeddable":true,"href":"https:\/\/baldumarket.lt\/lt\/wp-json\/wp\/v2\/comments?post=158090"}],"wp:featuredmedia":[{"embeddable":true,"href":"https:\/\/baldumarket.lt\/lt\/wp-json\/wp\/v2\/media\/158091"}],"wp:attachment":[{"href":"https:\/\/baldumarket.lt\/lt\/wp-json\/wp\/v2\/media?parent=158090"}],"wp:term":[{"taxonomy":"product_brand","embeddable":true,"href":"https:\/\/baldumarket.lt\/lt\/wp-json\/wp\/v2\/product_brand?post=158090"},{"taxonomy":"product_cat","embeddable":true,"href":"https:\/\/baldumarket.lt\/lt\/wp-json\/wp\/v2\/product_cat?post=158090"},{"taxonomy":"product_tag","embeddable":true,"href":"https:\/\/baldumarket.lt\/lt\/wp-json\/wp\/v2\/product_tag?post=158090"}],"curies":[{"name":"wp","href":"https:\/\/api.w.org\/{rel}","templated":true}]}}