{"id":158084,"date":"2025-12-18T23:50:48","date_gmt":"2025-12-18T20:50:48","guid":{"rendered":"https:\/\/baldumarket.lt\/product\/szafka-kuchenna-dolna-zabudowa-piekarnika-i-mikrofalowki-d60pm-p-l-langen-beige\/"},"modified":"2026-02-18T11:25:44","modified_gmt":"2026-02-18T08:25:44","slug":"szafka-kuchenna-dolna-zabudowa-piekarnika-i-mikrofalowki-d60pm-p-l-langen-beige","status":"publish","type":"product","link":"https:\/\/baldumarket.lt\/lt\/product\/szafka-kuchenna-dolna-zabudowa-piekarnika-i-mikrofalowki-d60pm-p-l-langen-beige\/","title":{"rendered":"Apatin\u0117 virtuv\u0117s spintel\u0117 orkaitei ir mikrobang\u0173 krosnelei D60PM P\/L Langen Beige"},"content":{"rendered":"<p>Svajojate apie virtuv\u0119, kuri spinduliuoja elegancija ir modernumu? M\u016bs\u0173 apatin\u0117 spintel\u0117 orkaitei ir mikrobang\u0173 krosnelei \u2013 puikus pasirinkimas stilingo interjero m\u0117g\u0117jams. D\u0117l unikalaus matin\u0117s sm\u0117lio spalvos fasad\u0173 ir \u201eArtisan\u201c \u0105\u017euolo korpus\u0173 derinio ji sukurs skoning\u0105 atmosfer\u0105 bet kurioje virtuv\u0117je. \u0160is baldas ne tik puo\u0161ia, bet ir suteikia funkcionalumo, kurio jums reikia kasdien. Sukurta atsi\u017evelgiant \u012f prakti\u0161kum\u0105, \u0161i spintel\u0117 gra\u017eiai derina estetik\u0105 ir prakti\u0161kum\u0105. Jos d\u0117ka organi\u0161ki ir \u0161ilti medienos atspalviai harmoningai dera prie modernaus interjero, sukurdami jaukumo ir klas\u0117s kupin\u0105 erdv\u0119. Matin\u0117 sm\u0117lio spalvos apdaila ne tik atrodo prabangiai, bet ir lengvai prisitaiko prie \u012fvairi\u0173 virtuv\u0117s stili\u0173 \u2013 nuo skandinavi\u0161ko iki lofto stiliaus. \u0160ioje spintel\u0117je naudojamos auk\u0161tos kokyb\u0117s med\u017eiagos yra patvarumo ir tvirtumo sinonimai. MDF plok\u0161t\u0117 su aksominiu pavir\u0161iumi ir laminuota \u0105\u017euolo lenta garantuoja ilgaam\u017ei\u0161kum\u0105 ir lengv\u0105 valym\u0105. Juodos metalin\u0117s rankenos suteikia modernumo ir yra lengvai naudojamos. Reguliuojamos kojel\u0117s leid\u017eia puikiai pritaikyti spintel\u0117s auk\u0161t\u012f prie j\u016bs\u0173 erdv\u0117s.<\/p>","protected":false},"excerpt":{"rendered":"<p>Plotis (cm): 60<br \/>\n\u016agis (cm): 212<br \/>\nGylis (cm): 58<\/p>","protected":false},"featured_media":158085,"comment_status":"open","ping_status":"open","template":"","meta":[],"product_brand":[],"product_cat":[9442,4106],"product_tag":[],"class_list":{"0":"post-158084","1":"product","2":"type-product","3":"status-publish","4":"has-post-thumbnail","6":"product_cat-kitchen-system-langen-dab-artisan","7":"product_cat-gala-meble","9":"first","10":"instock","11":"purchasable","12":"product-type-simple"},"_links":{"self":[{"href":"https:\/\/baldumarket.lt\/lt\/wp-json\/wp\/v2\/product\/158084","targetHints":{"allow":["GET"]}}],"collection":[{"href":"https:\/\/baldumarket.lt\/lt\/wp-json\/wp\/v2\/product"}],"about":[{"href":"https:\/\/baldumarket.lt\/lt\/wp-json\/wp\/v2\/types\/product"}],"replies":[{"embeddable":true,"href":"https:\/\/baldumarket.lt\/lt\/wp-json\/wp\/v2\/comments?post=158084"}],"wp:featuredmedia":[{"embeddable":true,"href":"https:\/\/baldumarket.lt\/lt\/wp-json\/wp\/v2\/media\/158085"}],"wp:attachment":[{"href":"https:\/\/baldumarket.lt\/lt\/wp-json\/wp\/v2\/media?parent=158084"}],"wp:term":[{"taxonomy":"product_brand","embeddable":true,"href":"https:\/\/baldumarket.lt\/lt\/wp-json\/wp\/v2\/product_brand?post=158084"},{"taxonomy":"product_cat","embeddable":true,"href":"https:\/\/baldumarket.lt\/lt\/wp-json\/wp\/v2\/product_cat?post=158084"},{"taxonomy":"product_tag","embeddable":true,"href":"https:\/\/baldumarket.lt\/lt\/wp-json\/wp\/v2\/product_tag?post=158084"}],"curies":[{"name":"wp","href":"https:\/\/api.w.org\/{rel}","templated":true}]}}