{"id":158079,"date":"2025-12-18T23:50:38","date_gmt":"2025-12-18T20:50:38","guid":{"rendered":"https:\/\/baldumarket.lt\/product\/szafka-kuchenna-gorna-witryna-1-drzwiowa-lewa-w40s-l-prowansja-bialy-mat\/"},"modified":"2026-02-08T10:06:28","modified_gmt":"2026-02-08T07:06:28","slug":"szafka-kuchenna-gorna-witryna-1-drzwiowa-lewa-w40s-l-prowansja-bialy-mat","status":"publish","type":"product","link":"https:\/\/baldumarket.lt\/lt\/product\/szafka-kuchenna-gorna-witryna-1-drzwiowa-lewa-w40s-l-prowansja-bialy-mat\/","title":{"rendered":"Virtuv\u0117s spintel\u0117s vir\u0161us, 1 dur\u0173, kair\u0117, W40S-L, Provanso balta matin\u0117"},"content":{"rendered":"<p>Su \u0161ia vir\u0161utine vitrina \u2013 elegancijos ir funkcionalumo \u012fsik\u016bnijimu \u2013 suteikite savo virtuvei Provanso \u017eavesio. Jos nesenstantis dizainas tikrai pritrauks ak\u012f ir taps bet kurios erdv\u0117s traukos centru. Anderseno pu\u0161ies apdaila kartu su matin\u0117s baltos spalvos korpusu sukuria harmoning\u0105 kompozicij\u0105, kuri puikiai dera prie \u012fvairi\u0173 virtuv\u0117s dizain\u0173. Spintel\u0117s durel\u0117s su subtiliomis juodo metalo ranken\u0117l\u0117mis suteikia charakterio ir rafinuotumo, kartu u\u017etikrindamos paprast\u0105 naudojim\u0105. \u0160ie elementai puikiai dera su nat\u016braliais tonais, sukurdami ramyb\u0117s ir \u0161ilumos atmosfer\u0105. Vitrina neabejotinai suteiks j\u016bs\u0173 virtuvei modern\u0173, bet jauk\u0173 vaizd\u0105. \u0160i spintel\u0117 buvo sukurta atsi\u017evelgiant \u012f prakti\u0161k\u0105 erdv\u0117s i\u0161naudojim\u0105. D\u0117l savaiminio u\u017esidarymo funkcijos jos durel\u0117s u\u017esidaro \u0161velniai ir tyliai, o tai ypa\u010d naudinga judriose virtuv\u0117se. Tai puiki laikymo vieta, kur kiekvienas daiktas turi savo viet\u0105 ir yra lengvai pasiekiamas bet kuriuo metu.<\/p>","protected":false},"excerpt":{"rendered":"<p>Plotis (cm): 40<br \/>\n\u016agis (cm): 127<br \/>\nGylis (cm): 32<\/p>","protected":false},"featured_media":158080,"comment_status":"open","ping_status":"open","template":"","meta":[],"product_brand":[],"product_cat":[9444,4106,9118],"product_tag":[],"class_list":{"0":"post-158079","1":"product","2":"type-product","3":"status-publish","4":"has-post-thumbnail","6":"product_cat-kitchen-system-prowansja-sosna-andersen","7":"product_cat-gala-meble","8":"product_cat-kitchen-cabinets","10":"first","11":"instock","12":"purchasable","13":"product-type-simple"},"_links":{"self":[{"href":"https:\/\/baldumarket.lt\/lt\/wp-json\/wp\/v2\/product\/158079","targetHints":{"allow":["GET"]}}],"collection":[{"href":"https:\/\/baldumarket.lt\/lt\/wp-json\/wp\/v2\/product"}],"about":[{"href":"https:\/\/baldumarket.lt\/lt\/wp-json\/wp\/v2\/types\/product"}],"replies":[{"embeddable":true,"href":"https:\/\/baldumarket.lt\/lt\/wp-json\/wp\/v2\/comments?post=158079"}],"wp:featuredmedia":[{"embeddable":true,"href":"https:\/\/baldumarket.lt\/lt\/wp-json\/wp\/v2\/media\/158080"}],"wp:attachment":[{"href":"https:\/\/baldumarket.lt\/lt\/wp-json\/wp\/v2\/media?parent=158079"}],"wp:term":[{"taxonomy":"product_brand","embeddable":true,"href":"https:\/\/baldumarket.lt\/lt\/wp-json\/wp\/v2\/product_brand?post=158079"},{"taxonomy":"product_cat","embeddable":true,"href":"https:\/\/baldumarket.lt\/lt\/wp-json\/wp\/v2\/product_cat?post=158079"},{"taxonomy":"product_tag","embeddable":true,"href":"https:\/\/baldumarket.lt\/lt\/wp-json\/wp\/v2\/product_tag?post=158079"}],"curies":[{"name":"wp","href":"https:\/\/api.w.org\/{rel}","templated":true}]}}