{"id":158075,"date":"2025-12-18T23:50:32","date_gmt":"2025-12-18T20:50:32","guid":{"rendered":"https:\/\/baldumarket.lt\/product\/szafka-kuchenna-gorna-1-drzwiowa-aspen-white-g45-aspen-white-bialy-polysk\/"},"modified":"2026-02-18T11:30:34","modified_gmt":"2026-02-18T08:30:34","slug":"szafka-kuchenna-gorna-1-drzwiowa-aspen-white-g45-aspen-white-bialy-polysk","status":"publish","type":"product","link":"https:\/\/baldumarket.lt\/lt\/product\/szafka-kuchenna-gorna-1-drzwiowa-aspen-white-g45-aspen-white-bialy-polysk\/","title":{"rendered":"Aspen White G45 vir\u0161utin\u0117 virtuv\u0117s spintel\u0117 su 1 durimis, blizgi Aspen White"},"content":{"rendered":"<p>\u201eAspen White\u201c virtuv\u0117s vir\u0161utin\u0117 spintel\u0117 \u2013 tai modernaus elegancijos \u012fsik\u016bnijimas, puikiai tinkantis bet kuriai virtuv\u0117s erdvei. Blizg\u016bs balti fasadai kartu su matiniu korpusu sukuria harmoning\u0105 kontrast\u0105, suteikdami kambariui gaivumo ir erdvumo poj\u016bt\u012f. Ji puikiai dera su kitais virtuv\u0117s baldais, suteikdama jiems rafinuot\u0105 charakter\u012f.<\/p>\n<p>Kalbant apie funkcionalum\u0105, \u201eAspen White\u201c yra neprilygstama. D\u0117l savo prakti\u0161kumo kasdieniam naudojimui j\u016bs\u0173 virtuv\u0117s reikmenys visada bus po ranka. Tai puikus sprendimas tiems, kurie vertina tvark\u0105 ir lengv\u0105 prieig\u0105 prie da\u017enai naudojam\u0173 virtuv\u0117s reikmen\u0173.<\/p>\n<p>Jis puikiai veikia kaip didesnio komplekto dalis arba kaip atskiras \u012frenginys. Savaranki\u0161kas surinkimas leid\u017eia pritaikyti spintel\u0119 pagal savo poreikius ir pageidavimus, tod\u0117l tai yra labai lankstus sprendimas. Net jei projektuojate nedidel\u0119 erdv\u0119, jos universal\u016bs matmenys leid\u017eia optimaliai i\u0161naudoti erdv\u0119.<\/p>\n<p>Spintel\u0117s med\u017eiaga \u2013 MDF kartu su laminuotu korpusu \u2013 u\u017etikrina patvarum\u0105 ir atsparum\u0105 kasdieniam naudojimui. Tai investicija, kuri daugel\u012f met\u0173 atrodys kaip nauja ir suteiks j\u016bs\u0173 virtuvei unikalaus \u017eavesio.<\/p>\n<p>Suteikite savo virtuvei modernumo su \u201eAspen White\u201c spintele ir patirkite skirtum\u0105, kur\u012f sukuria gra\u017eiai suprojektuotas interjeras. Pasirinkdami \u0161\u012f model\u012f, investuojate \u012f stili\u0173 ir komfort\u0105, kurie nusipelno vietos j\u016bs\u0173 namuose.<\/p>","protected":false},"excerpt":{"rendered":"<p>Plotis (cm): 45<br \/>\n\u016agis (cm): 72<br \/>\nGylis (cm): 32<\/p>","protected":false},"featured_media":158076,"comment_status":"open","ping_status":"open","template":"","meta":[],"product_brand":[],"product_cat":[9445,4106],"product_tag":[],"class_list":{"0":"post-158075","1":"product","2":"type-product","3":"status-publish","4":"has-post-thumbnail","6":"product_cat-kitchen-system-aspen-white","7":"product_cat-gala-meble","9":"first","10":"instock","11":"purchasable","12":"product-type-simple"},"_links":{"self":[{"href":"https:\/\/baldumarket.lt\/lt\/wp-json\/wp\/v2\/product\/158075","targetHints":{"allow":["GET"]}}],"collection":[{"href":"https:\/\/baldumarket.lt\/lt\/wp-json\/wp\/v2\/product"}],"about":[{"href":"https:\/\/baldumarket.lt\/lt\/wp-json\/wp\/v2\/types\/product"}],"replies":[{"embeddable":true,"href":"https:\/\/baldumarket.lt\/lt\/wp-json\/wp\/v2\/comments?post=158075"}],"wp:featuredmedia":[{"embeddable":true,"href":"https:\/\/baldumarket.lt\/lt\/wp-json\/wp\/v2\/media\/158076"}],"wp:attachment":[{"href":"https:\/\/baldumarket.lt\/lt\/wp-json\/wp\/v2\/media?parent=158075"}],"wp:term":[{"taxonomy":"product_brand","embeddable":true,"href":"https:\/\/baldumarket.lt\/lt\/wp-json\/wp\/v2\/product_brand?post=158075"},{"taxonomy":"product_cat","embeddable":true,"href":"https:\/\/baldumarket.lt\/lt\/wp-json\/wp\/v2\/product_cat?post=158075"},{"taxonomy":"product_tag","embeddable":true,"href":"https:\/\/baldumarket.lt\/lt\/wp-json\/wp\/v2\/product_tag?post=158075"}],"curies":[{"name":"wp","href":"https:\/\/api.w.org\/{rel}","templated":true}]}}