{"id":158070,"date":"2025-12-18T23:50:22","date_gmt":"2025-12-18T20:50:22","guid":{"rendered":"https:\/\/baldumarket.lt\/product\/szafka-kuchenna-gorna-1-drzwiowa-g30-linea-white-bialy-mat\/"},"modified":"2026-02-18T11:34:03","modified_gmt":"2026-02-18T08:34:03","slug":"szafka-kuchenna-gorna-1-drzwiowa-g30-linea-white-bialy-mat","status":"publish","type":"product","link":"https:\/\/baldumarket.lt\/lt\/product\/szafka-kuchenna-gorna-1-drzwiowa-g30-linea-white-bialy-mat\/","title":{"rendered":"Vir\u0161utin\u0117 1 dur\u0173 virtuv\u0117s spintel\u0117 G30 Linea balta matin\u0117"},"content":{"rendered":"<p>Pakeiskite savo virtuv\u0119 su eleganti\u0161ka \u201eGa\u0142a Meble\u201c \u201eLinea White G30\u201c vir\u0161utine virtuv\u0117s spintele. \u0160i spintel\u0117 \u2013 tai tobulas modernaus dizaino ir funkcionalumo derinys, puikiai tinkantis bet kuriai stilingai virtuvei. Matin\u0117s baltos spalvos korpusas ir fasadai suteikia erdvei gaivumo ir erdvumo poj\u016bt\u012f, sukurdami eleganti\u0161k\u0105 pagrind\u0105 j\u016bs\u0173 svajoni\u0173 interjerui. Vien\u0173 dureli\u0173 \u201eLinea White G30\u201c spintel\u0117 yra ne tik esteti\u0161kai patraukli, bet ir prakti\u0161ka. \u0160velniai u\u017esidarantys vyriai u\u017etikrina skland\u0173 ir tyl\u0173 dureli\u0173 u\u017edarym\u0105, u\u017etikrindami patog\u0173 kasdien\u012f naudojim\u0105. Auksin\u0117s metalin\u0117s ranken\u0117l\u0117s \u2013 subtilus, ta\u010diau rafinuotas akcentas, suteikiantis blizgesio ir prabangos, traukiantis ak\u012f ir pabr\u0117\u017eiantis modern\u0173 bald\u0173 charakter\u012f. D\u0117l kompakti\u0161k\u0173 matmen\u0173 (plotis 30 cm, auk\u0161tis 72 cm, gylis 32 cm) \u0161i spintel\u0117 puikiai tinka net ir ma\u017eesn\u0117ms virtuv\u0117ms, tuo pa\u010diu suteikiant pakankamai vietos kulinariniams priedams ir prieskoniams laikyti. Matin\u0117 MDF apdaila suteikia elegancijos ir yra lengvai valoma, o tai tikrai \u012fvertins tie, kurie vertina tvark\u0105 ir \u0161var\u0105.<\/p>","protected":false},"excerpt":{"rendered":"<p>Plotis (cm): 30<br \/>\n\u016agis (cm): 72<br \/>\nGylis (cm): 32<\/p>","protected":false},"featured_media":158071,"comment_status":"open","ping_status":"open","template":"","meta":[],"product_brand":[],"product_cat":[9446,4106],"product_tag":[],"class_list":{"0":"post-158070","1":"product","2":"type-product","3":"status-publish","4":"has-post-thumbnail","6":"product_cat-kitchen-system-linea-white","7":"product_cat-gala-meble","9":"first","10":"instock","11":"purchasable","12":"product-type-simple"},"_links":{"self":[{"href":"https:\/\/baldumarket.lt\/lt\/wp-json\/wp\/v2\/product\/158070","targetHints":{"allow":["GET"]}}],"collection":[{"href":"https:\/\/baldumarket.lt\/lt\/wp-json\/wp\/v2\/product"}],"about":[{"href":"https:\/\/baldumarket.lt\/lt\/wp-json\/wp\/v2\/types\/product"}],"replies":[{"embeddable":true,"href":"https:\/\/baldumarket.lt\/lt\/wp-json\/wp\/v2\/comments?post=158070"}],"wp:featuredmedia":[{"embeddable":true,"href":"https:\/\/baldumarket.lt\/lt\/wp-json\/wp\/v2\/media\/158071"}],"wp:attachment":[{"href":"https:\/\/baldumarket.lt\/lt\/wp-json\/wp\/v2\/media?parent=158070"}],"wp:term":[{"taxonomy":"product_brand","embeddable":true,"href":"https:\/\/baldumarket.lt\/lt\/wp-json\/wp\/v2\/product_brand?post=158070"},{"taxonomy":"product_cat","embeddable":true,"href":"https:\/\/baldumarket.lt\/lt\/wp-json\/wp\/v2\/product_cat?post=158070"},{"taxonomy":"product_tag","embeddable":true,"href":"https:\/\/baldumarket.lt\/lt\/wp-json\/wp\/v2\/product_tag?post=158070"}],"curies":[{"name":"wp","href":"https:\/\/api.w.org\/{rel}","templated":true}]}}