{"id":158066,"date":"2025-12-18T23:50:15","date_gmt":"2025-12-18T20:50:15","guid":{"rendered":"https:\/\/baldumarket.lt\/product\/szafka-kuchenna-gorna-1-drzwiowa-g30-p-l-langen-artisan\/"},"modified":"2026-02-18T11:25:44","modified_gmt":"2026-02-18T08:25:44","slug":"szafka-kuchenna-gorna-1-drzwiowa-g30-p-l-langen-artisan","status":"publish","type":"product","link":"https:\/\/baldumarket.lt\/lt\/product\/szafka-kuchenna-gorna-1-drzwiowa-g30-p-l-langen-artisan\/","title":{"rendered":"Vir\u0161utin\u0117 virtuv\u0117s spintel\u0117 1 dur\u0173 G30 R\/L Langen Artisan"},"content":{"rendered":"<p>Papuo\u0161kite savo virtuv\u0119 eleganti\u0161ka ir funkcionalia \u201eLangen Artisan\u201c vien\u0173 dur\u0173 vir\u0161utine virtuv\u0117s spintele, kuri d\u0117l savo klasikinio, bet modernaus dizaino lengvai der\u0117s prie bet kokio interjero. Pagaminta i\u0161 auk\u0161tos kokyb\u0117s laminuotos plok\u0161t\u0117s, ji yra ne tik esteti\u0161kai patraukli, bet ir atspari pa\u017eeidimams, tod\u0117l bus puikus j\u016bs\u0173 virtuv\u0117s papildymas ateinantiems metams.<\/p>\n<p>\u201eArtisan Oak\u201c spalv\u0173 schema suteikia j\u016bs\u0173 virtuv\u0117s erdvei \u0161ilumos ir jaukumo, harmoningai papildydama \u012fvairius interjero stilius. Nesvarbu, ar jums labiau patinka klasikiniai, modern\u016bs, ar kaimi\u0161ki akcentai, \u0161is universalus dizainas puikiai tiks, pabr\u0117\u0161damas unikal\u0173 j\u016bs\u0173 virtuv\u0117s stili\u0173.<\/p>\n<p>\u0160i virtuv\u0117s spintel\u0117 pasi\u017eymi ne tik gra\u017eia forma, bet ir puikiu funkcionalumu. Kompakti\u0161ka forma, 30 cm plo\u010dio ir 72 cm auk\u0161\u010dio, puikiai tinka ma\u017eesn\u0117ms erdv\u0117ms ir suteikia daug vietos daiktams susid\u0117ti. Galimyb\u0117 rinktis tarp klasikin\u0117s juodos metalin\u0117s rankenos arba modelio be ranken\u0117li\u0173 su atidarymo spustel\u0117jus sistema suteikia patogumo ir panaikina poreik\u012f rinktis tarp stiliaus ir funkcionalumo.<\/p>\n<p>Surinkimas \u201epasidaryk pats\u201c leid\u017eia greitai ir lengvai sumontuoti, o tai gali padaryti kiekvienas, tod\u0117l jausis pasitenkinim\u0105, lyg visk\u0105 b\u016bt\u0173 atlik\u0119s pats. Eleganti\u0161ka forma ir prakti\u0161kumas sukuria tobul\u0105 harmonij\u0105 ir suteikia virtuvei unikal\u0173 charakter\u012f, paversdami j\u0105 ne tik maisto gaminimo, bet ir stilinga erdve kasdieniam gyvenimui.<\/p>","protected":false},"excerpt":{"rendered":"<p>Plotis (cm): 30<br \/>\n\u016agis (cm): 72<br \/>\nGylis (cm): 32<\/p>","protected":false},"featured_media":158067,"comment_status":"open","ping_status":"open","template":"","meta":[],"product_brand":[],"product_cat":[9442,4106],"product_tag":[],"class_list":{"0":"post-158066","1":"product","2":"type-product","3":"status-publish","4":"has-post-thumbnail","6":"product_cat-kitchen-system-langen-dab-artisan","7":"product_cat-gala-meble","9":"first","10":"instock","11":"purchasable","12":"product-type-simple"},"_links":{"self":[{"href":"https:\/\/baldumarket.lt\/lt\/wp-json\/wp\/v2\/product\/158066","targetHints":{"allow":["GET"]}}],"collection":[{"href":"https:\/\/baldumarket.lt\/lt\/wp-json\/wp\/v2\/product"}],"about":[{"href":"https:\/\/baldumarket.lt\/lt\/wp-json\/wp\/v2\/types\/product"}],"replies":[{"embeddable":true,"href":"https:\/\/baldumarket.lt\/lt\/wp-json\/wp\/v2\/comments?post=158066"}],"wp:featuredmedia":[{"embeddable":true,"href":"https:\/\/baldumarket.lt\/lt\/wp-json\/wp\/v2\/media\/158067"}],"wp:attachment":[{"href":"https:\/\/baldumarket.lt\/lt\/wp-json\/wp\/v2\/media?parent=158066"}],"wp:term":[{"taxonomy":"product_brand","embeddable":true,"href":"https:\/\/baldumarket.lt\/lt\/wp-json\/wp\/v2\/product_brand?post=158066"},{"taxonomy":"product_cat","embeddable":true,"href":"https:\/\/baldumarket.lt\/lt\/wp-json\/wp\/v2\/product_cat?post=158066"},{"taxonomy":"product_tag","embeddable":true,"href":"https:\/\/baldumarket.lt\/lt\/wp-json\/wp\/v2\/product_tag?post=158066"}],"curies":[{"name":"wp","href":"https:\/\/api.w.org\/{rel}","templated":true}]}}