{"id":158061,"date":"2025-12-18T23:50:05","date_gmt":"2025-12-18T20:50:05","guid":{"rendered":"https:\/\/baldumarket.lt\/product\/szafka-kuchenna-gorna-1-drzwiowa-g30-p-l-langen-beige\/"},"modified":"2026-02-18T11:25:44","modified_gmt":"2026-02-18T08:25:44","slug":"szafka-kuchenna-gorna-1-drzwiowa-g30-p-l-langen-beige","status":"publish","type":"product","link":"https:\/\/baldumarket.lt\/lt\/product\/szafka-kuchenna-gorna-1-drzwiowa-g30-p-l-langen-beige\/","title":{"rendered":"Vir\u0161utin\u0117 virtuv\u0117s spintel\u0117 1 dur\u0173 G30 P\/L Langen Beige"},"content":{"rendered":"<p>Atraskite harmonij\u0105 savo virtuv\u0117je su \u0161ia eleganti\u0161ka vir\u0161utine virtuv\u0117s spintele i\u0161 \u201eGa\u0142a Meble\u201c. Subtilus sm\u0117lio spalvos matinis atspalvis suteikia interjerui subtilumo ir \u0161ilumos, puikiai papildydamas tiek \u0161vies\u0173, tiek tams\u0173 virtuv\u0117s dizain\u0105. Tai puikus pasirinkimas tiems, kurie vertina ne tik funkcionalum\u0105, bet ir auk\u0161\u010diausi\u0105 estetikos lyg\u012f. D\u0117l vienodo, paprasto dizaino \u0161i spintel\u0117 puikiai dera prie modernaus, minimalistinio interjero. \u201eArtisan Oak\u201c, i\u0161 kurios pagamintas korpusas, suteikia nat\u016bralaus \u017eavesio visai konstrukcijai, pabr\u0117\u017edamas jos tvirtum\u0105 ir ilgaam\u017ei\u0161kum\u0105. Tai tobulas medinis akcentas, kuris su\u0161ildys bet kuri\u0105 virtuv\u0117s erdv\u0119. Sukurta galvojant apie kasdien\u012f naudojim\u0105, spintel\u0117 suteikia erdv\u0117s susitvarkyti visus svarbiausius virtuv\u0117s reikmenis. Eleganti\u0161ka juoda metalin\u0117 rankena suteikia modernumo ir u\u017etikrina patog\u0173 bei lengv\u0105 dureli\u0173 atidarym\u0105. Jos patvarumas ir tvirtumas garantuoja ilgalaik\u012f komfort\u0105.<\/p>","protected":false},"excerpt":{"rendered":"<p>Plotis (cm): 30<br \/>\n\u016agis (cm): 72<br \/>\nGylis (cm): 32<\/p>","protected":false},"featured_media":158062,"comment_status":"open","ping_status":"open","template":"","meta":[],"product_brand":[],"product_cat":[9442,4106],"product_tag":[],"class_list":{"0":"post-158061","1":"product","2":"type-product","3":"status-publish","4":"has-post-thumbnail","6":"product_cat-kitchen-system-langen-dab-artisan","7":"product_cat-gala-meble","9":"first","10":"instock","11":"purchasable","12":"product-type-simple"},"_links":{"self":[{"href":"https:\/\/baldumarket.lt\/lt\/wp-json\/wp\/v2\/product\/158061","targetHints":{"allow":["GET"]}}],"collection":[{"href":"https:\/\/baldumarket.lt\/lt\/wp-json\/wp\/v2\/product"}],"about":[{"href":"https:\/\/baldumarket.lt\/lt\/wp-json\/wp\/v2\/types\/product"}],"replies":[{"embeddable":true,"href":"https:\/\/baldumarket.lt\/lt\/wp-json\/wp\/v2\/comments?post=158061"}],"wp:featuredmedia":[{"embeddable":true,"href":"https:\/\/baldumarket.lt\/lt\/wp-json\/wp\/v2\/media\/158062"}],"wp:attachment":[{"href":"https:\/\/baldumarket.lt\/lt\/wp-json\/wp\/v2\/media?parent=158061"}],"wp:term":[{"taxonomy":"product_brand","embeddable":true,"href":"https:\/\/baldumarket.lt\/lt\/wp-json\/wp\/v2\/product_brand?post=158061"},{"taxonomy":"product_cat","embeddable":true,"href":"https:\/\/baldumarket.lt\/lt\/wp-json\/wp\/v2\/product_cat?post=158061"},{"taxonomy":"product_tag","embeddable":true,"href":"https:\/\/baldumarket.lt\/lt\/wp-json\/wp\/v2\/product_tag?post=158061"}],"curies":[{"name":"wp","href":"https:\/\/api.w.org\/{rel}","templated":true}]}}