{"id":158057,"date":"2025-12-18T23:49:58","date_gmt":"2025-12-18T20:49:58","guid":{"rendered":"https:\/\/baldumarket.lt\/product\/szafka-kuchenna-gorna-1-drzwiowa-g30-p-l-langen-grey\/"},"modified":"2026-02-18T11:25:44","modified_gmt":"2026-02-18T08:25:44","slug":"szafka-kuchenna-gorna-1-drzwiowa-g30-p-l-langen-grey","status":"publish","type":"product","link":"https:\/\/baldumarket.lt\/lt\/product\/szafka-kuchenna-gorna-1-drzwiowa-g30-p-l-langen-grey\/","title":{"rendered":"Vir\u0161utin\u0117 virtuv\u0117s spintel\u0117 1 dur\u0173 G30 P\/L Langen pilka"},"content":{"rendered":"<p>Atraskite nauj\u0105 elegancijos ir funkcionalumo dimensij\u0105 su m\u016bs\u0173 pilkos spalvos \u201eLangen Grey\u201c vir\u0161utine virtuv\u0117s spintele. \u0160is modernaus dizaino ir klasikini\u0173 akcent\u0173 derinys puikiai dera su \u0161iuolaikin\u0117mis interjero dizaino tendencijomis. Subtilus matin\u0117s pilkos spalvos atspalvis priekin\u0117je dalyje puikiai papildo \u201eArtisan Oak\u201c korpus\u0105, suteikdamas j\u016bs\u0173 virtuvei subtil\u0173, ta\u010diau kartu ir rafinuot\u0105 charakter\u012f.<\/p>\n<p>M\u016bs\u0173 virtuv\u0117s spintel\u0117 \u2013 tai daugiau nei tik daikt\u0173 laikymo vieta. Ji puikiai papildys bet kuri\u0105 virtuv\u0119, suteikdama lengv\u0105 prieig\u0105 prie da\u017enai naudojam\u0173 daikt\u0173 ir kartu \u017eav\u0117dama estetiniu patrauklumu. D\u0117l savo kasdien\u0117s formos ir kompakti\u0161k\u0173 matmen\u0173 ji yra idealus sprendimas net ir ribotoje virtuv\u0117s erdv\u0117je. D\u0117l tvirtos MDF konstrukcijos ir auk\u0161tos kokyb\u0117s apdailos pasiekiama patvarumo ir elegancijos pusiausvyra.<\/p>\n<p>Rankenos pasirinkimas \u2013 dar viena galimyb\u0117 pritaikyti spintel\u0119 pagal individualius poreikius ir virtuv\u0117s stili\u0173. Stilinga juoda metalin\u0117 rankena suteikia industrinio \u017eavesio, o atidarymo be ranken\u0117li\u0173 galimyb\u0117 \u201cspustelint\u201d \u2013 modernus minimalizmas. D\u0117l to m\u016bs\u0173 virtuv\u0117s spintel\u0117 ne tik pagerina j\u016bs\u0173 virtuv\u0117s charakter\u012f, bet ir padidina jos komfort\u0105.<\/p>\n<p>Spintel\u0119 lengva surinkti, tod\u0117l galite patys susikurti savo svajoni\u0173 interjer\u0105. Pasirinkdami \u201eLangen Grey\u201c, renkat\u0117s ne tik bald\u0105, bet ir gyvenimo b\u016bd\u0105, kuriame estetika ir funkcionalumas dera tarpusavyje. Paverskite savo virtuv\u0119 vieta, kuri jus \u012fkvepia kiekvien\u0105 dien\u0105!<\/p>","protected":false},"excerpt":{"rendered":"<p>Plotis (cm): 30<br \/>\n\u016agis (cm): 72<br \/>\nGylis (cm): 32<\/p>","protected":false},"featured_media":158058,"comment_status":"open","ping_status":"open","template":"","meta":[],"product_brand":[],"product_cat":[9442,4106],"product_tag":[],"class_list":{"0":"post-158057","1":"product","2":"type-product","3":"status-publish","4":"has-post-thumbnail","6":"product_cat-kitchen-system-langen-dab-artisan","7":"product_cat-gala-meble","9":"first","10":"instock","11":"purchasable","12":"product-type-simple"},"_links":{"self":[{"href":"https:\/\/baldumarket.lt\/lt\/wp-json\/wp\/v2\/product\/158057","targetHints":{"allow":["GET"]}}],"collection":[{"href":"https:\/\/baldumarket.lt\/lt\/wp-json\/wp\/v2\/product"}],"about":[{"href":"https:\/\/baldumarket.lt\/lt\/wp-json\/wp\/v2\/types\/product"}],"replies":[{"embeddable":true,"href":"https:\/\/baldumarket.lt\/lt\/wp-json\/wp\/v2\/comments?post=158057"}],"wp:featuredmedia":[{"embeddable":true,"href":"https:\/\/baldumarket.lt\/lt\/wp-json\/wp\/v2\/media\/158058"}],"wp:attachment":[{"href":"https:\/\/baldumarket.lt\/lt\/wp-json\/wp\/v2\/media?parent=158057"}],"wp:term":[{"taxonomy":"product_brand","embeddable":true,"href":"https:\/\/baldumarket.lt\/lt\/wp-json\/wp\/v2\/product_brand?post=158057"},{"taxonomy":"product_cat","embeddable":true,"href":"https:\/\/baldumarket.lt\/lt\/wp-json\/wp\/v2\/product_cat?post=158057"},{"taxonomy":"product_tag","embeddable":true,"href":"https:\/\/baldumarket.lt\/lt\/wp-json\/wp\/v2\/product_tag?post=158057"}],"curies":[{"name":"wp","href":"https:\/\/api.w.org\/{rel}","templated":true}]}}