{"id":158052,"date":"2025-12-18T23:49:49","date_gmt":"2025-12-18T20:49:49","guid":{"rendered":"https:\/\/baldumarket.lt\/product\/szafka-kuchenna-gorna-1-drzwiowa-g30-p-l-linea-grey-szary-mat\/"},"modified":"2026-02-18T11:34:03","modified_gmt":"2026-02-18T08:34:03","slug":"szafka-kuchenna-gorna-1-drzwiowa-g30-p-l-linea-grey-szary-mat","status":"publish","type":"product","link":"https:\/\/baldumarket.lt\/lt\/product\/szafka-kuchenna-gorna-1-drzwiowa-g30-p-l-linea-grey-szary-mat\/","title":{"rendered":"Vir\u0161utin\u0117 virtuv\u0117s spintel\u0117, 1 dur\u0173, G30 R\/K, \u201eLinea\u201c pilkai matin\u0117"},"content":{"rendered":"<p>Atraskite \u0161ios vir\u0161utin\u0117s virtuv\u0117s spintel\u0117s i\u0161 \u201eLinea Grey\u201c kolekcijos modern\u0173 elegancij\u0105 ir minimalistin\u012f \u017eaves\u012f. D\u0117l blizgios pilkos ir matin\u0117s baltos apdailos derinio \u0161is modelis puikiai dera su naujausiomis dizaino tendencijomis, tod\u0117l j\u016bs\u0173 virtuv\u0117 tampa stiliaus ir rafinuotumo sinonimu. \u0160i spintel\u0117 yra puikus pasirinkimas tiems, kurie vertina ir estetik\u0105, ir funkcionalum\u0105. \u0160i 72 cm auk\u0161\u010dio spintel\u0117 pasi\u017eymi eleganti\u0161ku siluetu, kuris puikiai tinka net ir ma\u017eiausioms virtuv\u0117s erdv\u0117ms. Subtil\u016bs, bet i\u0161rai\u0161kingi fasadai, pagaminti i\u0161 blizgios pilkos MDF plok\u0161t\u0117s, suteikia gylio ir prabangos. Jos dizainas yra ne tik esteti\u0161kai patrauklus, bet ir gerai apgalvotas, tod\u0117l tai prakti\u0161kas bet kurios virtuv\u0117s papildymas. \u0160ios virtuv\u0117s spintel\u0117s funkcionalum\u0105 sustiprina savaime u\u017esidarantys vyriai, kurie u\u017etikrina skland\u0173 ir tyl\u0173 dureli\u0173 u\u017edarym\u0105 kiekvien\u0105 kart\u0105. \u012erengti savo virtuv\u0119 \u0161ia spintele yra patogumo ir naudojimo paprastumo sinonimas. \u0160is gaminys sukurtas atsi\u017evelgiant \u012f kasdien\u012f naudojim\u0105, o tai rei\u0161kia kiekvienos j\u016bs\u0173 virtuv\u0117je atliekamos veiklos komfort\u0105.<\/p>","protected":false},"excerpt":{"rendered":"<p>Plotis (cm): 30<br \/>\n\u016agis (cm): 72<br \/>\nGylis (cm): 32<\/p>","protected":false},"featured_media":158053,"comment_status":"open","ping_status":"open","template":"","meta":[],"product_brand":[],"product_cat":[9446,4106],"product_tag":[],"class_list":{"0":"post-158052","1":"product","2":"type-product","3":"status-publish","4":"has-post-thumbnail","6":"product_cat-kitchen-system-linea-white","7":"product_cat-gala-meble","9":"first","10":"instock","11":"purchasable","12":"product-type-simple"},"_links":{"self":[{"href":"https:\/\/baldumarket.lt\/lt\/wp-json\/wp\/v2\/product\/158052","targetHints":{"allow":["GET"]}}],"collection":[{"href":"https:\/\/baldumarket.lt\/lt\/wp-json\/wp\/v2\/product"}],"about":[{"href":"https:\/\/baldumarket.lt\/lt\/wp-json\/wp\/v2\/types\/product"}],"replies":[{"embeddable":true,"href":"https:\/\/baldumarket.lt\/lt\/wp-json\/wp\/v2\/comments?post=158052"}],"wp:featuredmedia":[{"embeddable":true,"href":"https:\/\/baldumarket.lt\/lt\/wp-json\/wp\/v2\/media\/158053"}],"wp:attachment":[{"href":"https:\/\/baldumarket.lt\/lt\/wp-json\/wp\/v2\/media?parent=158052"}],"wp:term":[{"taxonomy":"product_brand","embeddable":true,"href":"https:\/\/baldumarket.lt\/lt\/wp-json\/wp\/v2\/product_brand?post=158052"},{"taxonomy":"product_cat","embeddable":true,"href":"https:\/\/baldumarket.lt\/lt\/wp-json\/wp\/v2\/product_cat?post=158052"},{"taxonomy":"product_tag","embeddable":true,"href":"https:\/\/baldumarket.lt\/lt\/wp-json\/wp\/v2\/product_tag?post=158052"}],"curies":[{"name":"wp","href":"https:\/\/api.w.org\/{rel}","templated":true}]}}