{"id":158048,"date":"2025-12-18T23:49:43","date_gmt":"2025-12-18T20:49:43","guid":{"rendered":"https:\/\/baldumarket.lt\/product\/szafka-kuchenna-gorna-1-drzwiowa-g30g-langen-artisan\/"},"modified":"2026-02-18T11:25:44","modified_gmt":"2026-02-18T08:25:44","slug":"szafka-kuchenna-gorna-1-drzwiowa-g30g-langen-artisan","status":"publish","type":"product","link":"https:\/\/baldumarket.lt\/lt\/product\/szafka-kuchenna-gorna-1-drzwiowa-g30g-langen-artisan\/","title":{"rendered":"Vir\u0161utin\u0117 virtuv\u0117s spintel\u0117 1 dur\u0173 G30G Langen Artisan"},"content":{"rendered":"<p>Pristatome \u201eLangen Artisan\u201c vien\u0173 dureli\u0173 vir\u0161utin\u0119 virtuv\u0117s spintel\u0119 \u2013 puik\u0173 sprendim\u0105 modernaus dizaino ir nat\u016bralaus med\u017eio \u017eavesio m\u0117g\u0117jams. Subtilus \u201eArtisan\u201c \u0105\u017euolo atspalvis sukuria \u0161ilt\u0105, jauki\u0105 atmosfer\u0105, kuri puikiai dera su \u012fvairiais virtuv\u0117s dizaino stiliais. Tai nesenstantis baldas, kuris sustiprins j\u016bs\u0173 virtuv\u0117s elegancij\u0105 ir harmonij\u0105.<\/p>\n<p>I\u0161skirtinis \u0161ios spintel\u0117s funkcionalumas paver\u010dia j\u0105 nepakei\u010diamu bet kurios virtuv\u0117s aksesuaru. D\u0117l gerai apgalvoto dizaino ji leid\u017eia ergonomi\u0161kai laikyti b\u016btiniausius virtuv\u0117s reikmenis, o tai \u017eymiai supaprastina kasdien\u012f maisto gaminim\u0105. Kompakti\u0161ki matmenys leid\u017eia maksimaliai i\u0161naudoti erdv\u0119, puikiai dera prie bet kokio interjero, nepriklausomai nuo jo dyd\u017eio.<\/p>\n<p>Juodos metalin\u0117s ranken\u0117l\u0117s suteikia spintelei dr\u0105sos ir charakterio, sukurdamos kontrasting\u0105 akcent\u0105 harmoningame stiliuje. \u0160ios detal\u0117s daro \u0161\u012f bald\u0105 ne tik prakti\u0161k\u0105, bet ir esteti\u0161kai rafinuot\u0105. Jei m\u0117gstate minimalistinius sprendimus, \u201cspustel\u0117jimo b\u016bdu atidaroma\u201d sistema leid\u017eia atidaryti fasadus nenaudojant ranken\u0173, taip sustiprindama modern\u0173 j\u016bs\u0173 virtuv\u0117s charakter\u012f.<\/p>\n<p>\u201eLangen Artisan\u201c spintel\u0119 taip pat lengva surinkti, tod\u0117l galite greitai ir lengvai pritaikyti erdv\u0119 savo poreikiams be papildom\u0173 i\u0161laid\u0173. D\u0117l itin atspari\u0173 pa\u017eeidimams laminuot\u0173 plok\u0161\u010di\u0173 naudojimo \u0161is baldas pasi\u017eymi patvarumu ir ilgaam\u017ei\u0161kumu, tod\u0117l d\u017eiugins daugel\u012f met\u0173.<\/p>","protected":false},"excerpt":{"rendered":"<p>Plotis (cm): 30<br \/>\n\u016agis (cm): 72<br \/>\nGylis (cm): 45<\/p>","protected":false},"featured_media":158049,"comment_status":"open","ping_status":"open","template":"","meta":[],"product_brand":[],"product_cat":[9442,4106],"product_tag":[],"class_list":{"0":"post-158048","1":"product","2":"type-product","3":"status-publish","4":"has-post-thumbnail","6":"product_cat-kitchen-system-langen-dab-artisan","7":"product_cat-gala-meble","9":"first","10":"instock","11":"purchasable","12":"product-type-simple"},"_links":{"self":[{"href":"https:\/\/baldumarket.lt\/lt\/wp-json\/wp\/v2\/product\/158048","targetHints":{"allow":["GET"]}}],"collection":[{"href":"https:\/\/baldumarket.lt\/lt\/wp-json\/wp\/v2\/product"}],"about":[{"href":"https:\/\/baldumarket.lt\/lt\/wp-json\/wp\/v2\/types\/product"}],"replies":[{"embeddable":true,"href":"https:\/\/baldumarket.lt\/lt\/wp-json\/wp\/v2\/comments?post=158048"}],"wp:featuredmedia":[{"embeddable":true,"href":"https:\/\/baldumarket.lt\/lt\/wp-json\/wp\/v2\/media\/158049"}],"wp:attachment":[{"href":"https:\/\/baldumarket.lt\/lt\/wp-json\/wp\/v2\/media?parent=158048"}],"wp:term":[{"taxonomy":"product_brand","embeddable":true,"href":"https:\/\/baldumarket.lt\/lt\/wp-json\/wp\/v2\/product_brand?post=158048"},{"taxonomy":"product_cat","embeddable":true,"href":"https:\/\/baldumarket.lt\/lt\/wp-json\/wp\/v2\/product_cat?post=158048"},{"taxonomy":"product_tag","embeddable":true,"href":"https:\/\/baldumarket.lt\/lt\/wp-json\/wp\/v2\/product_tag?post=158048"}],"curies":[{"name":"wp","href":"https:\/\/api.w.org\/{rel}","templated":true}]}}