{"id":158043,"date":"2025-12-18T23:49:34","date_gmt":"2025-12-18T20:49:34","guid":{"rendered":"https:\/\/baldumarket.lt\/product\/szafka-kuchenna-gorna-1-drzwiowa-g30g-langen-beige\/"},"modified":"2026-02-18T11:25:27","modified_gmt":"2026-02-18T08:25:27","slug":"szafka-kuchenna-gorna-1-drzwiowa-g30g-langen-beige","status":"publish","type":"product","link":"https:\/\/baldumarket.lt\/lt\/product\/szafka-kuchenna-gorna-1-drzwiowa-g30g-langen-beige\/","title":{"rendered":"Vir\u0161utin\u0117 virtuv\u0117s spintel\u0117, 1 dur\u0173, G30G, Langen, sm\u0117lio spalvos"},"content":{"rendered":"<p>Sveiki atvyk\u0119 \u012f rafinuoto stiliaus ir funkcionalumo pasaul\u012f su m\u016bs\u0173 G30G Langen Beige vien\u0173 dureli\u0173 vir\u0161utine virtuv\u0117s spintele. Sukurta galvojant apie \u0161iuolaikin\u012f interjer\u0105, \u0161i spintel\u0117 yra puikus pasirinkimas eleganti\u0161ko dizaino m\u0117g\u0117jams. Subtilus, matinis sm\u0117lio spalvos priekis puikiai dera su \u201eArtisan Oak\u201c korpusu, sukurdamas \u0161ilt\u0105 ir jauki\u0105 atmosfer\u0105 bet kurioje virtuv\u0117je. Su G30G Langen spintele pagerinsite ne tik savo interjero estetik\u0105, bet ir jo prakti\u0161kum\u0105. Tai puikus pasirinkimas tiems, kurie ie\u0161ko prakti\u0161k\u0173 kasdieni\u0173 virtuv\u0117s reikmen\u0173 laikymo sprendim\u0173. D\u0117l kompakti\u0161k\u0173 matmen\u0173 ji lengvai randa savo viet\u0105 net ir ma\u017eesn\u0117se erdv\u0117se, si\u016blydama steb\u0117tinai daug vietos viskam, ko reikia skland\u017eiam virtuv\u0117s darbui. Nepaisant modernios i\u0161vaizdos, \u0161i spintel\u0117 i\u0161lieka i\u0161tikima tradiciniam meistri\u0161kumui, k\u0105 \u012frodo tvirta MDF plok\u0161t\u0117 ir laminuota spintel\u0117s konstrukcija. Kambaryje tvyro med\u017eio \u0161iluma ir spalv\u0173 subtilumas, tod\u0117l ji puikiai dera prie bet kokio interjero \u2013 tiek minimalistinio, tiek klasikinio. Kontrastingos juodos metalin\u0117s rankenos suteikia charakterio, pabr\u0117\u017eiant bendr\u0105 rafinuot\u0105 stili\u0173.<\/p>","protected":false},"excerpt":{"rendered":"<p>Plotis (cm): 30<br \/>\n\u016agis (cm): 72<br \/>\nGylis (cm): 45<\/p>","protected":false},"featured_media":158044,"comment_status":"open","ping_status":"open","template":"","meta":[],"product_brand":[],"product_cat":[9442,4106],"product_tag":[],"class_list":{"0":"post-158043","1":"product","2":"type-product","3":"status-publish","4":"has-post-thumbnail","6":"product_cat-kitchen-system-langen-dab-artisan","7":"product_cat-gala-meble","9":"first","10":"instock","11":"purchasable","12":"product-type-simple"},"_links":{"self":[{"href":"https:\/\/baldumarket.lt\/lt\/wp-json\/wp\/v2\/product\/158043","targetHints":{"allow":["GET"]}}],"collection":[{"href":"https:\/\/baldumarket.lt\/lt\/wp-json\/wp\/v2\/product"}],"about":[{"href":"https:\/\/baldumarket.lt\/lt\/wp-json\/wp\/v2\/types\/product"}],"replies":[{"embeddable":true,"href":"https:\/\/baldumarket.lt\/lt\/wp-json\/wp\/v2\/comments?post=158043"}],"wp:featuredmedia":[{"embeddable":true,"href":"https:\/\/baldumarket.lt\/lt\/wp-json\/wp\/v2\/media\/158044"}],"wp:attachment":[{"href":"https:\/\/baldumarket.lt\/lt\/wp-json\/wp\/v2\/media?parent=158043"}],"wp:term":[{"taxonomy":"product_brand","embeddable":true,"href":"https:\/\/baldumarket.lt\/lt\/wp-json\/wp\/v2\/product_brand?post=158043"},{"taxonomy":"product_cat","embeddable":true,"href":"https:\/\/baldumarket.lt\/lt\/wp-json\/wp\/v2\/product_cat?post=158043"},{"taxonomy":"product_tag","embeddable":true,"href":"https:\/\/baldumarket.lt\/lt\/wp-json\/wp\/v2\/product_tag?post=158043"}],"curies":[{"name":"wp","href":"https:\/\/api.w.org\/{rel}","templated":true}]}}