{"id":158039,"date":"2025-12-18T23:49:27","date_gmt":"2025-12-18T20:49:27","guid":{"rendered":"https:\/\/baldumarket.lt\/product\/szafka-kuchenna-gorna-1-drzwiowa-g30g-langen-grey\/"},"modified":"2026-02-18T11:25:27","modified_gmt":"2026-02-18T08:25:27","slug":"szafka-kuchenna-gorna-1-drzwiowa-g30g-langen-grey","status":"publish","type":"product","link":"https:\/\/baldumarket.lt\/lt\/product\/szafka-kuchenna-gorna-1-drzwiowa-g30g-langen-grey\/","title":{"rendered":"Vir\u0161utin\u0117 1 dur\u0173 virtuv\u0117s spintel\u0117 G30G Langen Grey"},"content":{"rendered":"<p>Atraskite minimalistin\u0117s estetikos gro\u017e\u012f su \u201eLangen Grey\u201c vir\u0161utine virtuv\u0117s spintele \u2013 puikiu modernios erdv\u0117s papildymu. Sukurta taip, kad der\u0117t\u0173 su kitais baldais ir buitine technika, ji pasi\u017eymi eleganti\u0161ku matin\u0117s pilkos spalvos priekiu, sukurian\u010diu darni\u0105 ir raminan\u010di\u0105 atmosfer\u0105 bet kurioje virtuv\u0117je. \u0160i subtili elegancija dera tiek su klasikiniu, tiek su moderniu interjero dizainu.<\/p>\n<p>\u201eLangen Grey\u201c spintel\u0117 ne tik \u017eavi savo i\u0161vaizda, bet ir pasi\u017eymi dideliu funkcionalumu, puikiai tinkan\u010dia laikyti svarbiausius virtuv\u0117s reikmenis. D\u0117l apgalvoto dizaino lengva palaikyti tvark\u0105 ir lengvai pasiekti kasdienius reikmenis. Be to, juodos metalin\u0117s rankenos pasirinkimas suteikia modernumo ir patvarumo.<\/p>\n<p>Pagaminta i\u0161 atsparios pa\u017eeidimams laminuotos plok\u0161t\u0117s ir tvirtos MDF plok\u0161t\u0117s, \u0161i spintel\u0117 tarnaus daugel\u012f met\u0173 neprarandant estetinio patrauklumo. \u201eArtisan Oak\u201c korpusas suteikia interjerui \u0161ilumos ir jaukumo, sukurdamas \u012fdom\u0173 kontrast\u0105 su v\u0117sesne priekine dalimi. B\u016btent \u0161is derinys daro \u0161iuos baldus tokius patrauklius ir patvarius.<\/p>\n<p>\u201eLangen Grey\u201c spintel\u0117s surinkimas patiems \u2013 puiki proga susikurti erdv\u0119, pritaikyt\u0105 j\u016bs\u0173 estetiniams pageidavimams. Paprastos instrukcijos leid\u017eia greitai ir lengvai surinkti. Pasirinkite \u0161i\u0105 unikali\u0105 spintel\u0119, kad pabr\u0117\u017etum\u0117te savo virtuv\u0117s charakter\u012f ir m\u0117gaukit\u0117s i\u0161skirtiniu komfortu kiekvien\u0105 dien\u0105.<\/p>","protected":false},"excerpt":{"rendered":"<p>Plotis (cm): 30<br \/>\n\u016agis (cm): 72<br \/>\nGylis (cm): 45<\/p>","protected":false},"featured_media":158040,"comment_status":"open","ping_status":"open","template":"","meta":[],"product_brand":[],"product_cat":[9442,4106],"product_tag":[],"class_list":{"0":"post-158039","1":"product","2":"type-product","3":"status-publish","4":"has-post-thumbnail","6":"product_cat-kitchen-system-langen-dab-artisan","7":"product_cat-gala-meble","9":"first","10":"instock","11":"purchasable","12":"product-type-simple"},"_links":{"self":[{"href":"https:\/\/baldumarket.lt\/lt\/wp-json\/wp\/v2\/product\/158039","targetHints":{"allow":["GET"]}}],"collection":[{"href":"https:\/\/baldumarket.lt\/lt\/wp-json\/wp\/v2\/product"}],"about":[{"href":"https:\/\/baldumarket.lt\/lt\/wp-json\/wp\/v2\/types\/product"}],"replies":[{"embeddable":true,"href":"https:\/\/baldumarket.lt\/lt\/wp-json\/wp\/v2\/comments?post=158039"}],"wp:featuredmedia":[{"embeddable":true,"href":"https:\/\/baldumarket.lt\/lt\/wp-json\/wp\/v2\/media\/158040"}],"wp:attachment":[{"href":"https:\/\/baldumarket.lt\/lt\/wp-json\/wp\/v2\/media?parent=158039"}],"wp:term":[{"taxonomy":"product_brand","embeddable":true,"href":"https:\/\/baldumarket.lt\/lt\/wp-json\/wp\/v2\/product_brand?post=158039"},{"taxonomy":"product_cat","embeddable":true,"href":"https:\/\/baldumarket.lt\/lt\/wp-json\/wp\/v2\/product_cat?post=158039"},{"taxonomy":"product_tag","embeddable":true,"href":"https:\/\/baldumarket.lt\/lt\/wp-json\/wp\/v2\/product_tag?post=158039"}],"curies":[{"name":"wp","href":"https:\/\/api.w.org\/{rel}","templated":true}]}}