{"id":158034,"date":"2025-12-18T23:49:18","date_gmt":"2025-12-18T20:49:18","guid":{"rendered":"https:\/\/baldumarket.lt\/product\/szafka-kuchenna-gorna-1-drzwiowa-g40-linea-white-bialy-mat\/"},"modified":"2026-02-18T11:34:03","modified_gmt":"2026-02-18T08:34:03","slug":"szafka-kuchenna-gorna-1-drzwiowa-g40-linea-white-bialy-mat","status":"publish","type":"product","link":"https:\/\/baldumarket.lt\/lt\/product\/szafka-kuchenna-gorna-1-drzwiowa-g40-linea-white-bialy-mat\/","title":{"rendered":"Vir\u0161utin\u0117 1 dur\u0173 virtuv\u0117s spintel\u0117 G40 Linea balta matin\u0117"},"content":{"rendered":"<p>Vien\u0173 dureli\u0173 vir\u0161utin\u0117 virtuv\u0117s spintel\u0117 \u201eLinea White G40\u201c \u2013 tai elegancijos ir funkcionalumo \u012fsik\u016bnijimas bet kurioje virtuv\u0117je. Matin\u0117 balta spalva puikiai dera su moderniomis tendencijomis, suteikdama bet kokiam interjerui lengvumo ir erdvumo poj\u016bt\u012f. \u0160varios linijos ir minimalistinis dizainas daro j\u0105 idealiu pasirinkimu bet kokiam dekorui, nepriklausomai nuo stiliaus. \u0160ios spintel\u0117s estetik\u0105 pabr\u0117\u017eia auksin\u0117s ranken\u0117l\u0117s, kurios suteikia prabangos. \u0160is subtilus akcentas suteikia MDF fasad\u0173 baltam pavir\u0161iui kilnaus blizgesio. \u0160i\u0173 med\u017eiag\u0173 derinys ne tik sukuria gra\u017ei\u0105 i\u0161vaizd\u0105, bet ir i\u0161skirtin\u012f patvarum\u0105, kuris atlaikys kasdienius virtuv\u0117s i\u0161\u0161\u016bkius. \u201eLinea White G40\u201c spintel\u0117s funkcionalumas dera su rafinuota estetika. Atidar\u0119 j\u0105 \u012fvertinsite \u0161velniai u\u017esidaran\u010dius vyrius, kurie u\u017etikrina skland\u0173 ir tyl\u0173 veikim\u0105. D\u0117l \u0161ios technologijos kiekvienas apsilankymas virtuv\u0117je yra komforto ir ramyb\u0117s prat\u0119simas \u2013 savyb\u0117, kuri\u0105 ypa\u010d vertina harmonijos ir tylos m\u0117g\u0117jai.<\/p>","protected":false},"excerpt":{"rendered":"<p>Plotis (cm): 40<br \/>\n\u016agis (cm): 72<br \/>\nGylis (cm): 32<\/p>","protected":false},"featured_media":158035,"comment_status":"open","ping_status":"open","template":"","meta":[],"product_brand":[],"product_cat":[9446,4106],"product_tag":[],"class_list":{"0":"post-158034","1":"product","2":"type-product","3":"status-publish","4":"has-post-thumbnail","6":"product_cat-kitchen-system-linea-white","7":"product_cat-gala-meble","9":"first","10":"instock","11":"purchasable","12":"product-type-simple"},"_links":{"self":[{"href":"https:\/\/baldumarket.lt\/lt\/wp-json\/wp\/v2\/product\/158034","targetHints":{"allow":["GET"]}}],"collection":[{"href":"https:\/\/baldumarket.lt\/lt\/wp-json\/wp\/v2\/product"}],"about":[{"href":"https:\/\/baldumarket.lt\/lt\/wp-json\/wp\/v2\/types\/product"}],"replies":[{"embeddable":true,"href":"https:\/\/baldumarket.lt\/lt\/wp-json\/wp\/v2\/comments?post=158034"}],"wp:featuredmedia":[{"embeddable":true,"href":"https:\/\/baldumarket.lt\/lt\/wp-json\/wp\/v2\/media\/158035"}],"wp:attachment":[{"href":"https:\/\/baldumarket.lt\/lt\/wp-json\/wp\/v2\/media?parent=158034"}],"wp:term":[{"taxonomy":"product_brand","embeddable":true,"href":"https:\/\/baldumarket.lt\/lt\/wp-json\/wp\/v2\/product_brand?post=158034"},{"taxonomy":"product_cat","embeddable":true,"href":"https:\/\/baldumarket.lt\/lt\/wp-json\/wp\/v2\/product_cat?post=158034"},{"taxonomy":"product_tag","embeddable":true,"href":"https:\/\/baldumarket.lt\/lt\/wp-json\/wp\/v2\/product_tag?post=158034"}],"curies":[{"name":"wp","href":"https:\/\/api.w.org\/{rel}","templated":true}]}}