{"id":158030,"date":"2025-12-18T23:49:11","date_gmt":"2025-12-18T20:49:11","guid":{"rendered":"https:\/\/baldumarket.lt\/product\/szafka-kuchenna-gorna-1-drzwiowa-g40-p-l-langen-artisan\/"},"modified":"2026-02-18T11:25:27","modified_gmt":"2026-02-18T08:25:27","slug":"szafka-kuchenna-gorna-1-drzwiowa-g40-p-l-langen-artisan","status":"publish","type":"product","link":"https:\/\/baldumarket.lt\/lt\/product\/szafka-kuchenna-gorna-1-drzwiowa-g40-p-l-langen-artisan\/","title":{"rendered":"Vir\u0161utin\u0117 virtuv\u0117s spintel\u0117 1 dur\u0173 G40 R\/L Langen Artisan"},"content":{"rendered":"<p>Atraskite unikali\u0105 \u201eLangen Artisan\u201c vir\u0161utin\u0119 vien\u0173 dur\u0173 virtuv\u0117s spintel\u0119, kuri suteiks j\u016bs\u0173 virtuvei jaukumo ir \u017eavesio. Stilingas \u201eArtisan Oak\u201c dizainas suteikia bet kuriai virtuvei unikal\u0173 charakter\u012f. Klasikin\u0117 i\u0161vaizda harmoningai dera su moderniu interjeru, sukurdama jauki\u0105 erdv\u0119, kupin\u0105 \u0161ilumos ir elegancijos.<\/p>\n<p>\u0160i virtuv\u0117s spintel\u0117 pasi\u017eymi ne tik vizualine estetika, bet ir puikiu funkcionalumu. Jos i\u0161manus dizainas u\u017etikrina patog\u0173 b\u016btiniausi\u0173 virtuv\u0117s pried\u0173 laikym\u0105, maksimaliai i\u0161naudojant darbo viet\u0105. Klasikini\u0173 juod\u0173 metalini\u0173 ranken\u0117li\u0173 arba diskreti\u0161kos paspaudimu atidaromos sistemos pasirinkimas leid\u017eia pritaikyti spintel\u0119 pagal individualius poreikius.<\/p>\n<p>Spintel\u0117s priekiui ir korpusui naudojama patvari laminuota plok\u0161t\u0117 garantuoja patvarum\u0105 nuo kasdienio nusid\u0117v\u0117jimo ir kokyb\u0119 daugel\u012f met\u0173. D\u0117l to spintel\u0117 yra investicija, kuri laikui b\u0117gant i\u0161liks geros b\u016bkl\u0117s, leisdama jums ilgai d\u017eiaugtis puikia jos i\u0161vaizda.<\/p>\n<p>Savaranki\u0161kas surinkimas \u2013 puiki proga m\u0117gautis savo darbo rezultatais ir idealiai priderinti \u201eLangen Artisan\u201c virtuv\u0117s spintel\u0119 prie savo erdv\u0117s. Nesvarbu, ar projektuojate nauj\u0105 virtuv\u0119, ar ie\u0161kote greito remonto, \u0161i spintel\u0117 yra puikus pasirinkimas. Kompakti\u0161ki matmenys puikiai tinka tiek ma\u017eoms, tiek didesn\u0117ms erdv\u0117ms, suteikia stiliaus ir funkcionalumo.<\/p>","protected":false},"excerpt":{"rendered":"<p>Plotis (cm): 40<br \/>\n\u016agis (cm): 72<br \/>\nGylis (cm): 32<\/p>","protected":false},"featured_media":158031,"comment_status":"open","ping_status":"open","template":"","meta":[],"product_brand":[],"product_cat":[9442,4106],"product_tag":[],"class_list":{"0":"post-158030","1":"product","2":"type-product","3":"status-publish","4":"has-post-thumbnail","6":"product_cat-kitchen-system-langen-dab-artisan","7":"product_cat-gala-meble","9":"first","10":"instock","11":"purchasable","12":"product-type-simple"},"_links":{"self":[{"href":"https:\/\/baldumarket.lt\/lt\/wp-json\/wp\/v2\/product\/158030","targetHints":{"allow":["GET"]}}],"collection":[{"href":"https:\/\/baldumarket.lt\/lt\/wp-json\/wp\/v2\/product"}],"about":[{"href":"https:\/\/baldumarket.lt\/lt\/wp-json\/wp\/v2\/types\/product"}],"replies":[{"embeddable":true,"href":"https:\/\/baldumarket.lt\/lt\/wp-json\/wp\/v2\/comments?post=158030"}],"wp:featuredmedia":[{"embeddable":true,"href":"https:\/\/baldumarket.lt\/lt\/wp-json\/wp\/v2\/media\/158031"}],"wp:attachment":[{"href":"https:\/\/baldumarket.lt\/lt\/wp-json\/wp\/v2\/media?parent=158030"}],"wp:term":[{"taxonomy":"product_brand","embeddable":true,"href":"https:\/\/baldumarket.lt\/lt\/wp-json\/wp\/v2\/product_brand?post=158030"},{"taxonomy":"product_cat","embeddable":true,"href":"https:\/\/baldumarket.lt\/lt\/wp-json\/wp\/v2\/product_cat?post=158030"},{"taxonomy":"product_tag","embeddable":true,"href":"https:\/\/baldumarket.lt\/lt\/wp-json\/wp\/v2\/product_tag?post=158030"}],"curies":[{"name":"wp","href":"https:\/\/api.w.org\/{rel}","templated":true}]}}