{"id":158025,"date":"2025-12-18T23:49:01","date_gmt":"2025-12-18T20:49:01","guid":{"rendered":"https:\/\/baldumarket.lt\/product\/szafka-kuchenna-gorna-1-drzwiowa-g40-p-l-langen-beige\/"},"modified":"2026-02-18T11:25:27","modified_gmt":"2026-02-18T08:25:27","slug":"szafka-kuchenna-gorna-1-drzwiowa-g40-p-l-langen-beige","status":"publish","type":"product","link":"https:\/\/baldumarket.lt\/lt\/product\/szafka-kuchenna-gorna-1-drzwiowa-g40-p-l-langen-beige\/","title":{"rendered":"Vir\u0161utin\u0117 virtuv\u0117s spintel\u0117 1 dur\u0173 G40 P\/L Langen Beige"},"content":{"rendered":"<p>Pakeiskite savo interjer\u0105 \u012f modern\u0173 stili\u0173 su \u201eG40 Langen Beige\u201c virtuv\u0117s spintele, kuri i\u0161siskiria eleganti\u0161ku paprastumu. Subtilus sm\u0117lio spalvos priekis sukuria maloni\u0105 ir \u0161ilt\u0105 atmosfer\u0105 j\u016bs\u0173 virtuv\u0117je. Matin\u0117 apdaila traukia d\u0117mes\u012f ir pabr\u0117\u017eia unikal\u0173 \u0161ios spintel\u0117s charakter\u012f, puikiai deran\u010di\u0105 prie kit\u0173 bald\u0173. \u0160ios spintel\u0117s funkcionalumas buvo kruop\u0161\u010diai sukurtas siekiant palengvinti kasdien\u012f virtuv\u0117s erdv\u0117s naudojim\u0105. Plonas, ta\u010diau erdvus dizainas u\u017etikrina, kad visi b\u016btini virtuv\u0117s reikmenys ar maistas visada b\u016bt\u0173 ranka pasiekiami. Ji idealiai tinka kompakti\u0161koms virtuv\u0117ms, kur svarbus kiekvienas centimetras, o eleganti\u0161ka meni\u0161ko \u0105\u017euolo i\u0161vaizda suteikia erdvei prabangaus \u017eavesio. Juoda metalin\u0117 rankena suteikia spintelei subtil\u0173 industrinio stiliaus prisilietim\u0105, kuris \u0161iuo metu yra itin madingas. Ji subtiliai kontrastuoja su \u0161viesiu priekin\u0117s dalies atspalviu, prid\u0117dama netik\u0117t\u0105, ta\u010diau laukiam\u0105 dekoratyvin\u012f element\u0105, kuris \u0161i\u0105 spintel\u0119 daro dar unikalesn\u0119.<\/p>","protected":false},"excerpt":{"rendered":"<p>Plotis (cm): 40<br \/>\n\u016agis (cm): 72<br \/>\nGylis (cm): 32<\/p>","protected":false},"featured_media":158026,"comment_status":"open","ping_status":"open","template":"","meta":[],"product_brand":[],"product_cat":[9442,4106],"product_tag":[],"class_list":{"0":"post-158025","1":"product","2":"type-product","3":"status-publish","4":"has-post-thumbnail","6":"product_cat-kitchen-system-langen-dab-artisan","7":"product_cat-gala-meble","9":"first","10":"instock","11":"purchasable","12":"product-type-simple"},"_links":{"self":[{"href":"https:\/\/baldumarket.lt\/lt\/wp-json\/wp\/v2\/product\/158025","targetHints":{"allow":["GET"]}}],"collection":[{"href":"https:\/\/baldumarket.lt\/lt\/wp-json\/wp\/v2\/product"}],"about":[{"href":"https:\/\/baldumarket.lt\/lt\/wp-json\/wp\/v2\/types\/product"}],"replies":[{"embeddable":true,"href":"https:\/\/baldumarket.lt\/lt\/wp-json\/wp\/v2\/comments?post=158025"}],"wp:featuredmedia":[{"embeddable":true,"href":"https:\/\/baldumarket.lt\/lt\/wp-json\/wp\/v2\/media\/158026"}],"wp:attachment":[{"href":"https:\/\/baldumarket.lt\/lt\/wp-json\/wp\/v2\/media?parent=158025"}],"wp:term":[{"taxonomy":"product_brand","embeddable":true,"href":"https:\/\/baldumarket.lt\/lt\/wp-json\/wp\/v2\/product_brand?post=158025"},{"taxonomy":"product_cat","embeddable":true,"href":"https:\/\/baldumarket.lt\/lt\/wp-json\/wp\/v2\/product_cat?post=158025"},{"taxonomy":"product_tag","embeddable":true,"href":"https:\/\/baldumarket.lt\/lt\/wp-json\/wp\/v2\/product_tag?post=158025"}],"curies":[{"name":"wp","href":"https:\/\/api.w.org\/{rel}","templated":true}]}}