{"id":158022,"date":"2025-12-18T23:48:56","date_gmt":"2025-12-18T20:48:56","guid":{"rendered":"https:\/\/baldumarket.lt\/product\/szafka-kuchenna-gorna-1-drzwiowa-g40-p-l-langen-grey\/"},"modified":"2026-02-18T11:25:27","modified_gmt":"2026-02-18T08:25:27","slug":"szafka-kuchenna-gorna-1-drzwiowa-g40-p-l-langen-grey","status":"publish","type":"product","link":"https:\/\/baldumarket.lt\/lt\/product\/szafka-kuchenna-gorna-1-drzwiowa-g40-p-l-langen-grey\/","title":{"rendered":"Vir\u0161utin\u0117 virtuv\u0117s spintel\u0117, 1 dur\u0173, G40, pilka, Langen"},"content":{"rendered":"<p>Atnaujinkite savo virtuv\u0119 eleganti\u0161ka \u201eLangen Grey G40\u201c virtuv\u0117s spintele i\u0161 \u201eGa\u0142a Meble\u201c. D\u0117l modernaus dizaino ir subtilios matin\u0117s pilkos spalvos \u0161i vir\u0161utin\u0117 spintel\u0117 puikiai dera prie bet kokio interjero, suteikdama modernaus \u017eavesio ir gaivumo. Tai tobulas estetikos ir funkcionalumo derinys, kuris patenkins net ir i\u0161rankiausius dizaino entuziastus.<\/p>\n<p>Spintel\u0117s priekin\u0117 dalis pagaminta i\u0161 auk\u0161tos kokyb\u0117s MDF plok\u0161t\u0117s, u\u017etikrinan\u010dios patvarum\u0105 ir atsparum\u0105 kasdieniam naudojimui, o tai ne\u012fkainojama dinami\u0161kai besikei\u010dian\u010dioje virtuv\u0117s aplinkoje. Matin\u0117s pilkos spalvos apdaila suteikia jai subtilios elegancijos, kuri lengvai dera su kitais dekoro elementais.<\/p>\n<p>\u201eLangen Grey\u201c spintel\u0117 yra ne\u012ftik\u0117tinai prakti\u0161ka d\u0117l gerai apgalvoto dizaino. Korpusas, pagamintas i\u0161 laminuotos plok\u0161t\u0117s, deran\u010dios su \u201eArtisan Oak\u201c spalva, i\u0161ry\u0161kina nat\u016bral\u0173 medienos atspalvi\u0173 \u017eaves\u012f, sukurdamas harmoning\u0105 visum\u0105 su pilku priekiu. Klasikin\u0117 juoda metalin\u0117 rankena ne tik suteikia spintelei stiliaus, bet ir u\u017etikrina patog\u0173 naudojim\u0105.<\/p>\n<p>Sukurkite virtuv\u0119, kuri taps j\u016bs\u0173 nam\u0173 \u0161irdimi, pasinaudodami \u0161io eleganti\u0161ko baldo teikiamomis galimyb\u0117mis. \u0160i spintel\u0117 yra ne tik gra\u017eus j\u016bs\u0173 interjero papildymas, bet ir funkcionalus, erdv\u0119 taupantis sprendimas. D\u0117l lengvo surinkimo gal\u0117site m\u0117gautis nauju dekoru beveik i\u0161 karto po pristatymo. \u201eLangen Grey G40\u201c spintel\u0117 yra puikus stiliaus ir funkcionalumo derinys, kuris neabejotinai papuo\u0161 j\u016bs\u0173 interjer\u0105.<\/p>","protected":false},"excerpt":{"rendered":"<p>Plotis (cm): 40<br \/>\n\u016agis (cm): 72<br \/>\nGylis (cm): 32<\/p>","protected":false},"featured_media":156814,"comment_status":"open","ping_status":"open","template":"","meta":[],"product_brand":[],"product_cat":[9442,4106],"product_tag":[],"class_list":{"0":"post-158022","1":"product","2":"type-product","3":"status-publish","4":"has-post-thumbnail","6":"product_cat-kitchen-system-langen-dab-artisan","7":"product_cat-gala-meble","9":"first","10":"instock","11":"purchasable","12":"product-type-simple"},"_links":{"self":[{"href":"https:\/\/baldumarket.lt\/lt\/wp-json\/wp\/v2\/product\/158022","targetHints":{"allow":["GET"]}}],"collection":[{"href":"https:\/\/baldumarket.lt\/lt\/wp-json\/wp\/v2\/product"}],"about":[{"href":"https:\/\/baldumarket.lt\/lt\/wp-json\/wp\/v2\/types\/product"}],"replies":[{"embeddable":true,"href":"https:\/\/baldumarket.lt\/lt\/wp-json\/wp\/v2\/comments?post=158022"}],"wp:featuredmedia":[{"embeddable":true,"href":"https:\/\/baldumarket.lt\/lt\/wp-json\/wp\/v2\/media\/156814"}],"wp:attachment":[{"href":"https:\/\/baldumarket.lt\/lt\/wp-json\/wp\/v2\/media?parent=158022"}],"wp:term":[{"taxonomy":"product_brand","embeddable":true,"href":"https:\/\/baldumarket.lt\/lt\/wp-json\/wp\/v2\/product_brand?post=158022"},{"taxonomy":"product_cat","embeddable":true,"href":"https:\/\/baldumarket.lt\/lt\/wp-json\/wp\/v2\/product_cat?post=158022"},{"taxonomy":"product_tag","embeddable":true,"href":"https:\/\/baldumarket.lt\/lt\/wp-json\/wp\/v2\/product_tag?post=158022"}],"curies":[{"name":"wp","href":"https:\/\/api.w.org\/{rel}","templated":true}]}}