{"id":158017,"date":"2025-12-18T23:48:47","date_gmt":"2025-12-18T20:48:47","guid":{"rendered":"https:\/\/baldumarket.lt\/product\/szafka-kuchenna-gorna-1-drzwiowa-g40-p-l-linea-grey-szary-mat\/"},"modified":"2026-02-18T11:34:03","modified_gmt":"2026-02-18T08:34:03","slug":"szafka-kuchenna-gorna-1-drzwiowa-g40-p-l-linea-grey-szary-mat","status":"publish","type":"product","link":"https:\/\/baldumarket.lt\/lt\/product\/szafka-kuchenna-gorna-1-drzwiowa-g40-p-l-linea-grey-szary-mat\/","title":{"rendered":"Vir\u0161utin\u0117 virtuv\u0117s spintel\u0117, 1 dur\u0173, G40 R\/K, \u201eLinea\u201c pilkai matin\u0117"},"content":{"rendered":"<p>Pakelkite savo virtuv\u0119 \u012f kit\u0105 lyg\u012f su \u0161ia eleganti\u0161ka vien\u0173 dureli\u0173 vir\u0161utine virtuv\u0117s spintele i\u0161 \u201eLinea Grey\u201c linijos. \u0160is baldas derina paprastum\u0105 ir modernum\u0105, suteikdamas j\u016bs\u0173 interjerui unikalaus \u017eavesio. Matinis pilkas priekis kartu su matiniu baltu korpusu sukuria harmoning\u0105 visum\u0105, kuri puikiai dera su \u012fvairiomis sien\u0173 spalvomis ir aksesuarais. \u201eGa\u0142a Meble\u201c G40 spintel\u0117 yra puikus sprendimas tiems, kurie vertina ne tik estetik\u0105, bet ir funkcionalum\u0105. D\u0117l kompakti\u0161ko 40 cm plo\u010dio ir 72 cm auk\u0161\u010dio ji lengvai telpa net ir ma\u017eose erdv\u0117se, tod\u0117l jos tampa erdvesn\u0117s ir tvarkingesn\u0117s. Subtil\u016bs savaime u\u017esidarantys vyriai u\u017etikrina tyl\u0173 ir skland\u0173 atidarym\u0105 bei u\u017edarym\u0105, o tai itin prakti\u0161ka kasdieniam naudojimui. Blizgus MDF priekis suteikia spintelei rafinuoto charakterio, be to, yra atsparus \u012fbr\u0117\u017eimams ir kitiems pa\u017eeidimams. Laminuotos plok\u0161t\u0117s korpusas yra ne tik patvarus, bet ir lengvai valomas \u2013 ne\u012fkainojamas privalumas bet kuriuose moderniuose namuose. Pilka spalva yra madingas pasirinkimas, kuris lengvai \u012fsilieja \u012f bet kok\u012f interjer\u0105, suteikdamas stiliaus ir elegancijos.<\/p>","protected":false},"excerpt":{"rendered":"<p>Plotis (cm): 40<br \/>\n\u016agis (cm): 72<br \/>\nGylis (cm): 32<\/p>","protected":false},"featured_media":158018,"comment_status":"open","ping_status":"open","template":"","meta":[],"product_brand":[],"product_cat":[9446,4106],"product_tag":[],"class_list":{"0":"post-158017","1":"product","2":"type-product","3":"status-publish","4":"has-post-thumbnail","6":"product_cat-kitchen-system-linea-white","7":"product_cat-gala-meble","9":"first","10":"instock","11":"purchasable","12":"product-type-simple"},"_links":{"self":[{"href":"https:\/\/baldumarket.lt\/lt\/wp-json\/wp\/v2\/product\/158017","targetHints":{"allow":["GET"]}}],"collection":[{"href":"https:\/\/baldumarket.lt\/lt\/wp-json\/wp\/v2\/product"}],"about":[{"href":"https:\/\/baldumarket.lt\/lt\/wp-json\/wp\/v2\/types\/product"}],"replies":[{"embeddable":true,"href":"https:\/\/baldumarket.lt\/lt\/wp-json\/wp\/v2\/comments?post=158017"}],"wp:featuredmedia":[{"embeddable":true,"href":"https:\/\/baldumarket.lt\/lt\/wp-json\/wp\/v2\/media\/158018"}],"wp:attachment":[{"href":"https:\/\/baldumarket.lt\/lt\/wp-json\/wp\/v2\/media?parent=158017"}],"wp:term":[{"taxonomy":"product_brand","embeddable":true,"href":"https:\/\/baldumarket.lt\/lt\/wp-json\/wp\/v2\/product_brand?post=158017"},{"taxonomy":"product_cat","embeddable":true,"href":"https:\/\/baldumarket.lt\/lt\/wp-json\/wp\/v2\/product_cat?post=158017"},{"taxonomy":"product_tag","embeddable":true,"href":"https:\/\/baldumarket.lt\/lt\/wp-json\/wp\/v2\/product_tag?post=158017"}],"curies":[{"name":"wp","href":"https:\/\/api.w.org\/{rel}","templated":true}]}}