{"id":158013,"date":"2025-12-18T23:48:41","date_gmt":"2025-12-18T20:48:41","guid":{"rendered":"https:\/\/baldumarket.lt\/product\/szafka-kuchenna-gorna-1-drzwiowa-g40g-p-l-langen-artisan\/"},"modified":"2026-02-18T11:25:27","modified_gmt":"2026-02-18T08:25:27","slug":"szafka-kuchenna-gorna-1-drzwiowa-g40g-p-l-langen-artisan","status":"publish","type":"product","link":"https:\/\/baldumarket.lt\/lt\/product\/szafka-kuchenna-gorna-1-drzwiowa-g40g-p-l-langen-artisan\/","title":{"rendered":"Vir\u0161utin\u0117 virtuv\u0117s spintel\u0117 1 dur\u0173 G40G P\/L Langen Artisan"},"content":{"rendered":"<p>Kvie\u010diame atrasti \u201eLangen Artisan\u201c vir\u0161utin\u0117s virtuv\u0117s spintel\u0117s elegancij\u0105 ir funkcionalum\u0105. Subtilus \u201eArtisan\u201c \u0105\u017euolo atspalvis suteikia bet kuriai virtuvei \u0161ilumos ir nat\u016bralumo. D\u0117l \u0161io unikalaus stiliaus \u0161is baldas lengvai dera tiek prie modernaus, tiek prie klasikinio interjero, sukurdamas harmoning\u0105 visum\u0105.<\/p>\n<p>Unikali laminato konstrukcija spintel\u0119 daro ne tik esteti\u0161kai patraukli\u0105, bet ir atspari\u0105 kasdieniams \u012fbr\u0117\u017eimams bei kitiems pa\u017eeidimams. Tai u\u017etikrina, kad ji tarnaus jums daugel\u012f met\u0173, i\u0161laikydama nepakitusi\u0105 i\u0161vaizd\u0105. Be to, juoda metalin\u0117 rankena yra puikus akcentas, pabr\u0117\u017eiantis jos modern\u0173 charakter\u012f.<\/p>\n<p>Vir\u0161utin\u0117 \u201eLangen Artisan\u201c virtuv\u0117s spintel\u0117 yra ne tik stilinga \u2013 ji taip pat funkcionali. Prakti\u0161ki virtuv\u0117s sprendimai paver\u010dia erdv\u0117s tvarkym\u0105 m\u0117gstamu u\u017esi\u0117mimu. J\u0173 d\u0117ka visi svarbiausi virtuv\u0117s reikmenys lengvai ras savo viet\u0105, tod\u0117l kiekvien\u0105 dien\u0105 gal\u0117site m\u0117gautis tvarkinga ir organizuota virtuve.<\/p>\n<p>Paverskite savo virtuv\u0119 vieta, kur estetika dera su funkcionalumu. Paprastas montavimas rei\u0161kia, kad galite greitai \u012fgyvendinti savo tobulos virtuv\u0117s vizij\u0105, nereikalaudami profesionalios pagalbos. Rinkit\u0117s \u201eLangen Artisan\u201c spinteles, kad suteiktum\u0117te savo virtuvei gaiv\u0173, nauj\u0105 vaizd\u0105.<\/p>","protected":false},"excerpt":{"rendered":"<p>Plotis (cm): 40<br \/>\n\u016agis (cm): 72<br \/>\nGylis (cm): 45<\/p>","protected":false},"featured_media":158014,"comment_status":"open","ping_status":"open","template":"","meta":[],"product_brand":[],"product_cat":[9442,4106],"product_tag":[],"class_list":{"0":"post-158013","1":"product","2":"type-product","3":"status-publish","4":"has-post-thumbnail","6":"product_cat-kitchen-system-langen-dab-artisan","7":"product_cat-gala-meble","9":"first","10":"instock","11":"purchasable","12":"product-type-simple"},"_links":{"self":[{"href":"https:\/\/baldumarket.lt\/lt\/wp-json\/wp\/v2\/product\/158013","targetHints":{"allow":["GET"]}}],"collection":[{"href":"https:\/\/baldumarket.lt\/lt\/wp-json\/wp\/v2\/product"}],"about":[{"href":"https:\/\/baldumarket.lt\/lt\/wp-json\/wp\/v2\/types\/product"}],"replies":[{"embeddable":true,"href":"https:\/\/baldumarket.lt\/lt\/wp-json\/wp\/v2\/comments?post=158013"}],"wp:featuredmedia":[{"embeddable":true,"href":"https:\/\/baldumarket.lt\/lt\/wp-json\/wp\/v2\/media\/158014"}],"wp:attachment":[{"href":"https:\/\/baldumarket.lt\/lt\/wp-json\/wp\/v2\/media?parent=158013"}],"wp:term":[{"taxonomy":"product_brand","embeddable":true,"href":"https:\/\/baldumarket.lt\/lt\/wp-json\/wp\/v2\/product_brand?post=158013"},{"taxonomy":"product_cat","embeddable":true,"href":"https:\/\/baldumarket.lt\/lt\/wp-json\/wp\/v2\/product_cat?post=158013"},{"taxonomy":"product_tag","embeddable":true,"href":"https:\/\/baldumarket.lt\/lt\/wp-json\/wp\/v2\/product_tag?post=158013"}],"curies":[{"name":"wp","href":"https:\/\/api.w.org\/{rel}","templated":true}]}}