{"id":158008,"date":"2025-12-18T23:48:30","date_gmt":"2025-12-18T20:48:30","guid":{"rendered":"https:\/\/baldumarket.lt\/product\/szafka-kuchenna-gorna-1-drzwiowa-g40g-p-l-langen-beige\/"},"modified":"2026-02-18T11:25:27","modified_gmt":"2026-02-18T08:25:27","slug":"szafka-kuchenna-gorna-1-drzwiowa-g40g-p-l-langen-beige","status":"publish","type":"product","link":"https:\/\/baldumarket.lt\/lt\/product\/szafka-kuchenna-gorna-1-drzwiowa-g40g-p-l-langen-beige\/","title":{"rendered":"Vir\u0161utin\u0117 virtuv\u0117s spintel\u0117 1 dur\u0173 G40G P\/L Langen Beige"},"content":{"rendered":"<p>Pristatome Jums vien\u0173 dur\u0173 vir\u0161utin\u0119 virtuv\u0117s spintel\u0119 i\u0161 \u201eLangen\u201c kolekcijos, kuri spinduliuoja subtilia elegancija ir nesenstan\u010diu stiliumi. Matin\u0117s sm\u0117lio spalvos priekis kartu su \u0161iltu \u201eArtisan Oak\u201c atspalviu ant korpuso sukuria harmoning\u0105 kompozicij\u0105, puikiai papildan\u010di\u0105 modern\u0173 virtuv\u0117s dizain\u0105. \u0160i spintel\u0117 \u2013 puikus pasirinkimas tiems, kurie vertina klasikin\u0119 estetik\u0105 su modernumo prieskoniu. Pagaminta i\u0161 patvarios MDF ir auk\u0161tos kokyb\u0117s laminato plok\u0161t\u0117s, \u201eLangen\u201c spintel\u0117 derina patvarum\u0105 ir elegancij\u0105, si\u016blydama gro\u017e\u012f, kuris tarnaus ilgus metus. D\u0117l i\u0161skirtini\u0173 juodo metalo ranken\u0173 \u0161is baldas subtiliai suteikia charakterio visam interjerui. Spintel\u0117 pasi\u017eymi patogiu naudojimu, kuriuo m\u0117gausit\u0117s kiekvien\u0105 dien\u0105. Gerai apgalvotas spintel\u0117s dizainas puikiai papildys J\u016bs\u0173 virtuv\u0119, u\u017etikrindamas funkcionalum\u0105 ir patogum\u0105. Lyg\u016bs pavir\u0161iai ir minimalistin\u0117s detal\u0117s leid\u017eia lengvai palaikyti \u0161var\u0105 ir u\u017etikrina, kad J\u016bs\u0173 virtuv\u0117 visada atrodyt\u0173 nepriekai\u0161tingai. Patikimumas ir prakti\u0161kumas atitinka naujausias interjero dizaino tendencijas.<\/p>","protected":false},"excerpt":{"rendered":"<p>Plotis (cm): 40<br \/>\n\u016agis (cm): 72<br \/>\nGylis (cm): 45<\/p>","protected":false},"featured_media":158009,"comment_status":"open","ping_status":"open","template":"","meta":[],"product_brand":[],"product_cat":[9442,4106],"product_tag":[],"class_list":{"0":"post-158008","1":"product","2":"type-product","3":"status-publish","4":"has-post-thumbnail","6":"product_cat-kitchen-system-langen-dab-artisan","7":"product_cat-gala-meble","9":"first","10":"instock","11":"purchasable","12":"product-type-simple"},"_links":{"self":[{"href":"https:\/\/baldumarket.lt\/lt\/wp-json\/wp\/v2\/product\/158008","targetHints":{"allow":["GET"]}}],"collection":[{"href":"https:\/\/baldumarket.lt\/lt\/wp-json\/wp\/v2\/product"}],"about":[{"href":"https:\/\/baldumarket.lt\/lt\/wp-json\/wp\/v2\/types\/product"}],"replies":[{"embeddable":true,"href":"https:\/\/baldumarket.lt\/lt\/wp-json\/wp\/v2\/comments?post=158008"}],"wp:featuredmedia":[{"embeddable":true,"href":"https:\/\/baldumarket.lt\/lt\/wp-json\/wp\/v2\/media\/158009"}],"wp:attachment":[{"href":"https:\/\/baldumarket.lt\/lt\/wp-json\/wp\/v2\/media?parent=158008"}],"wp:term":[{"taxonomy":"product_brand","embeddable":true,"href":"https:\/\/baldumarket.lt\/lt\/wp-json\/wp\/v2\/product_brand?post=158008"},{"taxonomy":"product_cat","embeddable":true,"href":"https:\/\/baldumarket.lt\/lt\/wp-json\/wp\/v2\/product_cat?post=158008"},{"taxonomy":"product_tag","embeddable":true,"href":"https:\/\/baldumarket.lt\/lt\/wp-json\/wp\/v2\/product_tag?post=158008"}],"curies":[{"name":"wp","href":"https:\/\/api.w.org\/{rel}","templated":true}]}}