{"id":158004,"date":"2025-12-18T23:48:23","date_gmt":"2025-12-18T20:48:23","guid":{"rendered":"https:\/\/baldumarket.lt\/product\/szafka-kuchenna-gorna-1-drzwiowa-g40g-p-l-langen-grey\/"},"modified":"2026-02-18T11:25:27","modified_gmt":"2026-02-18T08:25:27","slug":"szafka-kuchenna-gorna-1-drzwiowa-g40g-p-l-langen-grey","status":"publish","type":"product","link":"https:\/\/baldumarket.lt\/lt\/product\/szafka-kuchenna-gorna-1-drzwiowa-g40g-p-l-langen-grey\/","title":{"rendered":"Vir\u0161utin\u0117 virtuv\u0117s spintel\u0117, 1 dur\u0173, G40G, pilka, Langen"},"content":{"rendered":"<p>Pristatome \u201eLangen Grey G40G P\/L\u201c vir\u0161utin\u0119 virtuv\u0117s spintel\u0119, kuri j\u016bs\u0173 virtuvei suteiks elegancijos ir prakti\u0161kumo. Derindami modern\u0173 dizain\u0105 su funkcionalumu, suk\u016br\u0117me bald\u0105, kuris yra ne tik prakti\u0161ka daikt\u0173 laikymo vieta, bet ir stilingas dekoratyvinis elementas. Matin\u0117 pilka spalva subtiliai papildo \u201eArtisan Oak\u201c apdail\u0105, tod\u0117l ji yra universalus bet kokio interjero papildymas.<\/p>\n<p>\u201eLangen Grey\u201c vir\u0161utin\u0117 spintel\u0117 \u2013 puikus pasirinkimas tiems, kurie vertina estetik\u0105 ir patogum\u0105. 40 cm plo\u010dio ir 72 cm auk\u0161\u010dio spintel\u0117 suteikia pakankamai vietos b\u016btiniausiems virtuv\u0117s priedams ir kitiems kasdieniams daiktams susid\u0117ti. Jos konstrukcija i\u0161 pa\u017eeidimams atsparaus laminato ir MDF u\u017etikrina patvarum\u0105 ir ilgalaik\u012f stabilum\u0105.<\/p>\n<p>Juoda metalin\u0117 rankena suteikia subtil\u0173 kontrast\u0105 ir rafinuoto stiliaus prisilietim\u0105. Tiems, kurie renkasi minimalistinius sprendimus, taip pat si\u016blome nematom\u0105 atidarymo spustel\u0117jus sistem\u0105, kuri leid\u017eia sukurti dizain\u0105 be ranken\u0117li\u0173, ta\u010diau i\u0161laiko lyg\u0173 spintel\u0117s priek\u012f. Tai puikus sprendimas moderniam interjerui, kuriame svarbi kiekviena detal\u0117.<\/p>\n<p>\u201eLangen Grey\u201c spintel\u0117 buvo sukurta lengvam surinkimui, leid\u017eiant j\u0105 pritaikyti individualiems virtuv\u0117s poreikiams. Elegancija ir funkcionalumas dera tarpusavyje, tod\u0117l \u0161is gaminys patenkins net ir reikliausius vartotojus tiek estetikos, tiek prakti\u0161kumo po\u017ei\u016briu.<\/p>","protected":false},"excerpt":{"rendered":"<p>Plotis (cm): 40<br \/>\n\u016agis (cm): 72<br \/>\nGylis (cm): 32<\/p>","protected":false},"featured_media":158005,"comment_status":"open","ping_status":"open","template":"","meta":[],"product_brand":[],"product_cat":[9442,4106],"product_tag":[],"class_list":{"0":"post-158004","1":"product","2":"type-product","3":"status-publish","4":"has-post-thumbnail","6":"product_cat-kitchen-system-langen-dab-artisan","7":"product_cat-gala-meble","9":"first","10":"instock","11":"purchasable","12":"product-type-simple"},"_links":{"self":[{"href":"https:\/\/baldumarket.lt\/lt\/wp-json\/wp\/v2\/product\/158004","targetHints":{"allow":["GET"]}}],"collection":[{"href":"https:\/\/baldumarket.lt\/lt\/wp-json\/wp\/v2\/product"}],"about":[{"href":"https:\/\/baldumarket.lt\/lt\/wp-json\/wp\/v2\/types\/product"}],"replies":[{"embeddable":true,"href":"https:\/\/baldumarket.lt\/lt\/wp-json\/wp\/v2\/comments?post=158004"}],"wp:featuredmedia":[{"embeddable":true,"href":"https:\/\/baldumarket.lt\/lt\/wp-json\/wp\/v2\/media\/158005"}],"wp:attachment":[{"href":"https:\/\/baldumarket.lt\/lt\/wp-json\/wp\/v2\/media?parent=158004"}],"wp:term":[{"taxonomy":"product_brand","embeddable":true,"href":"https:\/\/baldumarket.lt\/lt\/wp-json\/wp\/v2\/product_brand?post=158004"},{"taxonomy":"product_cat","embeddable":true,"href":"https:\/\/baldumarket.lt\/lt\/wp-json\/wp\/v2\/product_cat?post=158004"},{"taxonomy":"product_tag","embeddable":true,"href":"https:\/\/baldumarket.lt\/lt\/wp-json\/wp\/v2\/product_tag?post=158004"}],"curies":[{"name":"wp","href":"https:\/\/api.w.org\/{rel}","templated":true}]}}