{"id":158000,"date":"2025-12-18T23:48:16","date_gmt":"2025-12-18T20:48:16","guid":{"rendered":"https:\/\/baldumarket.lt\/product\/szafka-kuchenna-gorna-1-drzwiowa-g45-aspen-grey-szary-polysk\/"},"modified":"2026-02-08T11:21:34","modified_gmt":"2026-02-08T08:21:34","slug":"szafka-kuchenna-gorna-1-drzwiowa-g45-aspen-grey-szary-polysk","status":"publish","type":"product","link":"https:\/\/baldumarket.lt\/lt\/product\/szafka-kuchenna-gorna-1-drzwiowa-g45-aspen-grey-szary-polysk\/","title":{"rendered":"G45 drebul\u0117s pilkos blizgios vir\u0161utin\u0117s virtuv\u0117s spintel\u0117s su 1 durel\u0117mis"},"content":{"rendered":"<p>\u201eAspen Grey\u201c virtuv\u0117s vir\u0161utin\u0117 spintel\u0117 \u2013 tai gryna elegancija. Jos blizg\u016bs pilki fasadai \u2013 puikus sprendimas modernaus dizaino m\u0117g\u0117jams, norintiems savo virtuvei suteikti klasikin\u0117s elegancijos. Pilkos spalvos ir matin\u0117s baltos spalvos korpuso derinys sukuria subtil\u0173, ta\u010diau ak\u012f traukiant\u012f kontrast\u0105, suteikiant\u012f bet kokiam interjerui gaivumo ir lengvumo. Puikiai tinka tiems, kurie vertina ne tik funkcionalum\u0105, bet ir estetik\u0105.<\/p>\n<p>Virtuv\u0117je, kurioje svarbiausia ramyb\u0117 ir harmonija, \u0161i spintel\u0117 tampa pagrindiniu elementu. Ji lengvai sutvarkys erdv\u0119 vir\u0161 stalvir\u0161io ir u\u017etikrins maksimal\u0173 funkcionalum\u0105. D\u0117l gerai apgalvoto dizaino joje tilps viskas, ko reikia kasdieniam maisto ruo\u0161imui. Tai pasirinkimas, atitinkantis tiek ma\u017e\u0173, tiek dideli\u0173 virtuvi\u0173 poreikius.<\/p>\n<p>Vienas i\u0161 \u201eAspen Grey\u201c virtuv\u0117s spinteli\u0173 privalum\u0173 \u2013 savaime u\u017esidarantys vyriai, u\u017etikrinantys komfort\u0105 ir tyl\u0173 veikim\u0105. Jie u\u017etikrina skland\u0173 ir \u0161veln\u0173 dur\u0173 u\u017esidarym\u0105, dar labiau pailgindami j\u0173 ilgaam\u017ei\u0161kum\u0105. \u0160is sprendimas bus \u012fvertintas kiekvien\u0105 kart\u0105 jas atidarant ir u\u017edarant, tod\u0117l darbas virtuv\u0117je taps malonesnis.<\/p>\n<p>\u0160i spintel\u0117 sukurta savaranki\u0161kam surinkimui, tod\u0117l galite visi\u0161kai kontroliuoti surinkimo proces\u0105 ir pritaikyti j\u0105 pagal savo individualius poreikius. \u201eAspen Grey\u201c spalva \u2013 tai pasirinkimas tiems, kurie ie\u0161ko stilingo ir prakti\u0161ko virtuv\u0117s papildymo. Pasitik\u0117kite \u201eGa\u0142a Meble\u201c \u2013 prek\u0117s \u017eenklu, kuris jau daugel\u012f met\u0173 derina modern\u0173 dizain\u0105 su funkcionalumu.<\/p>","protected":false},"excerpt":{"rendered":"<p>Plotis (cm): 45<br \/>\n\u016agis (cm): 72<br \/>\nGylis (cm): 32<\/p>","protected":false},"featured_media":158001,"comment_status":"open","ping_status":"open","template":"","meta":[],"product_brand":[],"product_cat":[9451,4106,9118],"product_tag":[],"class_list":{"0":"post-158000","1":"product","2":"type-product","3":"status-publish","4":"has-post-thumbnail","6":"product_cat-kitchen-system-aspen-grey","7":"product_cat-gala-meble","8":"product_cat-kitchen-cabinets","10":"first","11":"instock","12":"purchasable","13":"product-type-simple"},"_links":{"self":[{"href":"https:\/\/baldumarket.lt\/lt\/wp-json\/wp\/v2\/product\/158000","targetHints":{"allow":["GET"]}}],"collection":[{"href":"https:\/\/baldumarket.lt\/lt\/wp-json\/wp\/v2\/product"}],"about":[{"href":"https:\/\/baldumarket.lt\/lt\/wp-json\/wp\/v2\/types\/product"}],"replies":[{"embeddable":true,"href":"https:\/\/baldumarket.lt\/lt\/wp-json\/wp\/v2\/comments?post=158000"}],"wp:featuredmedia":[{"embeddable":true,"href":"https:\/\/baldumarket.lt\/lt\/wp-json\/wp\/v2\/media\/158001"}],"wp:attachment":[{"href":"https:\/\/baldumarket.lt\/lt\/wp-json\/wp\/v2\/media?parent=158000"}],"wp:term":[{"taxonomy":"product_brand","embeddable":true,"href":"https:\/\/baldumarket.lt\/lt\/wp-json\/wp\/v2\/product_brand?post=158000"},{"taxonomy":"product_cat","embeddable":true,"href":"https:\/\/baldumarket.lt\/lt\/wp-json\/wp\/v2\/product_cat?post=158000"},{"taxonomy":"product_tag","embeddable":true,"href":"https:\/\/baldumarket.lt\/lt\/wp-json\/wp\/v2\/product_tag?post=158000"}],"curies":[{"name":"wp","href":"https:\/\/api.w.org\/{rel}","templated":true}]}}