{"id":157995,"date":"2025-12-18T23:48:07","date_gmt":"2025-12-18T20:48:07","guid":{"rendered":"https:\/\/baldumarket.lt\/product\/szafka-kuchenna-gorna-1-drzwiowa-g45-linea-white-bialy-mat\/"},"modified":"2026-02-18T11:34:03","modified_gmt":"2026-02-18T08:34:03","slug":"szafka-kuchenna-gorna-1-drzwiowa-g45-linea-white-bialy-mat","status":"publish","type":"product","link":"https:\/\/baldumarket.lt\/lt\/product\/szafka-kuchenna-gorna-1-drzwiowa-g45-linea-white-bialy-mat\/","title":{"rendered":"Vir\u0161utin\u0117 1 dur\u0173 virtuv\u0117s spintel\u0117 G45 Linea balta matin\u0117"},"content":{"rendered":"<p>Jei svajojate apie skandinavi\u0161ko stiliaus virtuv\u0119, \u201eGa\u0142a Meble\u201c \u201eLinea White\u201c vien\u0173 dur\u0173 vir\u0161utin\u0117 virtuv\u0117s spintel\u0117 yra puikus pasirinkimas. Matin\u0117 balta spalva suteikia interjerui ne\u012ftik\u0117tino ry\u0161kumo ir lengvumo, sukurdama harmonijos ir elegancijos kupin\u0105 erdv\u0119. D\u0117l paprasto, ta\u010diau modernaus dizaino ji puikiai dera su kitais virtuv\u0117s baldais, sukurdama darn\u0173 ir stiling\u0105 i\u0161d\u0117stym\u0105. \u0160ios spintel\u0117s estetik\u0105 lemia ne tik matin\u0117s baltos spalvos MDF fasadas, bet ir subtilios auksin\u0117s ranken\u0117l\u0117s, suteikian\u010dios prabangos. \u0160ios detal\u0117s daro spintel\u0119 unikali\u0105 ir nepakartojam\u0105, pritraukian\u010di\u0105 net i\u0161rankiausi\u0173 dizaino \u017einov\u0173 d\u0117mes\u012f. Auksin\u0117s metalin\u0117s rankenos yra ne tik patvarios, bet ir suteikia virtuvei elegancijos. Taip pat verta pamin\u0117ti \u201eLinea White\u201c spintel\u0117s funkcionalum\u0105. D\u0117l tyli\u0173 vyri\u0173 dureli\u0173 atidarymas ir u\u017edarymas yra ne\u012ftik\u0117tinai patogus, pa\u0161alinant nereikaling\u0105 triuk\u0161m\u0105. Spintel\u0117 si\u016blo daug vietos svarbiausiems virtuv\u0117s priedams laikyti, tod\u0117l virtuv\u0117je palaikysite tvark\u0105 ir organizuotum\u0105. Patogi vien\u0173 dureli\u0173 atidarymo sistema leid\u017eia lengvai pasiekti turin\u012f, o tai itin prakti\u0161ka kasdieniam naudojimui.<\/p>","protected":false},"excerpt":{"rendered":"<p>Plotis (cm): 45<br \/>\n\u016agis (cm): 72<br \/>\nGylis (cm): 32<\/p>","protected":false},"featured_media":157996,"comment_status":"open","ping_status":"open","template":"","meta":[],"product_brand":[],"product_cat":[9446,4106],"product_tag":[],"class_list":{"0":"post-157995","1":"product","2":"type-product","3":"status-publish","4":"has-post-thumbnail","6":"product_cat-kitchen-system-linea-white","7":"product_cat-gala-meble","9":"first","10":"instock","11":"purchasable","12":"product-type-simple"},"_links":{"self":[{"href":"https:\/\/baldumarket.lt\/lt\/wp-json\/wp\/v2\/product\/157995","targetHints":{"allow":["GET"]}}],"collection":[{"href":"https:\/\/baldumarket.lt\/lt\/wp-json\/wp\/v2\/product"}],"about":[{"href":"https:\/\/baldumarket.lt\/lt\/wp-json\/wp\/v2\/types\/product"}],"replies":[{"embeddable":true,"href":"https:\/\/baldumarket.lt\/lt\/wp-json\/wp\/v2\/comments?post=157995"}],"wp:featuredmedia":[{"embeddable":true,"href":"https:\/\/baldumarket.lt\/lt\/wp-json\/wp\/v2\/media\/157996"}],"wp:attachment":[{"href":"https:\/\/baldumarket.lt\/lt\/wp-json\/wp\/v2\/media?parent=157995"}],"wp:term":[{"taxonomy":"product_brand","embeddable":true,"href":"https:\/\/baldumarket.lt\/lt\/wp-json\/wp\/v2\/product_brand?post=157995"},{"taxonomy":"product_cat","embeddable":true,"href":"https:\/\/baldumarket.lt\/lt\/wp-json\/wp\/v2\/product_cat?post=157995"},{"taxonomy":"product_tag","embeddable":true,"href":"https:\/\/baldumarket.lt\/lt\/wp-json\/wp\/v2\/product_tag?post=157995"}],"curies":[{"name":"wp","href":"https:\/\/api.w.org\/{rel}","templated":true}]}}