{"id":157991,"date":"2025-12-18T23:48:00","date_gmt":"2025-12-18T20:48:00","guid":{"rendered":"https:\/\/baldumarket.lt\/product\/szafka-kuchenna-gorna-1-drzwiowa-g45-p-l-langen-artisan\/"},"modified":"2026-02-18T11:25:11","modified_gmt":"2026-02-18T08:25:11","slug":"szafka-kuchenna-gorna-1-drzwiowa-g45-p-l-langen-artisan","status":"publish","type":"product","link":"https:\/\/baldumarket.lt\/lt\/product\/szafka-kuchenna-gorna-1-drzwiowa-g45-p-l-langen-artisan\/","title":{"rendered":"Vir\u0161utin\u0117 virtuv\u0117s spintel\u0117 1 dur\u0173 G45 R\/L Langen Artisan"},"content":{"rendered":"<p>Suteikite savo virtuvei klas\u0117s su eleganti\u0161ka \u201eLangen Artisan G45\u201c vien\u0173 dur\u0173 vir\u0161utine virtuv\u0117s spintele. Subalansuotos proporcijos ir universalus \u201eArtisan Oak\u201c stilius puikiai papildys tiek modern\u0173, tiek klasikin\u012f interjer\u0105, suteikdamas jauki\u0105 atmosfer\u0105 kiekvienai detalei. Laminuota apdaila ne tik puikiai atrodo, bet ir u\u017etikrina patvarum\u0105, kuris atlaikys kasdienio gyvenimo sunkumus.<\/p>\n<p>Sukurta atsi\u017evelgiant \u012f funkcionalum\u0105, \u0161i spintel\u0117 yra puikus sprendimas bet kuriai virtuvei. D\u0117l kompakti\u0161k\u0173 matmen\u0173 ji tinka net ir ma\u017eesn\u0117ms erdv\u0117ms, maksimaliai i\u0161naudojant turim\u0105 daikt\u0173 laikymo viet\u0105. Ji leid\u017eia laikyti svarbiausius virtuv\u0117s reikmenis, visada juos turint po ranka, tod\u0117l kasdienis maisto gaminimas ir tvarkos palaikymas tampa lengvesni.<\/p>\n<p>Esteti\u0161ka juodo metalo rankena suteikia elegancijos ir pabr\u0117\u017eia modern\u0173 spintel\u0117s charakter\u012f, sukurdama ry\u0161k\u0173 akcent\u0105 medini\u0173 dailylen\u010di\u0173 fone. Taip pat galite rinktis ranken\u0117l\u0117s neturin\u010di\u0105 atidarymo spustel\u0117jus sistem\u0105, kuri pasi\u017eymi minimalistine ir modernia estetika. Tai leid\u017eia jums pasirinkti variant\u0105, kuris geriausiai atitinka j\u016bs\u0173 tobulos virtuv\u0117s vizij\u0105.<\/p>\n<p>Savo spinteli\u0173 surinkimas \u2013 tai galimyb\u0117 asmeni\u0161kai prisid\u0117ti prie savo nam\u0173 dizaino. D\u0117l i\u0161sami\u0173 instrukcij\u0173 surinkimas yra paprastas, o galutinis rezultatas tikrai pranoks j\u016bs\u0173 l\u016bkes\u010dius. Sukurkite erdv\u0119, kuri b\u016bt\u0173 ne tik funkcionali, bet ir atspind\u0117t\u0173 j\u016bs\u0173 stili\u0173 bei skon\u012f.<\/p>\n<p>Rinkit\u0117s \u201eLangen Artisan\u201c spintel\u0119 ir m\u0117gaukit\u0117s formos bei funkcijos harmonija, kuri praturtins j\u016bs\u0173 virtuv\u0119 unikalia estetine ir prakti\u0161ka patirtimi. Tai puiki investicija \u012f erdv\u0119, kuri nusipelno auk\u0161\u010diausios kokyb\u0117s ir i\u0161skirtinio dizaino.<\/p>","protected":false},"excerpt":{"rendered":"<p>Plotis (cm): 45<br \/>\n\u016agis (cm): 72<br \/>\nGylis (cm): 32<\/p>","protected":false},"featured_media":157992,"comment_status":"open","ping_status":"open","template":"","meta":[],"product_brand":[],"product_cat":[9442,4106],"product_tag":[],"class_list":{"0":"post-157991","1":"product","2":"type-product","3":"status-publish","4":"has-post-thumbnail","6":"product_cat-kitchen-system-langen-dab-artisan","7":"product_cat-gala-meble","9":"first","10":"instock","11":"purchasable","12":"product-type-simple"},"_links":{"self":[{"href":"https:\/\/baldumarket.lt\/lt\/wp-json\/wp\/v2\/product\/157991","targetHints":{"allow":["GET"]}}],"collection":[{"href":"https:\/\/baldumarket.lt\/lt\/wp-json\/wp\/v2\/product"}],"about":[{"href":"https:\/\/baldumarket.lt\/lt\/wp-json\/wp\/v2\/types\/product"}],"replies":[{"embeddable":true,"href":"https:\/\/baldumarket.lt\/lt\/wp-json\/wp\/v2\/comments?post=157991"}],"wp:featuredmedia":[{"embeddable":true,"href":"https:\/\/baldumarket.lt\/lt\/wp-json\/wp\/v2\/media\/157992"}],"wp:attachment":[{"href":"https:\/\/baldumarket.lt\/lt\/wp-json\/wp\/v2\/media?parent=157991"}],"wp:term":[{"taxonomy":"product_brand","embeddable":true,"href":"https:\/\/baldumarket.lt\/lt\/wp-json\/wp\/v2\/product_brand?post=157991"},{"taxonomy":"product_cat","embeddable":true,"href":"https:\/\/baldumarket.lt\/lt\/wp-json\/wp\/v2\/product_cat?post=157991"},{"taxonomy":"product_tag","embeddable":true,"href":"https:\/\/baldumarket.lt\/lt\/wp-json\/wp\/v2\/product_tag?post=157991"}],"curies":[{"name":"wp","href":"https:\/\/api.w.org\/{rel}","templated":true}]}}