{"id":157986,"date":"2025-12-18T23:47:51","date_gmt":"2025-12-18T20:47:51","guid":{"rendered":"https:\/\/baldumarket.lt\/product\/szafka-kuchenna-gorna-1-drzwiowa-g45-p-l-langen-beige\/"},"modified":"2026-02-18T11:25:11","modified_gmt":"2026-02-18T08:25:11","slug":"szafka-kuchenna-gorna-1-drzwiowa-g45-p-l-langen-beige","status":"publish","type":"product","link":"https:\/\/baldumarket.lt\/lt\/product\/szafka-kuchenna-gorna-1-drzwiowa-g45-p-l-langen-beige\/","title":{"rendered":"Vir\u0161utin\u0117 virtuv\u0117s spintel\u0117 1 dur\u0173 G45 P\/L Langen Beige"},"content":{"rendered":"<p>J\u016bs\u0173 namai nusipelno bald\u0173, kurie ne tik \u017eav\u0117t\u0173 savo dizainu, bet ir pagerint\u0173 kasdienio gyvenimo komfort\u0105. \u201eGa\u0142a Meble\u201c \u201eLangen Beige\u201c vien\u0173 dur\u0173 vir\u0161utin\u0117 virtuv\u0117s spintel\u0117 \u2013 tai tobulas elegancijos ir funkcionalumo derinys, puikiai papildantis j\u016bs\u0173 virtuv\u0119. Klasikin\u0117 spalv\u0173 gama \u2013 matin\u0117s sm\u0117lio spalvos priekis ir \u201eArtisan Oak\u201c spalvos korpusas \u2013 sukuria harmoning\u0105 kompozicij\u0105, kuri d\u017eiugina kiekvien\u0105 dien\u0105. Pasirinkdami \u0161i\u0105 spintel\u0119, renkat\u0117s bald\u0105, kuris sustiprins stiling\u0105 j\u016bs\u0173 virtuv\u0117s charakter\u012f. Subtilus dizainas ir minimalistin\u0117s linijos leid\u017eia jai der\u0117ti tiek moderniame, tiek klasikiniame interjere. Juoda metalin\u0117 rankena suteikia i\u0161skirtinumo ir kartu yra prakti\u0161kas akcentas. Kiekvienas dur\u0173 atidarymas yra malonus d\u0117l tvirtai pagamintos rankenos, kuri ne tik palengvina prieig\u0105, bet ir pabr\u0117\u017eia spintel\u0117s charakter\u012f. \u201eLangen\u201c vir\u0161utin\u0117 virtuv\u0117s spintel\u0117 yra ne tik esteti\u0161kai patraukli, bet ir prakti\u0161ka. Ji leid\u017eia lengvai laikyti visus b\u016btiniausius virtuv\u0117s reikmenis, padeda palaikyti tvark\u0105 ir organizuotum\u0105. Kompakti\u0161ki matmenys puikiai tinka bet kuriai virtuvei, nepriklausomai nuo jos dyd\u017eio. Tvirta MDF ir laminato konstrukcija garantuoja patvarum\u0105, kuriuo galite pasitik\u0117ti ilgus metus.<\/p>","protected":false},"excerpt":{"rendered":"<p>Plotis (cm): 45<br \/>\n\u016agis (cm): 72<br \/>\nGylis (cm): 32<\/p>","protected":false},"featured_media":157987,"comment_status":"open","ping_status":"open","template":"","meta":[],"product_brand":[],"product_cat":[9442,4106],"product_tag":[],"class_list":{"0":"post-157986","1":"product","2":"type-product","3":"status-publish","4":"has-post-thumbnail","6":"product_cat-kitchen-system-langen-dab-artisan","7":"product_cat-gala-meble","9":"first","10":"instock","11":"purchasable","12":"product-type-simple"},"_links":{"self":[{"href":"https:\/\/baldumarket.lt\/lt\/wp-json\/wp\/v2\/product\/157986","targetHints":{"allow":["GET"]}}],"collection":[{"href":"https:\/\/baldumarket.lt\/lt\/wp-json\/wp\/v2\/product"}],"about":[{"href":"https:\/\/baldumarket.lt\/lt\/wp-json\/wp\/v2\/types\/product"}],"replies":[{"embeddable":true,"href":"https:\/\/baldumarket.lt\/lt\/wp-json\/wp\/v2\/comments?post=157986"}],"wp:featuredmedia":[{"embeddable":true,"href":"https:\/\/baldumarket.lt\/lt\/wp-json\/wp\/v2\/media\/157987"}],"wp:attachment":[{"href":"https:\/\/baldumarket.lt\/lt\/wp-json\/wp\/v2\/media?parent=157986"}],"wp:term":[{"taxonomy":"product_brand","embeddable":true,"href":"https:\/\/baldumarket.lt\/lt\/wp-json\/wp\/v2\/product_brand?post=157986"},{"taxonomy":"product_cat","embeddable":true,"href":"https:\/\/baldumarket.lt\/lt\/wp-json\/wp\/v2\/product_cat?post=157986"},{"taxonomy":"product_tag","embeddable":true,"href":"https:\/\/baldumarket.lt\/lt\/wp-json\/wp\/v2\/product_tag?post=157986"}],"curies":[{"name":"wp","href":"https:\/\/api.w.org\/{rel}","templated":true}]}}