{"id":157982,"date":"2025-12-18T23:47:44","date_gmt":"2025-12-18T20:47:44","guid":{"rendered":"https:\/\/baldumarket.lt\/product\/szafka-kuchenna-gorna-1-drzwiowa-g45-p-l-langen-grey\/"},"modified":"2026-02-18T11:25:11","modified_gmt":"2026-02-18T08:25:11","slug":"szafka-kuchenna-gorna-1-drzwiowa-g45-p-l-langen-grey","status":"publish","type":"product","link":"https:\/\/baldumarket.lt\/lt\/product\/szafka-kuchenna-gorna-1-drzwiowa-g45-p-l-langen-grey\/","title":{"rendered":"Vir\u0161utin\u0117 virtuv\u0117s spintel\u0117 1 dur\u0173 G45 R\/L Langen pilka"},"content":{"rendered":"<p>Atraskite stiling\u0105 elegancij\u0105 su m\u016bs\u0173 pilkos spalvos vien\u0173 dur\u0173 vir\u0161utine virtuv\u0117s spintele \u201eLangen Grey\u201c, kuri savo moderniu dizainu puikiai papildys bet kuri\u0105 virtuv\u0119. Matinis pilkas priekis kartu su \u201eArtisan Oak\u201c korpusu sukuria harmoning\u0105 ir nesenstan\u010di\u0105 kompozicij\u0105. \u0160i spintel\u0117 puikiai der\u0117s prie \u012fvairi\u0173 interjero stili\u0173 \u2013 nuo minimalistini\u0173 iki klasikini\u0173.<\/p>\n<p>Kompakti\u0161kas dydis ir i\u0161man\u016bs sprendimai \u0161i\u0105 spintel\u0119 daro ne tik esteti\u0161kai patraukli\u0105, bet ir funkcionali\u0105. Klasikin\u0117 juodo metalo rankena suteikia charakterio, o atidarymo spustel\u0117jus sistema leid\u017eia sukurti eleganti\u0161k\u0105 i\u0161vaizd\u0105 be ranken\u0117li\u0173. Nepriklausomai nuo pasirinktos versijos, prakti\u0161kumas ir elegancija i\u0161lieka tokie patys.<\/p>\n<p>Patvari laminuota plok\u0161t\u0117, i\u0161 kurios pagamintas spintel\u0117s korpusas, u\u017etikrina atsparum\u0105 pa\u017eeidimams ir kasdieniams virtuv\u0117s i\u0161\u0161\u016bkiams. Tai puikus sprendimas tiems, kurie vertina ir stili\u0173, ir ilgaam\u017ei\u0161kum\u0105. Gamyboje naudojamos med\u017eiagos garantuoja ilgaam\u017ei\u0161kum\u0105 ir lengv\u0105 valym\u0105, o tai labai svarbu virtuv\u0117je.<\/p>\n<p>D\u0117l savaranki\u0161ko surinkimo galimyb\u0117s, spintel\u0117s suasmeninimas ir pritaikymas individualiems poreikiams dar niekada nebuvo toks paprastas. Tai puikus pasirinkimas tiems, kurie m\u0117gsta \u017eingsnis po \u017eingsnio kurti ideal\u0173 interjer\u0105. Rinkit\u0117s pilkos spalvos \u201eLangen\u201c virtuv\u0117s spintel\u0119 ir m\u0117gaukit\u0117s harmoningu stiliaus ir funkcionalumo deriniu kiekvien\u0105 dien\u0105.<\/p>","protected":false},"excerpt":{"rendered":"<p>Plotis (cm): 45<br \/>\n\u016agis (cm): 72<br \/>\nGylis (cm): 32<\/p>","protected":false},"featured_media":157983,"comment_status":"open","ping_status":"open","template":"","meta":[],"product_brand":[],"product_cat":[9442,4106],"product_tag":[],"class_list":{"0":"post-157982","1":"product","2":"type-product","3":"status-publish","4":"has-post-thumbnail","6":"product_cat-kitchen-system-langen-dab-artisan","7":"product_cat-gala-meble","9":"first","10":"instock","11":"purchasable","12":"product-type-simple"},"_links":{"self":[{"href":"https:\/\/baldumarket.lt\/lt\/wp-json\/wp\/v2\/product\/157982","targetHints":{"allow":["GET"]}}],"collection":[{"href":"https:\/\/baldumarket.lt\/lt\/wp-json\/wp\/v2\/product"}],"about":[{"href":"https:\/\/baldumarket.lt\/lt\/wp-json\/wp\/v2\/types\/product"}],"replies":[{"embeddable":true,"href":"https:\/\/baldumarket.lt\/lt\/wp-json\/wp\/v2\/comments?post=157982"}],"wp:featuredmedia":[{"embeddable":true,"href":"https:\/\/baldumarket.lt\/lt\/wp-json\/wp\/v2\/media\/157983"}],"wp:attachment":[{"href":"https:\/\/baldumarket.lt\/lt\/wp-json\/wp\/v2\/media?parent=157982"}],"wp:term":[{"taxonomy":"product_brand","embeddable":true,"href":"https:\/\/baldumarket.lt\/lt\/wp-json\/wp\/v2\/product_brand?post=157982"},{"taxonomy":"product_cat","embeddable":true,"href":"https:\/\/baldumarket.lt\/lt\/wp-json\/wp\/v2\/product_cat?post=157982"},{"taxonomy":"product_tag","embeddable":true,"href":"https:\/\/baldumarket.lt\/lt\/wp-json\/wp\/v2\/product_tag?post=157982"}],"curies":[{"name":"wp","href":"https:\/\/api.w.org\/{rel}","templated":true}]}}