{"id":157977,"date":"2025-12-18T23:47:35","date_gmt":"2025-12-18T20:47:35","guid":{"rendered":"https:\/\/baldumarket.lt\/product\/szafka-kuchenna-gorna-1-drzwiowa-g45-p-l-linea-grey-szary-mat\/"},"modified":"2026-02-18T11:34:03","modified_gmt":"2026-02-18T08:34:03","slug":"szafka-kuchenna-gorna-1-drzwiowa-g45-p-l-linea-grey-szary-mat","status":"publish","type":"product","link":"https:\/\/baldumarket.lt\/lt\/product\/szafka-kuchenna-gorna-1-drzwiowa-g45-p-l-linea-grey-szary-mat\/","title":{"rendered":"Vir\u0161utin\u0117 virtuv\u0117s spintel\u0117, 1 dur\u0173, G45 R\/K, \u201eLinea\u201c pilkai matin\u0117"},"content":{"rendered":"<p>Pasinerkite \u012f elegancij\u0105 ir funkcionalum\u0105 su m\u016bs\u0173 \u201eLinea Grey\u201c virtuv\u0117s vir\u0161utine spintele. Minimalistinis dizainas ir rafinuotas pilkas blizgesys paver\u010dia j\u0105 ne tik prakti\u0161ku, bet ir esteti\u0161ku akcentu bet kurioje virtuv\u0117je. Ji puikiai dera prie modernaus interjero, o subalansuotas atspalvis suteikia subtilaus elegancijos. D\u0117l auk\u0161tos kokyb\u0117s med\u017eiag\u0173, toki\u0173 kaip MDF, spintel\u0117s konstrukcija pasi\u017eymi patvarumu ir ilgaam\u017ei\u0161kumu. Eleganti\u0161ki pilki blizg\u016bs fasadai harmoningai dera su matin\u0117s baltos spalvos korpusu, sukurdami kontrast\u0105, pabr\u0117\u017eiant\u012f modern\u0173 jos charakter\u012f. \u0160is sprendimas skirtas tiems, kurie vertina klasikin\u012f gro\u017e\u012f su modernumo prieskoniu. Kiekviena detal\u0117 sukurta atsi\u017evelgiant \u012f j\u016bs\u0173 patogum\u0105. Savaime u\u017esidarantys vyriai u\u017etikrina skland\u0173 ir tyl\u0173 u\u017edarym\u0105, kuris yra ne\u012fkainojamas kasdieniame virtuv\u0117s naudojime. Funkcionalumas neatsiejamas nuo estetikos, tod\u0117l \u0161i spintel\u0117 puikiai papildo erdv\u0119, kurioje leid\u017eiate laik\u0105 su \u0161eima ir draugais.<\/p>","protected":false},"excerpt":{"rendered":"<p>Plotis (cm): 45<br \/>\n\u016agis (cm): 72<br \/>\nGylis (cm): 32<\/p>","protected":false},"featured_media":157978,"comment_status":"open","ping_status":"open","template":"","meta":[],"product_brand":[],"product_cat":[9446,4106],"product_tag":[],"class_list":{"0":"post-157977","1":"product","2":"type-product","3":"status-publish","4":"has-post-thumbnail","6":"product_cat-kitchen-system-linea-white","7":"product_cat-gala-meble","9":"first","10":"instock","11":"purchasable","12":"product-type-simple"},"_links":{"self":[{"href":"https:\/\/baldumarket.lt\/lt\/wp-json\/wp\/v2\/product\/157977","targetHints":{"allow":["GET"]}}],"collection":[{"href":"https:\/\/baldumarket.lt\/lt\/wp-json\/wp\/v2\/product"}],"about":[{"href":"https:\/\/baldumarket.lt\/lt\/wp-json\/wp\/v2\/types\/product"}],"replies":[{"embeddable":true,"href":"https:\/\/baldumarket.lt\/lt\/wp-json\/wp\/v2\/comments?post=157977"}],"wp:featuredmedia":[{"embeddable":true,"href":"https:\/\/baldumarket.lt\/lt\/wp-json\/wp\/v2\/media\/157978"}],"wp:attachment":[{"href":"https:\/\/baldumarket.lt\/lt\/wp-json\/wp\/v2\/media?parent=157977"}],"wp:term":[{"taxonomy":"product_brand","embeddable":true,"href":"https:\/\/baldumarket.lt\/lt\/wp-json\/wp\/v2\/product_brand?post=157977"},{"taxonomy":"product_cat","embeddable":true,"href":"https:\/\/baldumarket.lt\/lt\/wp-json\/wp\/v2\/product_cat?post=157977"},{"taxonomy":"product_tag","embeddable":true,"href":"https:\/\/baldumarket.lt\/lt\/wp-json\/wp\/v2\/product_tag?post=157977"}],"curies":[{"name":"wp","href":"https:\/\/api.w.org\/{rel}","templated":true}]}}