{"id":157971,"date":"2025-12-18T23:47:24","date_gmt":"2025-12-18T20:47:24","guid":{"rendered":"https:\/\/baldumarket.lt\/product\/szafka-kuchenna-gorna-1-drzwiowa-g45-prowansja-sosna-andersen-bialy-mat\/"},"modified":"2026-02-06T13:08:41","modified_gmt":"2026-02-06T10:08:41","slug":"szafka-kuchenna-gorna-1-drzwiowa-g45-prowansja-sosna-andersen-bialy-mat","status":"publish","type":"product","link":"https:\/\/baldumarket.lt\/lt\/product\/szafka-kuchenna-gorna-1-drzwiowa-g45-prowansja-sosna-andersen-bialy-mat\/","title":{"rendered":"Vir\u0161utin\u0117 virtuv\u0117s spintel\u0117, 1 dur\u0173, G45, Provanso pu\u0161is, Anderseno balta matin\u0117"},"content":{"rendered":"<p>\u012ene\u0161kite Pranc\u016bzijos provincij\u0173 dvasi\u0105 tiesiai \u012f savo virtuv\u0119 su \u0161ia eleganti\u0161ka vien\u0173 dur\u0173 vir\u0161utine virtuv\u0117s spintele i\u0161 \u201eProvence\u201c kolekcijos. Sukurta su i\u0161skirtiniu d\u0117mesiu detal\u0117ms, ji yra tobulas jaukaus stiliaus ir modernumo derinys. Anderseno pu\u0161ies fasadas traukia d\u0117mes\u012f savo nat\u016bralia estetika, suteikdamas \u0161ilumos bet kokiam interjerui. Elegancija ir subtilumas yra \u0161ios spintel\u0117s skiriamieji bruo\u017eai. Subtilus matin\u0117s baltos spalvos korpusas harmoningai papildo fasad\u0105, sukurdamas klasikin\u012f, ta\u010diau kartu ir gaiv\u0173 dizain\u0105. D\u0117l kompakti\u0161k\u0173 matmen\u0173 \u2013 45 cm plo\u010dio, 72 cm auk\u0161\u010dio ir 32 cm gylio \u2013 \u0161i spintel\u0117 tinka net ma\u017eesn\u0117se erdv\u0117se, suteikdama papildomos vietos j\u016bs\u0173 virtuv\u0117s reikmenims. M\u016bs\u0173 gaminys \u017eavi ne tik savo i\u0161vaizda, bet ir funkcionalumu. \u012erengtas savaime u\u017esidaran\u010diais vyriais, jis u\u017etikrina skland\u0173 ir tyl\u0173 dureli\u0173 u\u017edarym\u0105, padidindamas kasdienio naudojimo komfort\u0105. \u0160is prakti\u0161kas sprendimas \u017eymiai padidina spintel\u0117s naudojimo patogum\u0105, paversdamas j\u0105 j\u016bs\u0173 virtuv\u0117s dalimi, kuri patenkins net ir reikliausi\u0173 vartotoj\u0173 reikalavimus.<\/p>","protected":false},"excerpt":{"rendered":"<p>Plotis (cm): 45<br \/>\n\u016agis (cm): 72<br \/>\nGylis (cm): 32<\/p>","protected":false},"featured_media":157972,"comment_status":"open","ping_status":"open","template":"","meta":[],"product_brand":[],"product_cat":[9444,9441,4106,9118],"product_tag":[],"class_list":{"0":"post-157971","1":"product","2":"type-product","3":"status-publish","4":"has-post-thumbnail","6":"product_cat-kitchen-system-prowansja-sosna-andersen","7":"product_cat-white","8":"product_cat-gala-meble","9":"product_cat-kitchen-cabinets","11":"first","12":"instock","13":"purchasable","14":"product-type-simple"},"_links":{"self":[{"href":"https:\/\/baldumarket.lt\/lt\/wp-json\/wp\/v2\/product\/157971","targetHints":{"allow":["GET"]}}],"collection":[{"href":"https:\/\/baldumarket.lt\/lt\/wp-json\/wp\/v2\/product"}],"about":[{"href":"https:\/\/baldumarket.lt\/lt\/wp-json\/wp\/v2\/types\/product"}],"replies":[{"embeddable":true,"href":"https:\/\/baldumarket.lt\/lt\/wp-json\/wp\/v2\/comments?post=157971"}],"wp:featuredmedia":[{"embeddable":true,"href":"https:\/\/baldumarket.lt\/lt\/wp-json\/wp\/v2\/media\/157972"}],"wp:attachment":[{"href":"https:\/\/baldumarket.lt\/lt\/wp-json\/wp\/v2\/media?parent=157971"}],"wp:term":[{"taxonomy":"product_brand","embeddable":true,"href":"https:\/\/baldumarket.lt\/lt\/wp-json\/wp\/v2\/product_brand?post=157971"},{"taxonomy":"product_cat","embeddable":true,"href":"https:\/\/baldumarket.lt\/lt\/wp-json\/wp\/v2\/product_cat?post=157971"},{"taxonomy":"product_tag","embeddable":true,"href":"https:\/\/baldumarket.lt\/lt\/wp-json\/wp\/v2\/product_tag?post=157971"}],"curies":[{"name":"wp","href":"https:\/\/api.w.org\/{rel}","templated":true}]}}