{"id":157967,"date":"2025-12-18T23:47:17","date_gmt":"2025-12-18T20:47:17","guid":{"rendered":"https:\/\/baldumarket.lt\/product\/szafka-kuchenna-gorna-1-drzwiowa-g45g-langen-artisan\/"},"modified":"2026-02-18T11:25:11","modified_gmt":"2026-02-18T08:25:11","slug":"szafka-kuchenna-gorna-1-drzwiowa-g45g-langen-artisan","status":"publish","type":"product","link":"https:\/\/baldumarket.lt\/lt\/product\/szafka-kuchenna-gorna-1-drzwiowa-g45g-langen-artisan\/","title":{"rendered":"Vir\u0161utin\u0117 virtuv\u0117s spintel\u0117 1 dur\u0173 G45G Langen Artisan"},"content":{"rendered":"<p>Atraskite \u201eLangen Artisan G45G\u201c vien\u0173 dureli\u0173 vir\u0161utin\u0117s virtuv\u0117s spintel\u0117s \u017eaves\u012f ir funkcionalum\u0105, kurioje puikiai dera estetika ir prakti\u0161kumas. Sukurta madingo \u201eArtisan Oak\u201c atspalvio, ji suteikia bet kuriai virtuvei \u0161ilumos ir nat\u016bralumo. Tvirti, laminuoti fasadai u\u017etikrina atsparum\u0105 pa\u017eeidimams, tod\u0117l spintel\u0117 daugel\u012f met\u0173 i\u0161laikys unikali\u0105 i\u0161vaizd\u0105.<\/p>\n<p>\u201eLangen Artisan\u201c spintel\u0117 \u2013 tikras virtuv\u0117s sprendim\u0173 perlas. Eleganti\u0161kas jos dizainas puikiai dera tiek prie modernaus, tiek prie klasikinio interjero. Juoda metalin\u0117 rankena suteikia spintelei i\u0161skirtinumo ir pabr\u0117\u017eia nesenstant\u012f charakter\u012f. Minimalistini\u0173 sprendim\u0173 m\u0117g\u0117jams taip pat si\u016bloma atidarymo spustel\u0117jus sistema, leid\u017eianti m\u0117gautis lygiu pavir\u0161iumi be nereikaling\u0173 detali\u0173.<\/p>\n<p>\u0160ios spintel\u0117s funkcionalumas neapsiriboja vien estetika. D\u0117l savo matmen\u0173 (45 cm plo\u010dio, 45 cm gylio, 72 cm auk\u0161\u010dio) ji puikiai tiks bet kurioje virtuv\u0117je, suteikdama vietos prieskoniams, stikliniams indams ar kasdieniams maisto produktams laikyti. Spintel\u0117s vidus sukurtas maksimaliam organizuotumui, u\u017etikrinant lengv\u0105 prieig\u0105 prie vis\u0173 reikaling\u0173 daikt\u0173.<\/p>\n<p>\u201eLangen Artisan G45G\u201c vien\u0173 dur\u0173 vir\u0161utin\u0117 virtuv\u0117s spintel\u0117 taip pat yra lengvo surinkimo sinonimas. Ji sukurta tiems, kurie vertina nepriklausomyb\u0119 ir nori asmeni\u0161kai patobulinti savo interjer\u0105. Surinkimo instrukcijos yra ai\u0161kios, o surinkimo procesas greitas ir intuityvus. Tai leid\u017eia kiekvienam lengvai m\u0117gautis pa\u010di\u0173 surinkto baldo gro\u017eiu ir funkcionalumu.<\/p>","protected":false},"excerpt":{"rendered":"<p>Plotis (cm): 45<br \/>\n\u016agis (cm): 72<br \/>\nGylis (cm): 45<\/p>","protected":false},"featured_media":157968,"comment_status":"open","ping_status":"open","template":"","meta":[],"product_brand":[],"product_cat":[9442,4106],"product_tag":[],"class_list":{"0":"post-157967","1":"product","2":"type-product","3":"status-publish","4":"has-post-thumbnail","6":"product_cat-kitchen-system-langen-dab-artisan","7":"product_cat-gala-meble","9":"first","10":"instock","11":"purchasable","12":"product-type-simple"},"_links":{"self":[{"href":"https:\/\/baldumarket.lt\/lt\/wp-json\/wp\/v2\/product\/157967","targetHints":{"allow":["GET"]}}],"collection":[{"href":"https:\/\/baldumarket.lt\/lt\/wp-json\/wp\/v2\/product"}],"about":[{"href":"https:\/\/baldumarket.lt\/lt\/wp-json\/wp\/v2\/types\/product"}],"replies":[{"embeddable":true,"href":"https:\/\/baldumarket.lt\/lt\/wp-json\/wp\/v2\/comments?post=157967"}],"wp:featuredmedia":[{"embeddable":true,"href":"https:\/\/baldumarket.lt\/lt\/wp-json\/wp\/v2\/media\/157968"}],"wp:attachment":[{"href":"https:\/\/baldumarket.lt\/lt\/wp-json\/wp\/v2\/media?parent=157967"}],"wp:term":[{"taxonomy":"product_brand","embeddable":true,"href":"https:\/\/baldumarket.lt\/lt\/wp-json\/wp\/v2\/product_brand?post=157967"},{"taxonomy":"product_cat","embeddable":true,"href":"https:\/\/baldumarket.lt\/lt\/wp-json\/wp\/v2\/product_cat?post=157967"},{"taxonomy":"product_tag","embeddable":true,"href":"https:\/\/baldumarket.lt\/lt\/wp-json\/wp\/v2\/product_tag?post=157967"}],"curies":[{"name":"wp","href":"https:\/\/api.w.org\/{rel}","templated":true}]}}