{"id":157963,"date":"2025-12-18T23:47:10","date_gmt":"2025-12-18T20:47:10","guid":{"rendered":"https:\/\/baldumarket.lt\/product\/szafka-kuchenna-gorna-1-drzwiowa-g45g-langen-grey\/"},"modified":"2026-02-18T11:25:11","modified_gmt":"2026-02-18T08:25:11","slug":"szafka-kuchenna-gorna-1-drzwiowa-g45g-langen-grey","status":"publish","type":"product","link":"https:\/\/baldumarket.lt\/lt\/product\/szafka-kuchenna-gorna-1-drzwiowa-g45g-langen-grey\/","title":{"rendered":"Vir\u0161utin\u0117 1 dur\u0173 virtuv\u0117s spintel\u0117 G45G Langen Grey"},"content":{"rendered":"<p>Elegancija ir funkcionalumas viename \u2013 \u0161tai k\u0105 si\u016blo m\u016bs\u0173 \u2019Langen Grey G45G\u201c vien\u0173 dureli\u0173 vir\u0161utin\u0117 virtuv\u0117s spintel\u0117. \u0160i spintel\u0117, kurioje dera subtili, matin\u0117 pilka MDF apdaila su stilingais \u201eArtisan Oak\u201c akcentais, yra puikus pasirinkimas ie\u0161kantiems moderni\u0173 virtuv\u0117s sprendim\u0173. \u0160is stilius skland\u017eiai dera su \u012fvairiais dekoro elementais, suteikdamas subtil\u0173 dekoratyvin\u012f element\u0105, kuris patrauks sve\u010di\u0173 d\u0117mes\u012f.<\/p>\n<p>Naudotis \u0161ia spintele \u2013 tikras malonumas. Pasirink\u0119 klasikin\u0119 juodo metalo ranken\u0117l\u0119 arba novatori\u0161k\u0105 atidarymo spustel\u0117jus sistem\u0105, gal\u0117site j\u0105 pritaikyti pagal savo individualius poreikius ir pageidavimus. \u0160is sprendimas ne tik palengvina kasdien\u012f naudojim\u0105, bet ir suteikia j\u016bs\u0173 virtuvei elegancijos bei modernumo.<\/p>\n<p>\u0160ios spintel\u0117s prakti\u0161kumas atsiskleid\u017eia gerai apgalvotu dizainu, kuris puikiai tinka net ir ma\u017eose erdv\u0117se. Standartiniai matmenys, tokie kaip 45 cm plotis ir 72 cm auk\u0161tis, leid\u017eia lanks\u010diai naudoti sien\u0105, optimizuojant sand\u0117liavimo viet\u0105. Tvirta laminuotos plok\u0161t\u0117s konstrukcija u\u017etikrina atsparum\u0105 pa\u017eeidimams ir ilgalaik\u012f naudojim\u0105 be baim\u0117s d\u0117l \u012fbr\u0117\u017eim\u0173.<\/p>\n<p>Nereikia samdyti profesionalo, nes spintel\u0117 sukurta surinkimui patiems. Visi reikalingi komponentai pateikiami su instrukcijomis, tod\u0117l galite m\u0117gautis nauju baldu, kuris atnaujins ir pagra\u017eins j\u016bs\u0173 virtuv\u0117s erdv\u0119. \u201eLangen Grey\u201c spintel\u0117 apjungia geriausias estetines ir funkcines savybes, tod\u0117l tai puikus pasirinkimas bet kuriai virtuvei.<\/p>","protected":false},"excerpt":{"rendered":"<p>Plotis (cm): 45<br \/>\n\u016agis (cm): 72<br \/>\nGylis (cm): 45<\/p>","protected":false},"featured_media":157964,"comment_status":"open","ping_status":"open","template":"","meta":[],"product_brand":[],"product_cat":[9442,4106],"product_tag":[],"class_list":{"0":"post-157963","1":"product","2":"type-product","3":"status-publish","4":"has-post-thumbnail","6":"product_cat-kitchen-system-langen-dab-artisan","7":"product_cat-gala-meble","9":"first","10":"instock","11":"purchasable","12":"product-type-simple"},"_links":{"self":[{"href":"https:\/\/baldumarket.lt\/lt\/wp-json\/wp\/v2\/product\/157963","targetHints":{"allow":["GET"]}}],"collection":[{"href":"https:\/\/baldumarket.lt\/lt\/wp-json\/wp\/v2\/product"}],"about":[{"href":"https:\/\/baldumarket.lt\/lt\/wp-json\/wp\/v2\/types\/product"}],"replies":[{"embeddable":true,"href":"https:\/\/baldumarket.lt\/lt\/wp-json\/wp\/v2\/comments?post=157963"}],"wp:featuredmedia":[{"embeddable":true,"href":"https:\/\/baldumarket.lt\/lt\/wp-json\/wp\/v2\/media\/157964"}],"wp:attachment":[{"href":"https:\/\/baldumarket.lt\/lt\/wp-json\/wp\/v2\/media?parent=157963"}],"wp:term":[{"taxonomy":"product_brand","embeddable":true,"href":"https:\/\/baldumarket.lt\/lt\/wp-json\/wp\/v2\/product_brand?post=157963"},{"taxonomy":"product_cat","embeddable":true,"href":"https:\/\/baldumarket.lt\/lt\/wp-json\/wp\/v2\/product_cat?post=157963"},{"taxonomy":"product_tag","embeddable":true,"href":"https:\/\/baldumarket.lt\/lt\/wp-json\/wp\/v2\/product_tag?post=157963"}],"curies":[{"name":"wp","href":"https:\/\/api.w.org\/{rel}","templated":true}]}}