{"id":157959,"date":"2025-12-18T23:47:03","date_gmt":"2025-12-18T20:47:03","guid":{"rendered":"https:\/\/baldumarket.lt\/product\/szafka-kuchenna-gorna-1-drzwiowa-g50k-aspen-white-bialy-polysk\/"},"modified":"2026-02-08T11:24:36","modified_gmt":"2026-02-08T08:24:36","slug":"szafka-kuchenna-gorna-1-drzwiowa-g50k-aspen-white-bialy-polysk","status":"publish","type":"product","link":"https:\/\/baldumarket.lt\/lt\/product\/szafka-kuchenna-gorna-1-drzwiowa-g50k-aspen-white-bialy-polysk\/","title":{"rendered":"G50K drebul\u0117s baltumo blizgi vir\u0161utin\u0117 virtuv\u0117s spintel\u0117 su 1 durel\u0117mis"},"content":{"rendered":"<p>Atraskite elegancij\u0105 ir funkcionalum\u0105 viename su m\u016bs\u0173 garsaus prek\u0117s \u017eenklo \u201eGa\u0142a Meble\u201c G50K drebul\u0117s baltos spalvos vir\u0161utine virtuv\u0117s spintele. \u0160i unikali spintel\u0117 derina modern\u0173 stili\u0173 ir prakti\u0161k\u0105 dizain\u0105, suteikdama j\u016bs\u0173 virtuvei gaivumo. Jos blizg\u016bs balti fasadai subtiliai atspindi \u0161vies\u0105, suteikdami interjerui erdvumo ir elegancijos poj\u016bt\u012f, o matin\u0117 korpuso apdaila puikiai subalansuoja vis\u0105 dizain\u0105, sukurdama harmoning\u0105 ir vientis\u0105 kompozicij\u0105.<\/p>\n<p>Nepriekai\u0161tingas meistri\u0161kumas ir d\u0117mesys detal\u0117ms yra \u0161ios spintel\u0117s skiriamieji bruo\u017eai. MDF fasadai spinduliuoja patvarumu ir rafinuotumu, o tvirta laminuota konstrukcija u\u017etikrina ilgalaik\u012f naudojim\u0105. Metaliniai vyriai u\u017etikrina skland\u0173 veikim\u0105 ir patvarum\u0105, tod\u0117l kasdienis naudojimas tampa tikru malonumu.<\/p>\n<p>Vir\u0161utin\u0117 virtuv\u0117s spintel\u0117 G50K pasi\u017eymi ne tik gro\u017eiu, bet ir funkcionalumu, pritaikytu j\u016bs\u0173 poreikiams. Kompakti\u0161kas dydis, 50 cm plo\u010dio, puikiai telpa bet kurioje erdv\u0117je, sukurdamas papildomos vietos b\u016btiniausiems virtuv\u0117s daiktams. Optimalus spintel\u0117s gylis ir auk\u0161tis daro j\u0105 itin prakti\u0161k\u0105 bet kurioje virtuv\u0117je, tiek didel\u0117je, tiek ma\u017eoje.<\/p>\n<p>Spintel\u0117s surinkimas yra paprastas ir intuityvus, tod\u0117l galite m\u0117gautis \u201epasidaryk pats\u201c montavimo malonumu savo namuose. Pasirinkite \u201eG50K Aspen White\u201c virtuv\u0117s spintel\u0119 ir \u012f savo namus \u012fne\u0161kite nauj\u0105 stilingo ir prakti\u0161ko matmen\u012f, kuris prad\u017eiugins kiekvien\u0105 nam\u0173 \u016bkio nar\u012f ir sve\u010di\u0105. Pritraukite d\u0117mes\u012f ir pasisemkite \u012fkv\u0117pimo i\u0161 modernaus dizaino ir funkcionalumo.<\/p>","protected":false},"excerpt":{"rendered":"<p>Plotis (cm): 50<br \/>\n\u016agis (cm): 40<br \/>\nGylis (cm): 32<\/p>","protected":false},"featured_media":157960,"comment_status":"open","ping_status":"open","template":"","meta":[],"product_brand":[],"product_cat":[9445,4106,9118],"product_tag":[],"class_list":{"0":"post-157959","1":"product","2":"type-product","3":"status-publish","4":"has-post-thumbnail","6":"product_cat-kitchen-system-aspen-white","7":"product_cat-gala-meble","8":"product_cat-kitchen-cabinets","10":"first","11":"instock","12":"purchasable","13":"product-type-simple"},"_links":{"self":[{"href":"https:\/\/baldumarket.lt\/lt\/wp-json\/wp\/v2\/product\/157959","targetHints":{"allow":["GET"]}}],"collection":[{"href":"https:\/\/baldumarket.lt\/lt\/wp-json\/wp\/v2\/product"}],"about":[{"href":"https:\/\/baldumarket.lt\/lt\/wp-json\/wp\/v2\/types\/product"}],"replies":[{"embeddable":true,"href":"https:\/\/baldumarket.lt\/lt\/wp-json\/wp\/v2\/comments?post=157959"}],"wp:featuredmedia":[{"embeddable":true,"href":"https:\/\/baldumarket.lt\/lt\/wp-json\/wp\/v2\/media\/157960"}],"wp:attachment":[{"href":"https:\/\/baldumarket.lt\/lt\/wp-json\/wp\/v2\/media?parent=157959"}],"wp:term":[{"taxonomy":"product_brand","embeddable":true,"href":"https:\/\/baldumarket.lt\/lt\/wp-json\/wp\/v2\/product_brand?post=157959"},{"taxonomy":"product_cat","embeddable":true,"href":"https:\/\/baldumarket.lt\/lt\/wp-json\/wp\/v2\/product_cat?post=157959"},{"taxonomy":"product_tag","embeddable":true,"href":"https:\/\/baldumarket.lt\/lt\/wp-json\/wp\/v2\/product_tag?post=157959"}],"curies":[{"name":"wp","href":"https:\/\/api.w.org\/{rel}","templated":true}]}}