{"id":157954,"date":"2025-12-18T23:46:53","date_gmt":"2025-12-18T20:46:53","guid":{"rendered":"https:\/\/baldumarket.lt\/product\/szafka-kuchenna-gorna-1-drzwiowa-g50k-linea-grey-szary-mat\/"},"modified":"2026-02-18T11:33:47","modified_gmt":"2026-02-18T08:33:47","slug":"szafka-kuchenna-gorna-1-drzwiowa-g50k-linea-grey-szary-mat","status":"publish","type":"product","link":"https:\/\/baldumarket.lt\/lt\/product\/szafka-kuchenna-gorna-1-drzwiowa-g50k-linea-grey-szary-mat\/","title":{"rendered":"G50K Linea pilka 1 dur\u0173 vir\u0161utin\u0117 virtuv\u0117s spintel\u0117"},"content":{"rendered":"<p>Ie\u0161kote funkcionalios ir stilingos spintel\u0117s, kuri puikiai papildyt\u0173 moderni\u0105 virtuv\u0119? \u201eGa\u0142a Meble\u201c pilka vien\u0173 dur\u0173 vir\u0161utin\u0117 virtuv\u0117s spintel\u0117 \u201eG50K Linea Grey\u201c derina minimalizm\u0105 ir elegancij\u0105. Subtil\u016bs pilki blizg\u016bs fasadai puikiai papildo matin\u0117s baltos spalvos korpus\u0105, suteikdami erdvei gaivumo ir lengvumo, kurie tokie pageidaujami \u0161iuolaikiniame interjero dizaine. D\u0117l gerai apgalvot\u0173 50 cm plo\u010dio ir 40 cm auk\u0161\u010dio matmen\u0173 \u0161i spintel\u0117 leid\u017eia optimaliai i\u0161naudoti erdv\u0119 j\u016bs\u0173 virtuv\u0117je. Galite lengvai laikyti b\u016btiniausius daiktus nepakenkdami darbo vietai. Tai idealus sprendimas tiek ma\u017eoms virtuv\u0117ms, tiek didel\u0117ms erdv\u0117ms su apgalvotu dizainu. Pagaminta i\u0161 auk\u0161tos kokyb\u0117s med\u017eiag\u0173, toki\u0173 kaip MDF ir laminuota plok\u0161t\u0117, \u201eG50K Linea Grey\u201c spintel\u0117 yra patvari ir atspari kasdieniam d\u0117v\u0117jimuisi. Metaliniai vyriai u\u017etikrina lengv\u0105 dureli\u0173 atidarym\u0105 ir u\u017edarym\u0105, o tai labai svarbu dinami\u0161koje virtuv\u0117s erdv\u0117je.<\/p>","protected":false},"excerpt":{"rendered":"<p>Plotis (cm): 50<br \/>\n\u016agis (cm): 40<br \/>\nGylis (cm): 32<\/p>","protected":false},"featured_media":157955,"comment_status":"open","ping_status":"open","template":"","meta":[],"product_brand":[],"product_cat":[9446,4106],"product_tag":[],"class_list":{"0":"post-157954","1":"product","2":"type-product","3":"status-publish","4":"has-post-thumbnail","6":"product_cat-kitchen-system-linea-white","7":"product_cat-gala-meble","9":"first","10":"instock","11":"purchasable","12":"product-type-simple"},"_links":{"self":[{"href":"https:\/\/baldumarket.lt\/lt\/wp-json\/wp\/v2\/product\/157954","targetHints":{"allow":["GET"]}}],"collection":[{"href":"https:\/\/baldumarket.lt\/lt\/wp-json\/wp\/v2\/product"}],"about":[{"href":"https:\/\/baldumarket.lt\/lt\/wp-json\/wp\/v2\/types\/product"}],"replies":[{"embeddable":true,"href":"https:\/\/baldumarket.lt\/lt\/wp-json\/wp\/v2\/comments?post=157954"}],"wp:featuredmedia":[{"embeddable":true,"href":"https:\/\/baldumarket.lt\/lt\/wp-json\/wp\/v2\/media\/157955"}],"wp:attachment":[{"href":"https:\/\/baldumarket.lt\/lt\/wp-json\/wp\/v2\/media?parent=157954"}],"wp:term":[{"taxonomy":"product_brand","embeddable":true,"href":"https:\/\/baldumarket.lt\/lt\/wp-json\/wp\/v2\/product_brand?post=157954"},{"taxonomy":"product_cat","embeddable":true,"href":"https:\/\/baldumarket.lt\/lt\/wp-json\/wp\/v2\/product_cat?post=157954"},{"taxonomy":"product_tag","embeddable":true,"href":"https:\/\/baldumarket.lt\/lt\/wp-json\/wp\/v2\/product_tag?post=157954"}],"curies":[{"name":"wp","href":"https:\/\/api.w.org\/{rel}","templated":true}]}}