{"id":157949,"date":"2025-12-18T23:46:43","date_gmt":"2025-12-18T20:46:43","guid":{"rendered":"https:\/\/baldumarket.lt\/product\/szafka-kuchenna-gorna-1-drzwiowa-g50k-linea-white-bialy-mat\/"},"modified":"2026-02-18T11:33:47","modified_gmt":"2026-02-18T08:33:47","slug":"szafka-kuchenna-gorna-1-drzwiowa-g50k-linea-white-bialy-mat","status":"publish","type":"product","link":"https:\/\/baldumarket.lt\/lt\/product\/szafka-kuchenna-gorna-1-drzwiowa-g50k-linea-white-bialy-mat\/","title":{"rendered":"Vir\u0161utin\u0117 1 dur\u0173 virtuv\u0117s spintel\u0117 G50K Linea White Matte White"},"content":{"rendered":"<p>Atraskite elegancij\u0105 ir funkcionalum\u0105 viename su \u201eGa\u0142a Meble\u201c vir\u0161utine virtuv\u0117s spintele \u201eLinea White G50K\u201c. \u0160i eleganti\u0161ka matin\u0117s baltos spalvos spintel\u0117 puikiai dera prie moderni\u0173 ir minimalistini\u0173 virtuvi\u0173. Paprastos linijos ir subtilios auksin\u0117s ranken\u0117l\u0117s suteikia klas\u0117s ir \u017eavesio, sukurdamos harmonijos ir stiliaus kupin\u0105 erdv\u0119. \u201eLinea White G50K\u201c sukurta atsi\u017evelgiant \u012f kasdien\u012f naudojim\u0105 ir elegancij\u0105. Tvirta laminuotos plok\u0161t\u0117s konstrukcija u\u017etikrina patvarum\u0105 ir stabilum\u0105, o matinis MDF fasadas yra esteti\u0161kai patrauklus ir lengvai valomas. Auksin\u0117s metalin\u0117s ranken\u0117l\u0117s suteikia prabangos, sukurdamos ak\u012f traukian\u010di\u0105 detal\u0119 j\u016bs\u0173 virtuv\u0117je. \u0160i funkcionali spintel\u0117 si\u016blo prakti\u0161kus daikt\u0173 laikymo sprendimus, puikiai tinkan\u010dius bet kuriai virtuvei. D\u0117l \u0161velniai u\u017esidaran\u010di\u0173 vyri\u0173 ji u\u017etikrina patog\u0173 ir saug\u0173 naudojim\u0105, apsaugodama j\u016bs\u0173 baldus ir ausis nuo nemaloni\u0173 trankymo gars\u0173. \u201eLinea White G50K\u201c yra puikus pasirinkimas tiems, kurie vertina prakti\u0161kum\u0105 ir estetik\u0105.<\/p>","protected":false},"excerpt":{"rendered":"<p>Plotis (cm): 50<br \/>\n\u016agis (cm): 40<br \/>\nGylis (cm): 32<\/p>","protected":false},"featured_media":157950,"comment_status":"open","ping_status":"open","template":"","meta":[],"product_brand":[],"product_cat":[9446,4106],"product_tag":[],"class_list":{"0":"post-157949","1":"product","2":"type-product","3":"status-publish","4":"has-post-thumbnail","6":"product_cat-kitchen-system-linea-white","7":"product_cat-gala-meble","9":"first","10":"instock","11":"purchasable","12":"product-type-simple"},"_links":{"self":[{"href":"https:\/\/baldumarket.lt\/lt\/wp-json\/wp\/v2\/product\/157949","targetHints":{"allow":["GET"]}}],"collection":[{"href":"https:\/\/baldumarket.lt\/lt\/wp-json\/wp\/v2\/product"}],"about":[{"href":"https:\/\/baldumarket.lt\/lt\/wp-json\/wp\/v2\/types\/product"}],"replies":[{"embeddable":true,"href":"https:\/\/baldumarket.lt\/lt\/wp-json\/wp\/v2\/comments?post=157949"}],"wp:featuredmedia":[{"embeddable":true,"href":"https:\/\/baldumarket.lt\/lt\/wp-json\/wp\/v2\/media\/157950"}],"wp:attachment":[{"href":"https:\/\/baldumarket.lt\/lt\/wp-json\/wp\/v2\/media?parent=157949"}],"wp:term":[{"taxonomy":"product_brand","embeddable":true,"href":"https:\/\/baldumarket.lt\/lt\/wp-json\/wp\/v2\/product_brand?post=157949"},{"taxonomy":"product_cat","embeddable":true,"href":"https:\/\/baldumarket.lt\/lt\/wp-json\/wp\/v2\/product_cat?post=157949"},{"taxonomy":"product_tag","embeddable":true,"href":"https:\/\/baldumarket.lt\/lt\/wp-json\/wp\/v2\/product_tag?post=157949"}],"curies":[{"name":"wp","href":"https:\/\/api.w.org\/{rel}","templated":true}]}}