{"id":157943,"date":"2025-12-18T23:46:31","date_gmt":"2025-12-18T20:46:31","guid":{"rendered":"https:\/\/baldumarket.lt\/product\/szafka-kuchenna-gorna-1-drzwiowa-g50k-prowansja-sosna-andersen-bialy-mat\/"},"modified":"2026-02-06T13:08:41","modified_gmt":"2026-02-06T10:08:41","slug":"szafka-kuchenna-gorna-1-drzwiowa-g50k-prowansja-sosna-andersen-bialy-mat","status":"publish","type":"product","link":"https:\/\/baldumarket.lt\/lt\/product\/szafka-kuchenna-gorna-1-drzwiowa-g50k-prowansja-sosna-andersen-bialy-mat\/","title":{"rendered":"Vir\u0161utin\u0117 virtuv\u0117s spintel\u0117, 1 dur\u0173, G50K, Provanso pu\u0161is, Anderseno balta matin\u0117"},"content":{"rendered":"<p>Atraskite kaimi\u0161ko Provanso estetikos \u017eaves\u012f su \u201eGa\u0142a Meble\u201c G50K virtuv\u0117s vir\u0161utine spintele \u2013 dizainu, kuris su\u017eav\u0117s i\u0161 pirmo \u017evilgsnio. Pagaminta i\u0161 MDF ir laminuotos plok\u0161t\u0117s, ji skland\u017eiai dera tiek prie modernaus, tiek prie klasikinio interjero, suteikdama subtilaus \u017eavesio. Anderseno pu\u0161ies fasadas sukuria \u0161ilt\u0105, jauki\u0105 atmosfer\u0105, kuri bet kuri\u0105 virtuv\u0119 paver\u010dia jaukia aplinka. Spalv\u0173 gama, derinanti matin\u0119 balt\u0105 spalv\u0105 su kontrastingomis juodomis ranken\u0117l\u0117mis, suteikia rafinuotumo ir paprastumo. \u0160is akcentas paver\u010dia \u0161\u012f bald\u0105 ne tik prakti\u0161ku, bet ir esteti\u0161ku j\u016bs\u0173 virtuv\u0117s papildymu. Metalin\u0117s rankenos suteikia spintelei modernumo, kartu u\u017etikrindamos patvarum\u0105 ir patogum\u0105 kasdieniam naudojimui. \u0160ios spintel\u0117s funkcionalum\u0105 \u012fvertins kiekvienas vartotojas. Savaime u\u017esidarantys vyriai u\u017etikrina skland\u0173 ir tyl\u0173 dureli\u0173 atidarym\u0105, o tai ypa\u010d naudinga judrioje virtuv\u0117s aplinkoje. Spintel\u0117s dizainas palengvina daikt\u0173 laikym\u0105, u\u017etikrina optimali\u0105 erdv\u0119 ir palaiko tvark\u0105 virtuv\u0117je.<\/p>","protected":false},"excerpt":{"rendered":"<p>Plotis (cm): 50<br \/>\n\u016agis (cm): 40<br \/>\nGylis (cm): 32<\/p>","protected":false},"featured_media":157944,"comment_status":"open","ping_status":"open","template":"","meta":[],"product_brand":[],"product_cat":[9444,9441,4106,9118],"product_tag":[],"class_list":{"0":"post-157943","1":"product","2":"type-product","3":"status-publish","4":"has-post-thumbnail","6":"product_cat-kitchen-system-prowansja-sosna-andersen","7":"product_cat-white","8":"product_cat-gala-meble","9":"product_cat-kitchen-cabinets","11":"first","12":"instock","13":"purchasable","14":"product-type-simple"},"_links":{"self":[{"href":"https:\/\/baldumarket.lt\/lt\/wp-json\/wp\/v2\/product\/157943","targetHints":{"allow":["GET"]}}],"collection":[{"href":"https:\/\/baldumarket.lt\/lt\/wp-json\/wp\/v2\/product"}],"about":[{"href":"https:\/\/baldumarket.lt\/lt\/wp-json\/wp\/v2\/types\/product"}],"replies":[{"embeddable":true,"href":"https:\/\/baldumarket.lt\/lt\/wp-json\/wp\/v2\/comments?post=157943"}],"wp:featuredmedia":[{"embeddable":true,"href":"https:\/\/baldumarket.lt\/lt\/wp-json\/wp\/v2\/media\/157944"}],"wp:attachment":[{"href":"https:\/\/baldumarket.lt\/lt\/wp-json\/wp\/v2\/media?parent=157943"}],"wp:term":[{"taxonomy":"product_brand","embeddable":true,"href":"https:\/\/baldumarket.lt\/lt\/wp-json\/wp\/v2\/product_brand?post=157943"},{"taxonomy":"product_cat","embeddable":true,"href":"https:\/\/baldumarket.lt\/lt\/wp-json\/wp\/v2\/product_cat?post=157943"},{"taxonomy":"product_tag","embeddable":true,"href":"https:\/\/baldumarket.lt\/lt\/wp-json\/wp\/v2\/product_tag?post=157943"}],"curies":[{"name":"wp","href":"https:\/\/api.w.org\/{rel}","templated":true}]}}