{"id":157938,"date":"2025-12-18T23:46:22","date_gmt":"2025-12-18T20:46:22","guid":{"rendered":"https:\/\/baldumarket.lt\/product\/szafka-kuchenna-gorna-1-drzwiowa-g50k-sycylia-andersen\/"},"modified":"2026-02-06T12:47:03","modified_gmt":"2026-02-06T09:47:03","slug":"szafka-kuchenna-gorna-1-drzwiowa-g50k-sycylia-andersen","status":"publish","type":"product","link":"https:\/\/baldumarket.lt\/lt\/product\/szafka-kuchenna-gorna-1-drzwiowa-g50k-sycylia-andersen\/","title":{"rendered":"Vir\u0161utin\u0117 1 dur\u0173 virtuv\u0117s spintel\u0117 G50K Sicily Andersen"},"content":{"rendered":"<p>Atraskite elegancij\u0105 ir funkcionalum\u0105 vienoje kar\u0161\u010diausi\u0173 interjero dizaino tendencij\u0173 su m\u016bs\u0173 \u201eAndersen Sycylia\u201c virtuv\u0117s spintele. \u0160is unikalus \u201eGa\u0142a Meble\u201c gaminys sujungia klasikin\u012f skandinavi\u0161ko stiliaus \u017eaves\u012f su moderniu, minimalistiniu dizainu. Subtilaus Andersen pu\u0161ies atspalvio priekin\u0117 dalis ir matin\u0117s baltos spalvos korpusas suteiks j\u016bs\u0173 virtuvei unikali\u0105 ramyb\u0117s ir harmonijos atmosfer\u0105. Ta\u010diau \u0161ios spintel\u0117s estetinis patrauklumas \u2013 tai dar ne viskas. Kompakti\u0161kas dydis daro j\u0105 idealiu sprendimu ma\u017eesn\u0117ms virtuv\u0117ms, kur labai svarbus erdv\u0117s valdymas. D\u0117l sumaniai suprojektuoto vidaus joje lengvai tilps visi b\u016btini virtuv\u0117s reikmenys, bus lengva pasiekti da\u017enai naudojamus daiktus ir efektyviau valdyti laik\u0105 virtuv\u0117je. Korpusas, pagamintas i\u0161 patvarios laminuotos plok\u0161t\u0117s, ir priekin\u0117 dalis, pagaminta i\u0161 patvarios MDF plok\u0161t\u0117s, u\u017etikrina spintel\u0117s tvirtum\u0105 ir ilgaam\u017ei\u0161kum\u0105. Surinkimas yra itin paprastas, tod\u0117l jau\u010diat\u0117s pasitenkin\u0119, lyg patys surinktum\u0117te bald\u0105. Spintel\u0117 sukurta vartotojams, kurie vertina ir estetik\u0105, ir ilgaam\u017ei\u0161kum\u0105.<\/p>","protected":false},"excerpt":{"rendered":"<p>Plotis (cm): 50<br \/>\n\u016agis (cm): 40<br \/>\nGylis (cm): 32<\/p>","protected":false},"featured_media":157939,"comment_status":"open","ping_status":"open","template":"","meta":[],"product_brand":[],"product_cat":[9440,9441,4106,9118],"product_tag":[],"class_list":{"0":"post-157938","1":"product","2":"type-product","3":"status-publish","4":"has-post-thumbnail","6":"product_cat-kitchen-system-sycylia-sosna-andersen","7":"product_cat-white","8":"product_cat-gala-meble","9":"product_cat-kitchen-cabinets","11":"first","12":"instock","13":"purchasable","14":"product-type-simple"},"_links":{"self":[{"href":"https:\/\/baldumarket.lt\/lt\/wp-json\/wp\/v2\/product\/157938","targetHints":{"allow":["GET"]}}],"collection":[{"href":"https:\/\/baldumarket.lt\/lt\/wp-json\/wp\/v2\/product"}],"about":[{"href":"https:\/\/baldumarket.lt\/lt\/wp-json\/wp\/v2\/types\/product"}],"replies":[{"embeddable":true,"href":"https:\/\/baldumarket.lt\/lt\/wp-json\/wp\/v2\/comments?post=157938"}],"wp:featuredmedia":[{"embeddable":true,"href":"https:\/\/baldumarket.lt\/lt\/wp-json\/wp\/v2\/media\/157939"}],"wp:attachment":[{"href":"https:\/\/baldumarket.lt\/lt\/wp-json\/wp\/v2\/media?parent=157938"}],"wp:term":[{"taxonomy":"product_brand","embeddable":true,"href":"https:\/\/baldumarket.lt\/lt\/wp-json\/wp\/v2\/product_brand?post=157938"},{"taxonomy":"product_cat","embeddable":true,"href":"https:\/\/baldumarket.lt\/lt\/wp-json\/wp\/v2\/product_cat?post=157938"},{"taxonomy":"product_tag","embeddable":true,"href":"https:\/\/baldumarket.lt\/lt\/wp-json\/wp\/v2\/product_tag?post=157938"}],"curies":[{"name":"wp","href":"https:\/\/api.w.org\/{rel}","templated":true}]}}