{"id":157933,"date":"2025-12-18T23:46:13","date_gmt":"2025-12-18T20:46:13","guid":{"rendered":"https:\/\/baldumarket.lt\/product\/szafka-kuchenna-gorna-1-drzwiowa-g50k-sycylia-orzech\/"},"modified":"2026-02-08T12:29:28","modified_gmt":"2026-02-08T09:29:28","slug":"szafka-kuchenna-gorna-1-drzwiowa-g50k-sycylia-orzech","status":"publish","type":"product","link":"https:\/\/baldumarket.lt\/lt\/product\/szafka-kuchenna-gorna-1-drzwiowa-g50k-sycylia-orzech\/","title":{"rendered":"Vir\u0161utin\u0117 virtuv\u0117s spintel\u0117, 1 dur\u0173, G50K, Sicilijos rie\u0161utmedis"},"content":{"rendered":"<p>Pristatome jums \u017eaviai suprojektuot\u0105 vir\u0161utin\u0119 virtuv\u0117s spintel\u0119 \u2013 G50K model\u012f i\u0161 \u201eSicily\u201c kolekcijos, Milano rie\u0161uto atspalvio, kur\u012f suk\u016br\u0117 garsus prek\u0117s \u017eenklas \u201eGa\u0142a Meble\u201c. \u0160i eleganti\u0161ka spintel\u0117 \u2013 puikus pasirinkimas ie\u0161kantiems esteti\u0161kai patraukli\u0173 ir funkcionali\u0173 virtuv\u0117s sprendim\u0173. \u0160iltas rie\u0161uto atspalvis suteiks rafinuotumo bet kokiam interjerui, skland\u017eiai der\u0117damas prie \u012fvairi\u0173 interjero stili\u0173. Spintel\u0117s unikalumas slypi universaliame dizaine, kuris derina tradicijas su modernumu, tod\u0117l ji puikiai tinka tiek klasikiniam, tiek moderniam interjerui. Paprastas priekis, pagamintas i\u0161 auk\u0161tos kokyb\u0117s MDF, yra kruop\u0161\u010diai apdirbtas, u\u017etikrinantis patvarum\u0105 ir ilgalaik\u0119 estetik\u0105. \u0160i spintel\u0117 ne tik \u017eavi savo i\u0161vaizda, bet ir si\u016blo prakti\u0161kus kasdieni\u0173 virtuv\u0117s reikmen\u0173 laikymo sprendimus. Prakti\u0161kumas yra dar vienas G50K spintel\u0117s privalumas. Optimal\u016bs matmenys leid\u017eia lanks\u010diai i\u0161d\u0117styti j\u0105 net ma\u017eesn\u0117se virtuv\u0117se, taupant verting\u0105 erdv\u0119 ir u\u017etikrinant daug vietos daiktams laikyti. \u0160i funkcionali vieno skyriaus spintel\u0117 pad\u0117s jums susisteminti b\u016btiniausius virtuv\u0117s daiktus, palengvindama organizavim\u0105 ir kasdienius virtuv\u0117s darbus.<\/p>","protected":false},"excerpt":{"rendered":"<p>Plotis (cm): 50<br \/>\n\u016agis (cm): 40<br \/>\nGylis (cm): 32<\/p>","protected":false},"featured_media":157934,"comment_status":"open","ping_status":"open","template":"","meta":[],"product_brand":[],"product_cat":[9450,1043,4106],"product_tag":[],"class_list":{"0":"post-157933","1":"product","2":"type-product","3":"status-publish","4":"has-post-thumbnail","6":"product_cat-kitchen-system-sycylia-orzech-milano","7":"product_cat-extras","8":"product_cat-gala-meble","10":"first","11":"instock","12":"purchasable","13":"product-type-simple"},"_links":{"self":[{"href":"https:\/\/baldumarket.lt\/lt\/wp-json\/wp\/v2\/product\/157933","targetHints":{"allow":["GET"]}}],"collection":[{"href":"https:\/\/baldumarket.lt\/lt\/wp-json\/wp\/v2\/product"}],"about":[{"href":"https:\/\/baldumarket.lt\/lt\/wp-json\/wp\/v2\/types\/product"}],"replies":[{"embeddable":true,"href":"https:\/\/baldumarket.lt\/lt\/wp-json\/wp\/v2\/comments?post=157933"}],"wp:featuredmedia":[{"embeddable":true,"href":"https:\/\/baldumarket.lt\/lt\/wp-json\/wp\/v2\/media\/157934"}],"wp:attachment":[{"href":"https:\/\/baldumarket.lt\/lt\/wp-json\/wp\/v2\/media?parent=157933"}],"wp:term":[{"taxonomy":"product_brand","embeddable":true,"href":"https:\/\/baldumarket.lt\/lt\/wp-json\/wp\/v2\/product_brand?post=157933"},{"taxonomy":"product_cat","embeddable":true,"href":"https:\/\/baldumarket.lt\/lt\/wp-json\/wp\/v2\/product_cat?post=157933"},{"taxonomy":"product_tag","embeddable":true,"href":"https:\/\/baldumarket.lt\/lt\/wp-json\/wp\/v2\/product_tag?post=157933"}],"curies":[{"name":"wp","href":"https:\/\/api.w.org\/{rel}","templated":true}]}}