{"id":157928,"date":"2025-12-18T23:46:03","date_gmt":"2025-12-18T20:46:03","guid":{"rendered":"https:\/\/baldumarket.lt\/product\/szafka-kuchenna-gorna-1-drzwiowa-g60-aspen-grey-szary-polysk\/"},"modified":"2026-02-08T11:25:57","modified_gmt":"2026-02-08T08:25:57","slug":"szafka-kuchenna-gorna-1-drzwiowa-g60-aspen-grey-szary-polysk","status":"publish","type":"product","link":"https:\/\/baldumarket.lt\/lt\/product\/szafka-kuchenna-gorna-1-drzwiowa-g60-aspen-grey-szary-polysk\/","title":{"rendered":"G60 drebul\u0117s pilkos blizgios vir\u0161utin\u0117s virtuv\u0117s spintel\u0117s su 1 durel\u0117mis"},"content":{"rendered":"<p>Pakelkite savo virtuv\u0119 \u012f kit\u0105 elegancijos lyg\u012f su unikalia G60 Aspen Grey vien\u0173 dur\u0173 vir\u0161utine virtuv\u0117s spintele. \u0160is baldas \u017eavi savo moderniu dizainu ir suteikia stiling\u0105 i\u0161vaizd\u0105 bet kokiam interjerui. Blizgus pilkas fasadas suteikia subtilaus, ta\u010diau nenugalimo \u017eavesio, kuris harmoningai der\u0117s prie \u012fvairi\u0173 virtuv\u0117s dizain\u0173. Atraskite \u0161io eleganti\u0161ko dizaino elemento subtilum\u0105 ir skon\u012f. Kai virtuv\u0117s erdv\u0117 atrodo ribota, apgalvota organizacija tampa labai svarbi. G60 Aspen Grey spintel\u0117 lengvai patenkina \u0161\u012f poreik\u012f. Sukurta patenkinti kasdienio naudojimo poreikius ir si\u016blanti prakti\u0161kus daikt\u0173 laikymo sprendimus, ji ne tik padarys j\u016bs\u0173 virtuv\u0119 funkcionalesn\u0119, bet ir suteiks papildomos vietos visiems j\u016bs\u0173 b\u016btiniausiems daiktams laikyti. Stilius kartu su kokybe \u2013 tai, kas apib\u016bdina Aspen Grey spintel\u0119. Pagaminta i\u0161 patvari\u0173 med\u017eiag\u0173, toki\u0173 kaip MDF fasadas ir laminuotos plok\u0161t\u0117s korpusas, ji garantuoja patvarum\u0105 ir ilgaam\u017ei\u0161kum\u0105. Savaime u\u017esiveriantys vyriai yra papildomas privalumas, pabr\u0117\u017eiantis bald\u0173 naudojimo patogum\u0105, pa\u0161alinantis girg\u017ed\u0117jim\u0105 ir u\u017etikrinantis skland\u0173 dureli\u0173 u\u017edarym\u0105.<\/p>","protected":false},"excerpt":{"rendered":"<p>Plotis (cm): 60<br \/>\n\u016agis (cm): 72<br \/>\nGylis (cm): 32<\/p>","protected":false},"featured_media":157929,"comment_status":"open","ping_status":"open","template":"","meta":[],"product_brand":[],"product_cat":[9451,4106,9118],"product_tag":[],"class_list":{"0":"post-157928","1":"product","2":"type-product","3":"status-publish","4":"has-post-thumbnail","6":"product_cat-kitchen-system-aspen-grey","7":"product_cat-gala-meble","8":"product_cat-kitchen-cabinets","10":"first","11":"instock","12":"purchasable","13":"product-type-simple"},"_links":{"self":[{"href":"https:\/\/baldumarket.lt\/lt\/wp-json\/wp\/v2\/product\/157928","targetHints":{"allow":["GET"]}}],"collection":[{"href":"https:\/\/baldumarket.lt\/lt\/wp-json\/wp\/v2\/product"}],"about":[{"href":"https:\/\/baldumarket.lt\/lt\/wp-json\/wp\/v2\/types\/product"}],"replies":[{"embeddable":true,"href":"https:\/\/baldumarket.lt\/lt\/wp-json\/wp\/v2\/comments?post=157928"}],"wp:featuredmedia":[{"embeddable":true,"href":"https:\/\/baldumarket.lt\/lt\/wp-json\/wp\/v2\/media\/157929"}],"wp:attachment":[{"href":"https:\/\/baldumarket.lt\/lt\/wp-json\/wp\/v2\/media?parent=157928"}],"wp:term":[{"taxonomy":"product_brand","embeddable":true,"href":"https:\/\/baldumarket.lt\/lt\/wp-json\/wp\/v2\/product_brand?post=157928"},{"taxonomy":"product_cat","embeddable":true,"href":"https:\/\/baldumarket.lt\/lt\/wp-json\/wp\/v2\/product_cat?post=157928"},{"taxonomy":"product_tag","embeddable":true,"href":"https:\/\/baldumarket.lt\/lt\/wp-json\/wp\/v2\/product_tag?post=157928"}],"curies":[{"name":"wp","href":"https:\/\/api.w.org\/{rel}","templated":true}]}}