{"id":157924,"date":"2025-12-18T23:45:55","date_gmt":"2025-12-18T20:45:55","guid":{"rendered":"https:\/\/baldumarket.lt\/product\/szafka-kuchenna-gorna-1-drzwiowa-g60-p-l-langen-artisan\/"},"modified":"2026-02-18T11:25:11","modified_gmt":"2026-02-18T08:25:11","slug":"szafka-kuchenna-gorna-1-drzwiowa-g60-p-l-langen-artisan","status":"publish","type":"product","link":"https:\/\/baldumarket.lt\/lt\/product\/szafka-kuchenna-gorna-1-drzwiowa-g60-p-l-langen-artisan\/","title":{"rendered":"Vir\u0161utin\u0117 virtuv\u0117s spintel\u0117 1 dur\u0173 G60 P\/L Langen Artisan"},"content":{"rendered":"<p>Atraskite elegancij\u0105 ir funkcionalum\u0105, kur\u012f si\u016blo \u201eLangen Artisan G60 P\/L\u201c vien\u0173 dur\u0173 vir\u0161utin\u0117 virtuv\u0117s spintel\u0117. \u0160i spintel\u0117 \u2013 tai tobulas modernaus dizaino ir nat\u016bralaus \u017eavesio derinys. Pagaminta i\u0161 patvarios laminuotos \u201eArtisan Oak\u201c medienos plok\u0161t\u0117s, ji spinduliuoja \u0161ilum\u0105 ir jaukum\u0105, puikiai papildydama bet kuri\u0105 virtuv\u0119. Nat\u016bralus jos atspalvis primena nesenstan\u010di\u0105 klasik\u0105, kuri lengvai der\u0117s prie \u012fvairi\u0173 interjero dizain\u0173.<\/p>\n<p>Norite pagerinti savo virtuv\u0117s estetik\u0105? \u201eLangen Artisan\u201c spintel\u0117 \u2013 puikus pasirinkimas! Ji ne tik \u017eavi savo i\u0161vaizda, bet ir si\u016blo prakti\u0161kus kasdienio daikt\u0173 laikymo sprendimus. D\u0117l gerai apgalvoto i\u0161planavimo ji leid\u017eia sutvarkyti virtuv\u0117s erdv\u0119, u\u017etikrina tvark\u0105 ir estetik\u0105. Spintel\u0117 turi \u012fmontuot\u0105 juod\u0105 metalin\u0119 ranken\u0105, suteikian\u010di\u0105 modernumo, arba atidarymo stumiant funkcij\u0105 dizaino tyrin\u0117tojams, kurie renkasi stili\u0173 be ranken\u0117li\u0173.<\/p>\n<p>Jei norite sukurti \u012fkvepian\u010di\u0105 erdv\u0119, \u201eLangen Artisan\u201c serijos spintel\u0117 G60 yra puikus pasirinkimas. Subtilus charakteris ir puikus meistri\u0161kumas paver\u010dia j\u0105 ne tik prakti\u0161ku virtuv\u0117s elementu, bet ir dekoratyviu. Tai baldas, kur\u012f prisimins kiekvienas, \u012f\u017eeng\u0119s pro j\u016bs\u0173 duris, pabr\u0117\u017eiantis j\u016bs\u0173 stiliaus poj\u016bt\u012f ir d\u0117mes\u012f detal\u0117ms.<\/p>\n<p>Jums nereikia b\u016bti ekspertu, kad iki galo \u012fvertintum\u0117te \u201eLangen Artisan\u201c spintel\u0117s potencial\u0105. Paprastas surinkimas leid\u017eia greitai ir lengvai integruoti j\u0105 \u012f j\u016bs\u0173 interjer\u0105, m\u0117gaujantis jos teikiamomis galimyb\u0117mis. Tai puikus pasirinkimas tiems, kurie vertina ir funkcionalum\u0105, ir estetik\u0105 savo virtuv\u0117s dizaine. Pasirinkite \u201eLangen Artisan\u201c vir\u0161utin\u0119 virtuv\u0117s spintel\u0119 ir suteikite savo namams unikal\u0173 charakter\u012f.<\/p>","protected":false},"excerpt":{"rendered":"<p>Plotis (cm): 60<br \/>\n\u016agis (cm): 72<br \/>\nGylis (cm): 32<\/p>","protected":false},"featured_media":157925,"comment_status":"open","ping_status":"open","template":"","meta":[],"product_brand":[],"product_cat":[9442,4106],"product_tag":[],"class_list":{"0":"post-157924","1":"product","2":"type-product","3":"status-publish","4":"has-post-thumbnail","6":"product_cat-kitchen-system-langen-dab-artisan","7":"product_cat-gala-meble","9":"first","10":"instock","11":"purchasable","12":"product-type-simple"},"_links":{"self":[{"href":"https:\/\/baldumarket.lt\/lt\/wp-json\/wp\/v2\/product\/157924","targetHints":{"allow":["GET"]}}],"collection":[{"href":"https:\/\/baldumarket.lt\/lt\/wp-json\/wp\/v2\/product"}],"about":[{"href":"https:\/\/baldumarket.lt\/lt\/wp-json\/wp\/v2\/types\/product"}],"replies":[{"embeddable":true,"href":"https:\/\/baldumarket.lt\/lt\/wp-json\/wp\/v2\/comments?post=157924"}],"wp:featuredmedia":[{"embeddable":true,"href":"https:\/\/baldumarket.lt\/lt\/wp-json\/wp\/v2\/media\/157925"}],"wp:attachment":[{"href":"https:\/\/baldumarket.lt\/lt\/wp-json\/wp\/v2\/media?parent=157924"}],"wp:term":[{"taxonomy":"product_brand","embeddable":true,"href":"https:\/\/baldumarket.lt\/lt\/wp-json\/wp\/v2\/product_brand?post=157924"},{"taxonomy":"product_cat","embeddable":true,"href":"https:\/\/baldumarket.lt\/lt\/wp-json\/wp\/v2\/product_cat?post=157924"},{"taxonomy":"product_tag","embeddable":true,"href":"https:\/\/baldumarket.lt\/lt\/wp-json\/wp\/v2\/product_tag?post=157924"}],"curies":[{"name":"wp","href":"https:\/\/api.w.org\/{rel}","templated":true}]}}