{"id":157921,"date":"2025-12-18T23:45:49","date_gmt":"2025-12-18T20:45:49","guid":{"rendered":"https:\/\/baldumarket.lt\/product\/szafka-kuchenna-gorna-1-drzwiowa-g60-p-l-langen-beige\/"},"modified":"2026-02-18T11:25:11","modified_gmt":"2026-02-18T08:25:11","slug":"szafka-kuchenna-gorna-1-drzwiowa-g60-p-l-langen-beige","status":"publish","type":"product","link":"https:\/\/baldumarket.lt\/lt\/product\/szafka-kuchenna-gorna-1-drzwiowa-g60-p-l-langen-beige\/","title":{"rendered":"Vir\u0161utin\u0117 virtuv\u0117s spintel\u0117 1 dur\u0173 G60 P\/L Langen Beige"},"content":{"rendered":"<p>Atraskite subtil\u0173 elegancij\u0105, kuri\u0105 j\u016bs\u0173 virtuvei suteikia \u201eLangen Beige\u201c vir\u0161utin\u0117 spintel\u0117. D\u0117l stilingos matin\u0117s sm\u0117lio spalvos apdailos \u0161is baldas puikiai tinka modernaus ir minimalistinio interjero m\u0117g\u0117jams. Priekin\u0117 dalis, pagaminta i\u0161 auk\u0161tos kokyb\u0117s MDF, u\u017etikrina patvarum\u0105 ir estetik\u0105, puikiai papildydama juodas metalines rankenas, kurios suteikia i\u0161skirtinumo ir modernumo.<\/p>\n<p>Rafinuotas \u201eLangen Beige\u201c vir\u0161utin\u0117s spintel\u0117s dizainas ne tik papuo\u0161 j\u016bs\u0173 virtuv\u0119, bet ir padidins jos funkcionalum\u0105. 60 cm plo\u010dio, 72 cm auk\u0161\u010dio ir 32 cm gylio spintel\u0117 suteikia daug vietos \u012fvairiems virtuv\u0117s reikmenims laikyti. D\u0117l gerai apgalvoto dizaino visa spintel\u0117 u\u017eima minimaliai vietos, tod\u0117l puikiai tinka tiek ma\u017eam, tiek dideliam interjerui.<\/p>\n<p>Spintel\u0117, pagaminta i\u0161 laminuotos \u201eArtisan Oak\u201c medienos dro\u017eli\u0173 plok\u0161t\u0117s, pabr\u0117\u017eia estetin\u012f patrauklum\u0105 ir tvirt\u0105 gamybos proces\u0105. Nat\u016brali spintel\u0117s korpuso apdaila suteikia interjerui \u0161ilumos ir jaukumo, harmoningai dera su kitais interjero dizaino elementais. Tai puikus b\u016bdas sukurti stiling\u0105 ir funkcionali\u0105 virtuv\u0119.<\/p>\n<p>Paprastas \u201eLangen Beige\u201c spintel\u0117s surinkimas yra papildomas privalumas tiems, kurie vertina patogum\u0105 ir nori sutaupyti laiko. Surinkimas pats yra paprastas, tod\u0117l dar grei\u010diau m\u0117gausit\u0117s savo nauja virtuv\u0117s erdve. Pristatykite \u201eLangen Beige\u201c spintel\u0119 prie savo virtuv\u0117s ir leiskite jai tapti nepakei\u010diamu, eleganti\u0161ku j\u016bs\u0173 kasdien\u0117s erdv\u0117s papildymu.<\/p>","protected":false},"excerpt":{"rendered":"<p>Plotis (cm): 60<br \/>\n\u016agis (cm): 72<br \/>\nGylis (cm): 32<\/p>","protected":false},"featured_media":156806,"comment_status":"open","ping_status":"open","template":"","meta":[],"product_brand":[],"product_cat":[9442,4106],"product_tag":[],"class_list":{"0":"post-157921","1":"product","2":"type-product","3":"status-publish","4":"has-post-thumbnail","6":"product_cat-kitchen-system-langen-dab-artisan","7":"product_cat-gala-meble","9":"first","10":"instock","11":"purchasable","12":"product-type-simple"},"_links":{"self":[{"href":"https:\/\/baldumarket.lt\/lt\/wp-json\/wp\/v2\/product\/157921","targetHints":{"allow":["GET"]}}],"collection":[{"href":"https:\/\/baldumarket.lt\/lt\/wp-json\/wp\/v2\/product"}],"about":[{"href":"https:\/\/baldumarket.lt\/lt\/wp-json\/wp\/v2\/types\/product"}],"replies":[{"embeddable":true,"href":"https:\/\/baldumarket.lt\/lt\/wp-json\/wp\/v2\/comments?post=157921"}],"wp:featuredmedia":[{"embeddable":true,"href":"https:\/\/baldumarket.lt\/lt\/wp-json\/wp\/v2\/media\/156806"}],"wp:attachment":[{"href":"https:\/\/baldumarket.lt\/lt\/wp-json\/wp\/v2\/media?parent=157921"}],"wp:term":[{"taxonomy":"product_brand","embeddable":true,"href":"https:\/\/baldumarket.lt\/lt\/wp-json\/wp\/v2\/product_brand?post=157921"},{"taxonomy":"product_cat","embeddable":true,"href":"https:\/\/baldumarket.lt\/lt\/wp-json\/wp\/v2\/product_cat?post=157921"},{"taxonomy":"product_tag","embeddable":true,"href":"https:\/\/baldumarket.lt\/lt\/wp-json\/wp\/v2\/product_tag?post=157921"}],"curies":[{"name":"wp","href":"https:\/\/api.w.org\/{rel}","templated":true}]}}