{"id":157917,"date":"2025-12-18T23:45:42","date_gmt":"2025-12-18T20:45:42","guid":{"rendered":"https:\/\/baldumarket.lt\/product\/szafka-kuchenna-gorna-1-drzwiowa-g60-p-l-langen-grey\/"},"modified":"2026-02-18T11:25:11","modified_gmt":"2026-02-18T08:25:11","slug":"szafka-kuchenna-gorna-1-drzwiowa-g60-p-l-langen-grey","status":"publish","type":"product","link":"https:\/\/baldumarket.lt\/lt\/product\/szafka-kuchenna-gorna-1-drzwiowa-g60-p-l-langen-grey\/","title":{"rendered":"Vir\u0161utin\u0117 virtuv\u0117s spintel\u0117 1 dur\u0173 G60 P\/L Langen pilka"},"content":{"rendered":"<p>Eleganti\u0161ka ir moderni \u201eLangen Grey\u201c vir\u0161utin\u0117 virtuv\u0117s spintel\u0117 \u2013 puikus pasirinkimas tiems, kurie vertina stiling\u0105 dizain\u0105 ir prakti\u0161kum\u0105 interjere. Minimalistinis dizainas, pary\u0161kintas matin\u0117s pilkos spalvos priekiu, puikiai tinka tiek klasikin\u0117ms, tiek modernioms virtuv\u0117ms. D\u0117l savo matmen\u0173 ir proporcij\u0173 ji lengvai telpa bet kokio dyd\u017eio erdv\u0117je.<\/p>\n<p>Unikalus pilkos ir \u201eArtisan\u201c \u0105\u017euolo derinys korpuse suteikia spintelei i\u0161skirtin\u012f charakter\u012f, kuris su\u0161ildys bet kok\u012f interjer\u0105. Juodo metalo rankena suteikia elegancijos ir sukuria subtil\u0173 kontrast\u0105, pabr\u0117\u017eiant\u012f industrin\u012f stili\u0173. Arba galima rinktis dar modernesn\u012f sprendim\u0105 be ranken\u0117li\u0173, puikiai tinkant\u012f minimalistinio dizaino m\u0117g\u0117jams.<\/p>\n<p>Funkcionalumas yra dar vienas \u201eLangen Grey\u201c spintel\u0117s privalumas. D\u0117l apgalvoto dizaino ji suteikia daug vietos \u012fvairiems virtuv\u0117s produktams laikyti \u2013 savyb\u0119, kuri\u0105 tikrai \u012fvertins kiekviena nam\u0173 \u0161eiminink\u0117. Spintel\u0117 pagaminta i\u0161 pa\u017eeidimams atsparios laminuotos plok\u0161t\u0117s, u\u017etikrinan\u010dios jos patvarum\u0105 ir ilgaam\u017ei\u0161kum\u0105 net ir esant dideliam naudojimui.<\/p>\n<p>\u012ereng\u0119 \u0161i\u0105 spintel\u0119, galite lengvai pakeisti savo virtuv\u0117s i\u0161vaizd\u0105 ir funkcionalum\u0105, m\u0117gaudamiesi jaukaus interjero k\u016brimo procesu. Savaranki\u0161kas surinkimas leid\u017eia greitai ir lengvai integruoti spintel\u0119 su kitais virtuv\u0117s baldais. D\u0117l \u0161iuolaikini\u0173 technologini\u0173 sprendim\u0173 surinkimas tampa tikru malonumu, o galutinis rezultatas pranoks visus l\u016bkes\u010dius.<\/p>","protected":false},"excerpt":{"rendered":"<p>Plotis (cm): 60<br \/>\n\u016agis (cm): 72<br \/>\nGylis (cm): 32<\/p>","protected":false},"featured_media":157918,"comment_status":"open","ping_status":"open","template":"","meta":[],"product_brand":[],"product_cat":[9442,4106],"product_tag":[],"class_list":{"0":"post-157917","1":"product","2":"type-product","3":"status-publish","4":"has-post-thumbnail","6":"product_cat-kitchen-system-langen-dab-artisan","7":"product_cat-gala-meble","9":"first","10":"instock","11":"purchasable","12":"product-type-simple"},"_links":{"self":[{"href":"https:\/\/baldumarket.lt\/lt\/wp-json\/wp\/v2\/product\/157917","targetHints":{"allow":["GET"]}}],"collection":[{"href":"https:\/\/baldumarket.lt\/lt\/wp-json\/wp\/v2\/product"}],"about":[{"href":"https:\/\/baldumarket.lt\/lt\/wp-json\/wp\/v2\/types\/product"}],"replies":[{"embeddable":true,"href":"https:\/\/baldumarket.lt\/lt\/wp-json\/wp\/v2\/comments?post=157917"}],"wp:featuredmedia":[{"embeddable":true,"href":"https:\/\/baldumarket.lt\/lt\/wp-json\/wp\/v2\/media\/157918"}],"wp:attachment":[{"href":"https:\/\/baldumarket.lt\/lt\/wp-json\/wp\/v2\/media?parent=157917"}],"wp:term":[{"taxonomy":"product_brand","embeddable":true,"href":"https:\/\/baldumarket.lt\/lt\/wp-json\/wp\/v2\/product_brand?post=157917"},{"taxonomy":"product_cat","embeddable":true,"href":"https:\/\/baldumarket.lt\/lt\/wp-json\/wp\/v2\/product_cat?post=157917"},{"taxonomy":"product_tag","embeddable":true,"href":"https:\/\/baldumarket.lt\/lt\/wp-json\/wp\/v2\/product_tag?post=157917"}],"curies":[{"name":"wp","href":"https:\/\/api.w.org\/{rel}","templated":true}]}}