{"id":157912,"date":"2025-12-18T23:45:32","date_gmt":"2025-12-18T20:45:32","guid":{"rendered":"https:\/\/baldumarket.lt\/product\/szafka-kuchenna-gorna-1-drzwiowa-g60-p-l-linea-grey-szary-mat\/"},"modified":"2026-02-18T11:33:47","modified_gmt":"2026-02-18T08:33:47","slug":"szafka-kuchenna-gorna-1-drzwiowa-g60-p-l-linea-grey-szary-mat","status":"publish","type":"product","link":"https:\/\/baldumarket.lt\/lt\/product\/szafka-kuchenna-gorna-1-drzwiowa-g60-p-l-linea-grey-szary-mat\/","title":{"rendered":"Vir\u0161utin\u0117 virtuv\u0117s spintel\u0117, 1 dur\u0173, G60 R\/K, \u201eLinea\u201c pilkai matin\u0117"},"content":{"rendered":"<p>Suteikite savo virtuvei modernaus elegancijos su matin\u0117s pilkos spalvos vienv\u0117re vir\u0161utine virtuv\u0117s spintele \u201eG60 Linea Grey\u201c. Jos rafinuotas dizainas kartu su minimalistiniu stiliumi suteikia bet kuriai virtuvei harmonijos ir ramyb\u0117s atmosfer\u0105. Subtilus pilkas priekin\u0117s dalies blizgesys kontrastuoja su matin\u0117s baltos spalvos korpusu, sukurdamas ry\u0161k\u0173 derin\u012f, kuris traukia ak\u012f ir suteikia interjerui unikalaus charakterio. \u0160i virtuv\u0117s spintel\u0117 yra ne tik esteti\u0161kai patraukli, bet ir funkcionali. D\u0117l gerai apgalvoto dizaino ji si\u016blo prakti\u0161kus sprendimus j\u016bs\u0173 virtuv\u0117s erdvei. Ji idealiai tinka laikyti visus b\u016btiniausius virtuv\u0117s reikmenis, garantuojant lengv\u0105 prieig\u0105 prie visko, ko jums reikia. Savaime u\u017esidarantys vyriai u\u017etikrina skland\u0173 ir tyl\u0173 dureli\u0173 u\u017edarym\u0105, u\u017etikrindami komfort\u0105. \u0160i\u0105 stiling\u0105 ir prakti\u0161k\u0105 spintel\u0119 lengva surinkti, tod\u0117l j\u0105 galima greitai ir be vargo integruoti \u012f bet koki\u0105 aplink\u0105. Savaiminis surinkimas leid\u017eia puikiai priderinti j\u0105 prie j\u016bs\u0173 virtuv\u0117s interjero, i\u0161laikant patvarum\u0105 ir stabilum\u0105. \u0160is sprendimas patenkins tiek modernaus interjero entuziastus, tiek tuos, kurie vertina klasikinius sprendimus.<\/p>","protected":false},"excerpt":{"rendered":"<p>Plotis (cm): 60<br \/>\n\u016agis (cm): 72<br \/>\nGylis (cm): 32<\/p>","protected":false},"featured_media":157913,"comment_status":"open","ping_status":"open","template":"","meta":[],"product_brand":[],"product_cat":[9446,4106],"product_tag":[],"class_list":{"0":"post-157912","1":"product","2":"type-product","3":"status-publish","4":"has-post-thumbnail","6":"product_cat-kitchen-system-linea-white","7":"product_cat-gala-meble","9":"first","10":"instock","11":"purchasable","12":"product-type-simple"},"_links":{"self":[{"href":"https:\/\/baldumarket.lt\/lt\/wp-json\/wp\/v2\/product\/157912","targetHints":{"allow":["GET"]}}],"collection":[{"href":"https:\/\/baldumarket.lt\/lt\/wp-json\/wp\/v2\/product"}],"about":[{"href":"https:\/\/baldumarket.lt\/lt\/wp-json\/wp\/v2\/types\/product"}],"replies":[{"embeddable":true,"href":"https:\/\/baldumarket.lt\/lt\/wp-json\/wp\/v2\/comments?post=157912"}],"wp:featuredmedia":[{"embeddable":true,"href":"https:\/\/baldumarket.lt\/lt\/wp-json\/wp\/v2\/media\/157913"}],"wp:attachment":[{"href":"https:\/\/baldumarket.lt\/lt\/wp-json\/wp\/v2\/media?parent=157912"}],"wp:term":[{"taxonomy":"product_brand","embeddable":true,"href":"https:\/\/baldumarket.lt\/lt\/wp-json\/wp\/v2\/product_brand?post=157912"},{"taxonomy":"product_cat","embeddable":true,"href":"https:\/\/baldumarket.lt\/lt\/wp-json\/wp\/v2\/product_cat?post=157912"},{"taxonomy":"product_tag","embeddable":true,"href":"https:\/\/baldumarket.lt\/lt\/wp-json\/wp\/v2\/product_tag?post=157912"}],"curies":[{"name":"wp","href":"https:\/\/api.w.org\/{rel}","templated":true}]}}