{"id":157907,"date":"2025-12-18T23:45:23","date_gmt":"2025-12-18T20:45:23","guid":{"rendered":"https:\/\/baldumarket.lt\/product\/szafka-kuchenna-gorna-1-drzwiowa-g60-p-l-linea-white-bialy-mat\/"},"modified":"2026-02-18T11:33:47","modified_gmt":"2026-02-18T08:33:47","slug":"szafka-kuchenna-gorna-1-drzwiowa-g60-p-l-linea-white-bialy-mat","status":"publish","type":"product","link":"https:\/\/baldumarket.lt\/lt\/product\/szafka-kuchenna-gorna-1-drzwiowa-g60-p-l-linea-white-bialy-mat\/","title":{"rendered":"Vir\u0161utin\u0117 virtuv\u0117s spintel\u0117, 1 dur\u0173, G60-P\/L, \u201eLinea White Matte White\u201c"},"content":{"rendered":"<p>Atskleiskite elegancij\u0105 ir modern\u0173 stili\u0173 savo virtuv\u0117je su \u201eGa\u0142a Meble\u201c vir\u0161utine virtuv\u0117s spintele \u201eLinea White G60-P\/L\u201c. \u0160i vienodos, matin\u0117s baltos spalvos spintel\u0117 \u017eavi minimalistiniu dizainu, skland\u017eiai deran\u010dia prie \u012fvairi\u0173 interjero dizain\u0173. Pasirinkdami \u0161i\u0105 spintel\u0119, pabr\u0117\u017eiate subtili\u0105 elegancij\u0105 ir harmonij\u0105 savo virtuv\u0117s erdv\u0117je. \u201eLinea White G60-P\/L\u201c derina funkcionalum\u0105 ir estetik\u0105. Matin\u0117s baltos spalvos MDF priekin\u0117 dalis yra ne tik stilinga, bet ir lengvai valoma. Tai u\u017etikrins, kad j\u016bs\u0173 virtuv\u0117 visada atrodyt\u0173 gaivi ir tvarkinga. \u017dvilgan\u010dios auksin\u0117s metalin\u0117s ranken\u0117l\u0117s suteikia jai unikal\u0173 charakter\u012f, suskaido grie\u017et\u0105 baltum\u0105 ir \u012fne\u0161a prabangos. \u0160ios spintel\u0117s funkcionalum\u0105 \u012fvertins visi, kurie vertina tvark\u0105. \u0160velnaus u\u017edarymo sistema u\u017etikrina patog\u0173 kasdien\u012f naudojim\u0105, panaikina trankan\u010di\u0173 dur\u0173 gars\u0105 ir suteikia eleganti\u0161k\u0105 apdail\u0105. Tai puikus sprendimas tiems, kurie vertina ramyb\u0119 ir tyl\u0105 virtuv\u0117je.<\/p>","protected":false},"excerpt":{"rendered":"<p>Plotis (cm): 60<br \/>\n\u016agis (cm): 72<br \/>\nGylis (cm): 32<\/p>","protected":false},"featured_media":157908,"comment_status":"open","ping_status":"open","template":"","meta":[],"product_brand":[],"product_cat":[9446,4106],"product_tag":[],"class_list":{"0":"post-157907","1":"product","2":"type-product","3":"status-publish","4":"has-post-thumbnail","6":"product_cat-kitchen-system-linea-white","7":"product_cat-gala-meble","9":"first","10":"instock","11":"purchasable","12":"product-type-simple"},"_links":{"self":[{"href":"https:\/\/baldumarket.lt\/lt\/wp-json\/wp\/v2\/product\/157907","targetHints":{"allow":["GET"]}}],"collection":[{"href":"https:\/\/baldumarket.lt\/lt\/wp-json\/wp\/v2\/product"}],"about":[{"href":"https:\/\/baldumarket.lt\/lt\/wp-json\/wp\/v2\/types\/product"}],"replies":[{"embeddable":true,"href":"https:\/\/baldumarket.lt\/lt\/wp-json\/wp\/v2\/comments?post=157907"}],"wp:featuredmedia":[{"embeddable":true,"href":"https:\/\/baldumarket.lt\/lt\/wp-json\/wp\/v2\/media\/157908"}],"wp:attachment":[{"href":"https:\/\/baldumarket.lt\/lt\/wp-json\/wp\/v2\/media?parent=157907"}],"wp:term":[{"taxonomy":"product_brand","embeddable":true,"href":"https:\/\/baldumarket.lt\/lt\/wp-json\/wp\/v2\/product_brand?post=157907"},{"taxonomy":"product_cat","embeddable":true,"href":"https:\/\/baldumarket.lt\/lt\/wp-json\/wp\/v2\/product_cat?post=157907"},{"taxonomy":"product_tag","embeddable":true,"href":"https:\/\/baldumarket.lt\/lt\/wp-json\/wp\/v2\/product_tag?post=157907"}],"curies":[{"name":"wp","href":"https:\/\/api.w.org\/{rel}","templated":true}]}}