{"id":157903,"date":"2025-12-18T23:45:16","date_gmt":"2025-12-18T20:45:16","guid":{"rendered":"https:\/\/baldumarket.lt\/product\/szafka-kuchenna-gorna-1-drzwiowa-g60g-p-l-langen-artisan\/"},"modified":"2026-02-18T11:24:54","modified_gmt":"2026-02-18T08:24:54","slug":"szafka-kuchenna-gorna-1-drzwiowa-g60g-p-l-langen-artisan","status":"publish","type":"product","link":"https:\/\/baldumarket.lt\/lt\/product\/szafka-kuchenna-gorna-1-drzwiowa-g60g-p-l-langen-artisan\/","title":{"rendered":"Vir\u0161utin\u0117 virtuv\u0117s spintel\u0117 1 dur\u0173 G60G P\/L Langen Artisan"},"content":{"rendered":"<p>\u201eLangen Artisan\u201c vien\u0173 dur\u0173 vir\u0161utin\u0117 virtuv\u0117s spintel\u0117 \u2013 tai tobulas estetikos ir funkcionalumo derinys, suteikiantis j\u016bs\u0173 virtuvei gaivumo ir elegancijos. Pagaminta i\u0161 pa\u017eeidimams atsparios laminuotos plok\u0161t\u0117s, ji pasi\u017eymi \u201eArtisan Oak\u201c apdaila, kuri spinduliuoja \u0161ilum\u0105 ir jaukum\u0105. Tai puikus sprendimas tiems, kurie ie\u0161ko harmoningos erdv\u0117s, alsuojan\u010dios nat\u016bralaus \u017eavesio.<\/p>\n<p>\u0160ios spintel\u0117s dizainas yra ne tik gra\u017eus, bet ir prakti\u0161kas. Klasikin\u0117s juodo metalo ranken\u0117l\u0117s suteikia bendrai i\u0161vaizdai modernaus stiliaus ir kontrasto, kartu u\u017etikrindamos patogum\u0105 kasdien naudojant. Tiems, kurie renkasi minimalistinius sprendimus, galima \u012fsigyti be ranken\u0117li\u0173 atidarom\u0105 spustel\u0117jus sistem\u0105. Nepriklausomai nuo j\u016bs\u0173 b\u016bsimo sprendimo, eleganti\u0161ka spintel\u0117s forma neabejotinai sustiprins j\u016bs\u0173 interjero charakter\u012f.<\/p>\n<p>Spintel\u0117s funkcionalumas buvo sukurtas atsi\u017evelgiant \u012f patogum\u0105 ir lengv\u0105 surinkim\u0105. Savaranki\u0161kas surinkimas rei\u0161kia, kad galite j\u0105 greitai pritaikyti savo poreikiams ir m\u0117gautis pasitenkinimu kurdami gra\u017e\u0173 ir funkcional\u0173 virtuv\u0117s element\u0105 patys. Erdvus vidus leid\u017eia prakti\u0161kai ir tvarkingai laikyti b\u016btiniausius virtuv\u0117s priedus.<\/p>\n<p>Stilingas \u201eLangen Artisan\u201c charakteris ir universalumas leid\u017eia jam der\u0117ti tiek prie modernaus, tiek prie klasikinio interjero. Jis puikiai dera su kitais baldais, sukurdamas darni\u0105 ir maloni\u0105 virtuv\u0117s erdv\u0119. Be to, neutrali ir eleganti\u0161ka spalva lengvai papildo \u012fvairias spalv\u0173 paletes, suteikdama nauj\u0105 dimensij\u0105 j\u016bs\u0173 virtuv\u0117s estetikai.<\/p>","protected":false},"excerpt":{"rendered":"<p>Plotis (cm): 60<br \/>\n\u016agis (cm): 72<br \/>\nGylis (cm): 45<\/p>","protected":false},"featured_media":157904,"comment_status":"open","ping_status":"open","template":"","meta":[],"product_brand":[],"product_cat":[9442,4106],"product_tag":[],"class_list":{"0":"post-157903","1":"product","2":"type-product","3":"status-publish","4":"has-post-thumbnail","6":"product_cat-kitchen-system-langen-dab-artisan","7":"product_cat-gala-meble","9":"first","10":"instock","11":"purchasable","12":"product-type-simple"},"_links":{"self":[{"href":"https:\/\/baldumarket.lt\/lt\/wp-json\/wp\/v2\/product\/157903","targetHints":{"allow":["GET"]}}],"collection":[{"href":"https:\/\/baldumarket.lt\/lt\/wp-json\/wp\/v2\/product"}],"about":[{"href":"https:\/\/baldumarket.lt\/lt\/wp-json\/wp\/v2\/types\/product"}],"replies":[{"embeddable":true,"href":"https:\/\/baldumarket.lt\/lt\/wp-json\/wp\/v2\/comments?post=157903"}],"wp:featuredmedia":[{"embeddable":true,"href":"https:\/\/baldumarket.lt\/lt\/wp-json\/wp\/v2\/media\/157904"}],"wp:attachment":[{"href":"https:\/\/baldumarket.lt\/lt\/wp-json\/wp\/v2\/media?parent=157903"}],"wp:term":[{"taxonomy":"product_brand","embeddable":true,"href":"https:\/\/baldumarket.lt\/lt\/wp-json\/wp\/v2\/product_brand?post=157903"},{"taxonomy":"product_cat","embeddable":true,"href":"https:\/\/baldumarket.lt\/lt\/wp-json\/wp\/v2\/product_cat?post=157903"},{"taxonomy":"product_tag","embeddable":true,"href":"https:\/\/baldumarket.lt\/lt\/wp-json\/wp\/v2\/product_tag?post=157903"}],"curies":[{"name":"wp","href":"https:\/\/api.w.org\/{rel}","templated":true}]}}