{"id":157898,"date":"2025-12-18T23:45:06","date_gmt":"2025-12-18T20:45:06","guid":{"rendered":"https:\/\/baldumarket.lt\/product\/szafka-kuchenna-gorna-1-drzwiowa-g60g-p-l-langen-beige\/"},"modified":"2026-02-18T11:24:54","modified_gmt":"2026-02-18T08:24:54","slug":"szafka-kuchenna-gorna-1-drzwiowa-g60g-p-l-langen-beige","status":"publish","type":"product","link":"https:\/\/baldumarket.lt\/lt\/product\/szafka-kuchenna-gorna-1-drzwiowa-g60g-p-l-langen-beige\/","title":{"rendered":"Vir\u0161utin\u0117 virtuv\u0117s spintel\u0117 1 dur\u0173 G60G P\/L Langen Beige"},"content":{"rendered":"<p>Pakelkite savo virtuv\u0119 \u012f auk\u0161tesn\u012f elegancijos lyg\u012f su \u201eGa\u0142a Meble\u201c G60G Langen Beige vir\u0161utine virtuv\u0117s spintele. Jos subtilus matinis sm\u0117lio spalvos priekis puikiai dera su \u201eArtisan Oak\u201c laminuotos plok\u0161t\u0117s korpusu. \u0160i spalv\u0173 harmonija sukuria jauki\u0105 ir \u0161ilt\u0105 atmosfer\u0105, neprarandant modernaus charakterio. \u0160i spintel\u0117 buvo sukurta siekiant ne tik estetinio patrauklumo, bet ir funkcionalumo, kurio trok\u0161ta kiekvieni nam\u0173 \u016bkiai. Erdvus dizainas leid\u017eia lengvai laikyti visus virtuv\u0117s reikmenis \u2013 nuo prieskoni\u0173 iki stiling\u0173 stalo \u012franki\u0173, i\u0161laikant tvark\u0105 ir organizuotum\u0105. 72 cm auk\u0161\u010dio ir 60 cm plo\u010dio ji randa savo viet\u0105 net ir ribotose erdv\u0117se. Tokios detal\u0117s kaip tvirta juoda metalin\u0117 rankena suteikia rafinuotumo ir kasdien\u012f spintel\u0117s naudojim\u0105 paver\u010dia tikru malonumu. Ji ne tik atrodo \u012fsp\u016bdingai, bet ir \u017eada ilgaam\u017ei\u0161kum\u0105, atspind\u0117dama tikslum\u0105 ir d\u0117mes\u012f detal\u0117ms, kuriais gars\u0117ja \u201eGa\u0142a Meble\u201c prek\u0117s \u017eenklas.<\/p>","protected":false},"excerpt":{"rendered":"<p>Plotis (cm): 60<br \/>\n\u016agis (cm): 72<br \/>\nGylis (cm): 45<\/p>","protected":false},"featured_media":157899,"comment_status":"open","ping_status":"open","template":"","meta":[],"product_brand":[],"product_cat":[9442,4106],"product_tag":[],"class_list":{"0":"post-157898","1":"product","2":"type-product","3":"status-publish","4":"has-post-thumbnail","6":"product_cat-kitchen-system-langen-dab-artisan","7":"product_cat-gala-meble","9":"first","10":"instock","11":"purchasable","12":"product-type-simple"},"_links":{"self":[{"href":"https:\/\/baldumarket.lt\/lt\/wp-json\/wp\/v2\/product\/157898","targetHints":{"allow":["GET"]}}],"collection":[{"href":"https:\/\/baldumarket.lt\/lt\/wp-json\/wp\/v2\/product"}],"about":[{"href":"https:\/\/baldumarket.lt\/lt\/wp-json\/wp\/v2\/types\/product"}],"replies":[{"embeddable":true,"href":"https:\/\/baldumarket.lt\/lt\/wp-json\/wp\/v2\/comments?post=157898"}],"wp:featuredmedia":[{"embeddable":true,"href":"https:\/\/baldumarket.lt\/lt\/wp-json\/wp\/v2\/media\/157899"}],"wp:attachment":[{"href":"https:\/\/baldumarket.lt\/lt\/wp-json\/wp\/v2\/media?parent=157898"}],"wp:term":[{"taxonomy":"product_brand","embeddable":true,"href":"https:\/\/baldumarket.lt\/lt\/wp-json\/wp\/v2\/product_brand?post=157898"},{"taxonomy":"product_cat","embeddable":true,"href":"https:\/\/baldumarket.lt\/lt\/wp-json\/wp\/v2\/product_cat?post=157898"},{"taxonomy":"product_tag","embeddable":true,"href":"https:\/\/baldumarket.lt\/lt\/wp-json\/wp\/v2\/product_tag?post=157898"}],"curies":[{"name":"wp","href":"https:\/\/api.w.org\/{rel}","templated":true}]}}